{"id":7616,"date":"2020-12-07T16:07:37","date_gmt":"2020-12-07T15:07:37","guid":{"rendered":"https:\/\/uibie.com\/?post_type=product&#038;p=7616"},"modified":"2022-12-22T15:03:55","modified_gmt":"2022-12-22T14:03:55","slug":"hydromel-moelleux","status":"publish","type":"product","link":"https:\/\/uibie.com\/index.php\/produit\/hydromel-moelleux\/","title":{"rendered":"Hydromel Moelleux"},"content":{"rendered":"<div><em><a href=\"https:\/\/www.normandiealaferme.com\/\">Adh\u00e9rant du r\u00e9seau \u00ab\u00a0Bienvenue \u00e0 la ferme\u00a0\u00bb<\/a><img loading=\"lazy\" decoding=\"async\" class=\"wp-image-7579 size-zerif-testimonial alignnone\" src=\"https:\/\/uibie.com\/wp-content\/uploads\/2020\/11\/bienvenue-a-la-ferme-Normandie-73x73.jpg\" alt=\"bienvenue \u00e0 la ferme\" width=\"73\" height=\"73\" srcset=\"https:\/\/uibie.com\/wp-content\/uploads\/2020\/11\/bienvenue-a-la-ferme-Normandie-73x73.jpg 73w, https:\/\/uibie.com\/wp-content\/uploads\/2020\/11\/bienvenue-a-la-ferme-Normandie-150x150.jpg 150w, https:\/\/uibie.com\/wp-content\/uploads\/2020\/11\/bienvenue-a-la-ferme-Normandie-50x50.jpg 50w, https:\/\/uibie.com\/wp-content\/uploads\/2020\/11\/bienvenue-a-la-ferme-Normandie-174x174.jpg 174w, https:\/\/uibie.com\/wp-content\/uploads\/2020\/11\/bienvenue-a-la-ferme-Normandie-165x165.jpg 165w, https:\/\/uibie.com\/wp-content\/uploads\/2020\/11\/bienvenue-a-la-ferme-Normandie.jpg 200w\" sizes=\"(max-width: 73px) 100vw, 73px\" \/><\/em><\/div>\n<div><em>L&rsquo;abus d&rsquo;alcool est dangereux pour la sant\u00e9.<\/em><br \/>\n<em>50cl \/ 24 euros le litre<\/em><\/div>\n<div>Ingr\u00e9dients : Miel de qualit\u00e9 extrait \u00e0 froid, eau, levure.<br \/>\nMiel r\u00e9colt\u00e9 par nos soins.<\/div>\n<div>D\u00e9signation l\u00e9gale : Hydromel<\/div>\n<div><img loading=\"lazy\" decoding=\"async\" class=\"aligncenter wp-image-7618 \" src=\"https:\/\/uibie.com\/wp-content\/uploads\/2020\/12\/Picto-grossesse-alcool_medium-150x150.jpg\" alt=\"\" width=\"72\" height=\"72\" srcset=\"https:\/\/uibie.com\/wp-content\/uploads\/2020\/12\/Picto-grossesse-alcool_medium-150x150.jpg 150w, https:\/\/uibie.com\/wp-content\/uploads\/2020\/12\/Picto-grossesse-alcool_medium-73x73.jpg 73w, https:\/\/uibie.com\/wp-content\/uploads\/2020\/12\/Picto-grossesse-alcool_medium-174x174.jpg 174w, https:\/\/uibie.com\/wp-content\/uploads\/2020\/12\/Picto-grossesse-alcool_medium-165x165.jpg 165w\" sizes=\"(max-width: 72px) 100vw, 72px\" \/><\/div>\n","protected":false},"excerpt":{"rendered":"<h3>Description :<\/h3>\n<p><strong>L&rsquo;Hydromel<\/strong> moelleux est une boisson alcoolis\u00e9e issue de la fermentation de miel. S\u2019accompagne \u00e0 l\u2019ap\u00e9ritif, au dessert ou avec le foie gras.<\/p>\n<p>Notre hydromel de Normandie est fabriqu\u00e9 \u00e0 partir du miel issu de notre r\u00e9colte.[spacer height=\"40px\"]<\/p>\n<p><img loading=\"lazy\" decoding=\"async\" class=\"size-full wp-image-7400 aligncenter\" src=\"https:\/\/uibie.com\/wp-content\/uploads\/2017\/05\/camioin-petit.png\" alt=\"livraison miel\" width=\"50\" height=\"50\" \/><\/p>\n<p style=\"text-align: center;\"><strong>Livraison offerte :<\/strong><br \/>\n<strong>d\u00e8s 45 euros d\u2019achat en point relais<\/strong><br \/>\n<strong>d\u00e8s 55 euros d\u2019achat \u00e0 domicile<\/strong><\/p>\n<p><img loading=\"lazy\" decoding=\"async\" class=\"aligncenter size-full wp-image-7400\" src=\"https:\/\/uibie.com\/wp-content\/uploads\/2017\/05\/camioin-petit.png\" alt=\"livraison miel\" width=\"50\" height=\"50\" \/><\/p>\n","protected":false},"featured_media":7685,"template":"","meta":[],"product_cat":[76],"product_tag":[],"class_list":["post-7616","product","type-product","status-publish","has-post-thumbnail","hentry","product_cat-cadeaux"],"wppr_data":{"cwp_meta_box_check":"No"},"yoast_head":"<!-- This site is optimized with the Yoast SEO plugin v24.0 - https:\/\/yoast.com\/wordpress\/plugins\/seo\/ -->\n<title>Hydromel Moelleux - Uibie<\/title>\n<meta name=\"description\" content=\"Hydromel moelleux ; boisson alcoolis\u00e9e issue de la fermentation de miel.S\u2019accompagne \u00e0 l\u2019ap\u00e9ritif, au dessert ou avec le foie gras.\" \/>\n<meta name=\"robots\" content=\"index, follow, max-snippet:-1, max-image-preview:large, max-video-preview:-1\" \/>\n<link rel=\"canonical\" href=\"https:\/\/uibie.com\/index.php\/produit\/hydromel-moelleux\/\" \/>\n<meta property=\"og:locale\" content=\"fr_FR\" \/>\n<meta property=\"og:type\" content=\"article\" \/>\n<meta property=\"og:title\" content=\"Hydromel Moelleux - Uibie\" \/>\n<meta property=\"og:description\" content=\"Hydromel moelleux ; boisson alcoolis\u00e9e issue de la fermentation de miel.S\u2019accompagne \u00e0 l\u2019ap\u00e9ritif, au dessert ou avec le foie gras.\" \/>\n<meta property=\"og:url\" content=\"https:\/\/uibie.com\/index.php\/produit\/hydromel-moelleux\/\" \/>\n<meta property=\"og:site_name\" content=\"Uibie\" \/>\n<meta property=\"article:publisher\" content=\"https:\/\/www.facebook.com\/uibieapiculture\/\" \/>\n<meta property=\"article:modified_time\" content=\"2022-12-22T14:03:55+00:00\" \/>\n<meta property=\"og:image\" content=\"https:\/\/uibie.com\/wp-content\/uploads\/2020\/12\/Uibie_Hydromel_01.jpg\" \/>\n\t<meta property=\"og:image:width\" content=\"1000\" \/>\n\t<meta property=\"og:image:height\" content=\"1000\" \/>\n\t<meta property=\"og:image:type\" content=\"image\/jpeg\" \/>\n<meta name=\"twitter:card\" content=\"summary_large_image\" \/>\n<meta name=\"twitter:label1\" content=\"Dur\u00e9e de lecture estim\u00e9e\" \/>\n\t<meta name=\"twitter:data1\" content=\"1 minute\" \/>\n<script type=\"application\/ld+json\" class=\"yoast-schema-graph\">{\"@context\":\"https:\/\/schema.org\",\"@graph\":[{\"@type\":\"WebPage\",\"@id\":\"https:\/\/uibie.com\/index.php\/produit\/hydromel-moelleux\/\",\"url\":\"https:\/\/uibie.com\/index.php\/produit\/hydromel-moelleux\/\",\"name\":\"Hydromel Moelleux - Uibie\",\"isPartOf\":{\"@id\":\"https:\/\/uibie.com\/#website\"},\"primaryImageOfPage\":{\"@id\":\"https:\/\/uibie.com\/index.php\/produit\/hydromel-moelleux\/#primaryimage\"},\"image\":{\"@id\":\"https:\/\/uibie.com\/index.php\/produit\/hydromel-moelleux\/#primaryimage\"},\"thumbnailUrl\":\"https:\/\/uibie.com\/wp-content\/uploads\/2020\/12\/Uibie_Hydromel_01.jpg\",\"datePublished\":\"2020-12-07T15:07:37+00:00\",\"dateModified\":\"2022-12-22T14:03:55+00:00\",\"description\":\"Hydromel moelleux ; boisson alcoolis\u00e9e issue de la fermentation de miel.S\u2019accompagne \u00e0 l\u2019ap\u00e9ritif, au dessert ou avec le foie gras.\",\"breadcrumb\":{\"@id\":\"https:\/\/uibie.com\/index.php\/produit\/hydromel-moelleux\/#breadcrumb\"},\"inLanguage\":\"fr-FR\",\"potentialAction\":[{\"@type\":\"ReadAction\",\"target\":[\"https:\/\/uibie.com\/index.php\/produit\/hydromel-moelleux\/\"]}]},{\"@type\":\"ImageObject\",\"inLanguage\":\"fr-FR\",\"@id\":\"https:\/\/uibie.com\/index.php\/produit\/hydromel-moelleux\/#primaryimage\",\"url\":\"https:\/\/uibie.com\/wp-content\/uploads\/2020\/12\/Uibie_Hydromel_01.jpg\",\"contentUrl\":\"https:\/\/uibie.com\/wp-content\/uploads\/2020\/12\/Uibie_Hydromel_01.jpg\",\"width\":1000,\"height\":1000,\"caption\":\"Hydromel moelleux\"},{\"@type\":\"BreadcrumbList\",\"@id\":\"https:\/\/uibie.com\/index.php\/produit\/hydromel-moelleux\/#breadcrumb\",\"itemListElement\":[{\"@type\":\"ListItem\",\"position\":1,\"name\":\"Accueil\",\"item\":\"https:\/\/uibie.com\/\"},{\"@type\":\"ListItem\",\"position\":2,\"name\":\"Produits\",\"item\":\"https:\/\/uibie.com\/index.php\/shop\/\"},{\"@type\":\"ListItem\",\"position\":3,\"name\":\"Hydromel Moelleux\"}]},{\"@type\":\"WebSite\",\"@id\":\"https:\/\/uibie.com\/#website\",\"url\":\"https:\/\/uibie.com\/\",\"name\":\"Uibie\",\"description\":\"L&#039;apiculture avec Jason Garitan\",\"publisher\":{\"@id\":\"https:\/\/uibie.com\/#organization\"},\"potentialAction\":[{\"@type\":\"SearchAction\",\"target\":{\"@type\":\"EntryPoint\",\"urlTemplate\":\"https:\/\/uibie.com\/?s={search_term_string}\"},\"query-input\":{\"@type\":\"PropertyValueSpecification\",\"valueRequired\":true,\"valueName\":\"search_term_string\"}}],\"inLanguage\":\"fr-FR\"},{\"@type\":\"Organization\",\"@id\":\"https:\/\/uibie.com\/#organization\",\"name\":\"Uibie : apiculture urbaine avec Jason Garitan\",\"url\":\"https:\/\/uibie.com\/\",\"logo\":{\"@type\":\"ImageObject\",\"inLanguage\":\"fr-FR\",\"@id\":\"https:\/\/uibie.com\/#\/schema\/logo\/image\/\",\"url\":\"https:\/\/uibie.com\/wp-content\/uploads\/2017\/07\/Uibie_FB_Pro1.png\",\"contentUrl\":\"https:\/\/uibie.com\/wp-content\/uploads\/2017\/07\/Uibie_FB_Pro1.png\",\"width\":400,\"height\":400,\"caption\":\"Uibie : apiculture urbaine avec Jason Garitan\"},\"image\":{\"@id\":\"https:\/\/uibie.com\/#\/schema\/logo\/image\/\"},\"sameAs\":[\"https:\/\/www.facebook.com\/uibieapiculture\/\",\"https:\/\/www.instagram.com\/uibieapiculture\/\",\"https:\/\/fr.linkedin.com\/in\/jason-garitan-94a23a135\"]}]}<\/script>\n<!-- \/ Yoast SEO plugin. -->","yoast_head_json":{"title":"Hydromel Moelleux - Uibie","description":"Hydromel moelleux ; boisson alcoolis\u00e9e issue de la fermentation de miel.S\u2019accompagne \u00e0 l\u2019ap\u00e9ritif, au dessert ou avec le foie gras.","robots":{"index":"index","follow":"follow","max-snippet":"max-snippet:-1","max-image-preview":"max-image-preview:large","max-video-preview":"max-video-preview:-1"},"canonical":"https:\/\/uibie.com\/index.php\/produit\/hydromel-moelleux\/","og_locale":"fr_FR","og_type":"article","og_title":"Hydromel Moelleux - Uibie","og_description":"Hydromel moelleux ; boisson alcoolis\u00e9e issue de la fermentation de miel.S\u2019accompagne \u00e0 l\u2019ap\u00e9ritif, au dessert ou avec le foie gras.","og_url":"https:\/\/uibie.com\/index.php\/produit\/hydromel-moelleux\/","og_site_name":"Uibie","article_publisher":"https:\/\/www.facebook.com\/uibieapiculture\/","article_modified_time":"2022-12-22T14:03:55+00:00","og_image":[{"width":1000,"height":1000,"url":"https:\/\/uibie.com\/wp-content\/uploads\/2020\/12\/Uibie_Hydromel_01.jpg","type":"image\/jpeg"}],"twitter_card":"summary_large_image","twitter_misc":{"Dur\u00e9e de lecture estim\u00e9e":"1 minute"},"schema":{"@context":"https:\/\/schema.org","@graph":[{"@type":"WebPage","@id":"https:\/\/uibie.com\/index.php\/produit\/hydromel-moelleux\/","url":"https:\/\/uibie.com\/index.php\/produit\/hydromel-moelleux\/","name":"Hydromel Moelleux - Uibie","isPartOf":{"@id":"https:\/\/uibie.com\/#website"},"primaryImageOfPage":{"@id":"https:\/\/uibie.com\/index.php\/produit\/hydromel-moelleux\/#primaryimage"},"image":{"@id":"https:\/\/uibie.com\/index.php\/produit\/hydromel-moelleux\/#primaryimage"},"thumbnailUrl":"https:\/\/uibie.com\/wp-content\/uploads\/2020\/12\/Uibie_Hydromel_01.jpg","datePublished":"2020-12-07T15:07:37+00:00","dateModified":"2022-12-22T14:03:55+00:00","description":"Hydromel moelleux ; boisson alcoolis\u00e9e issue de la fermentation de miel.S\u2019accompagne \u00e0 l\u2019ap\u00e9ritif, au dessert ou avec le foie gras.","breadcrumb":{"@id":"https:\/\/uibie.com\/index.php\/produit\/hydromel-moelleux\/#breadcrumb"},"inLanguage":"fr-FR","potentialAction":[{"@type":"ReadAction","target":["https:\/\/uibie.com\/index.php\/produit\/hydromel-moelleux\/"]}]},{"@type":"ImageObject","inLanguage":"fr-FR","@id":"https:\/\/uibie.com\/index.php\/produit\/hydromel-moelleux\/#primaryimage","url":"https:\/\/uibie.com\/wp-content\/uploads\/2020\/12\/Uibie_Hydromel_01.jpg","contentUrl":"https:\/\/uibie.com\/wp-content\/uploads\/2020\/12\/Uibie_Hydromel_01.jpg","width":1000,"height":1000,"caption":"Hydromel moelleux"},{"@type":"BreadcrumbList","@id":"https:\/\/uibie.com\/index.php\/produit\/hydromel-moelleux\/#breadcrumb","itemListElement":[{"@type":"ListItem","position":1,"name":"Accueil","item":"https:\/\/uibie.com\/"},{"@type":"ListItem","position":2,"name":"Produits","item":"https:\/\/uibie.com\/index.php\/shop\/"},{"@type":"ListItem","position":3,"name":"Hydromel Moelleux"}]},{"@type":"WebSite","@id":"https:\/\/uibie.com\/#website","url":"https:\/\/uibie.com\/","name":"Uibie","description":"L&#039;apiculture avec Jason Garitan","publisher":{"@id":"https:\/\/uibie.com\/#organization"},"potentialAction":[{"@type":"SearchAction","target":{"@type":"EntryPoint","urlTemplate":"https:\/\/uibie.com\/?s={search_term_string}"},"query-input":{"@type":"PropertyValueSpecification","valueRequired":true,"valueName":"search_term_string"}}],"inLanguage":"fr-FR"},{"@type":"Organization","@id":"https:\/\/uibie.com\/#organization","name":"Uibie : apiculture urbaine avec Jason Garitan","url":"https:\/\/uibie.com\/","logo":{"@type":"ImageObject","inLanguage":"fr-FR","@id":"https:\/\/uibie.com\/#\/schema\/logo\/image\/","url":"https:\/\/uibie.com\/wp-content\/uploads\/2017\/07\/Uibie_FB_Pro1.png","contentUrl":"https:\/\/uibie.com\/wp-content\/uploads\/2017\/07\/Uibie_FB_Pro1.png","width":400,"height":400,"caption":"Uibie : apiculture urbaine avec Jason Garitan"},"image":{"@id":"https:\/\/uibie.com\/#\/schema\/logo\/image\/"},"sameAs":["https:\/\/www.facebook.com\/uibieapiculture\/","https:\/\/www.instagram.com\/uibieapiculture\/","https:\/\/fr.linkedin.com\/in\/jason-garitan-94a23a135"]}]}},"jetpack_sharing_enabled":true,"_links":{"self":[{"href":"https:\/\/uibie.com\/index.php\/wp-json\/wp\/v2\/product\/7616"}],"collection":[{"href":"https:\/\/uibie.com\/index.php\/wp-json\/wp\/v2\/product"}],"about":[{"href":"https:\/\/uibie.com\/index.php\/wp-json\/wp\/v2\/types\/product"}],"wp:featuredmedia":[{"embeddable":true,"href":"https:\/\/uibie.com\/index.php\/wp-json\/wp\/v2\/media\/7685"}],"wp:attachment":[{"href":"https:\/\/uibie.com\/index.php\/wp-json\/wp\/v2\/media?parent=7616"}],"wp:term":[{"taxonomy":"product_cat","embeddable":true,"href":"https:\/\/uibie.com\/index.php\/wp-json\/wp\/v2\/product_cat?post=7616"},{"taxonomy":"product_tag","embeddable":true,"href":"https:\/\/uibie.com\/index.php\/wp-json\/wp\/v2\/product_tag?post=7616"}],"curies":[{"name":"wp","href":"https:\/\/api.w.org\/{rel}","templated":true}]}}