{"id":1978,"date":"2019-06-19T13:51:42","date_gmt":"2019-06-19T12:51:42","guid":{"rendered":"https:\/\/uibie.com\/?post_type=product&#038;p=1978"},"modified":"2022-12-22T15:05:01","modified_gmt":"2022-12-22T14:05:01","slug":"cire","status":"publish","type":"product","link":"https:\/\/uibie.com\/index.php\/produit\/cire\/","title":{"rendered":"Cire d&rsquo;abeille brute"},"content":{"rendered":"<p><em><strong>Poids net : 100 grammes (40 euros le kilo)<\/strong><\/em><\/p>\n<div class=\"woocommerce-product-details__short-description\">\n<p>Suivez la vie de nos abeilles sur notre page\u00a0<a href=\"https:\/\/www.facebook.com\/uibieapiculture\">facebook<\/a>\u00a0et<a href=\"https:\/\/www.instagram.com\/uibieapiculture\">\u00a0instagram<\/a><\/p>\n<p style=\"text-align: left;\"><em><a href=\"https:\/\/www.normandiealaferme.com\/\">Adh\u00e9rant du r\u00e9seau \u00ab\u00a0Bienvenue \u00e0 la ferme\u00a0\u00bb<\/a><img loading=\"lazy\" decoding=\"async\" class=\"wp-image-7579 size-zerif-testimonial alignnone\" src=\"https:\/\/uibie.com\/wp-content\/uploads\/2020\/11\/bienvenue-a-la-ferme-Normandie-73x73.jpg\" alt=\"bienvenue \u00e0 la ferme\" width=\"73\" height=\"73\" srcset=\"https:\/\/uibie.com\/wp-content\/uploads\/2020\/11\/bienvenue-a-la-ferme-Normandie-73x73.jpg 73w, https:\/\/uibie.com\/wp-content\/uploads\/2020\/11\/bienvenue-a-la-ferme-Normandie-150x150.jpg 150w, https:\/\/uibie.com\/wp-content\/uploads\/2020\/11\/bienvenue-a-la-ferme-Normandie-50x50.jpg 50w, https:\/\/uibie.com\/wp-content\/uploads\/2020\/11\/bienvenue-a-la-ferme-Normandie-174x174.jpg 174w, https:\/\/uibie.com\/wp-content\/uploads\/2020\/11\/bienvenue-a-la-ferme-Normandie-165x165.jpg 165w, https:\/\/uibie.com\/wp-content\/uploads\/2020\/11\/bienvenue-a-la-ferme-Normandie.jpg 200w\" sizes=\"(max-width: 73px) 100vw, 73px\" \/><\/em><\/p>\n<\/div>\n<h4>Cire d&rsquo;abeille brute<\/h4>\n<p>Passionn\u00e9s d\u2019apiculture, nos ruches sont plac\u00e9es en Normandie, dans un environnement favorable aux\u00a0<a href=\"https:\/\/fr.wikipedia.org\/wiki\/Abeille\">abeilles<\/a>. Cette cire d&rsquo;abeille brute est issue des opercules suite \u00e0 la r\u00e9colte de notre miel de Normandie.<\/p>\n","protected":false},"excerpt":{"rendered":"<h3>Description<\/h3>\n<p>Passionn\u00e9s d\u2019apiculture, nos ruches sont plac\u00e9es en Normandie, dans un environnement favorable aux\u00a0<a href=\"https:\/\/fr.wikipedia.org\/wiki\/Abeille\">abeilles<\/a>. Cette cire d&rsquo;abeille brute est issue des opercules suite \u00e0 la r\u00e9colte de notre miel de Normandie.<\/p>\n<p><img loading=\"lazy\" decoding=\"async\" class=\"size-full wp-image-7400 aligncenter\" src=\"https:\/\/uibie.com\/wp-content\/uploads\/2017\/05\/camioin-petit.png\" alt=\"livraison miel\" width=\"50\" height=\"50\" \/><\/p>\n<p style=\"text-align: center;\"><strong>Livraison offerte :<\/strong><br \/>\n<strong>d\u00e8s 45 euros d\u2019achat en point relais<\/strong><br \/>\n<strong>d\u00e8s 55 euros d\u2019achat \u00e0 domicile<\/strong><\/p>\n<p><img loading=\"lazy\" decoding=\"async\" class=\"aligncenter size-full wp-image-7400\" src=\"https:\/\/uibie.com\/wp-content\/uploads\/2017\/05\/camioin-petit.png\" alt=\"livraison miel\" width=\"50\" height=\"50\" \/><\/p>\n","protected":false},"featured_media":7686,"template":"","meta":[],"product_cat":[75,76],"product_tag":[],"class_list":["post-1978","product","type-product","status-publish","has-post-thumbnail","hentry","product_cat-bougie","product_cat-cadeaux"],"wppr_data":{"cwp_meta_box_check":"No"},"yoast_head":"<!-- This site is optimized with the Yoast SEO plugin v24.0 - https:\/\/yoast.com\/wordpress\/plugins\/seo\/ -->\n<title>Cire d&#039;abeille brute - Uibie - direct apiculteur - famille Garitan<\/title>\n<meta name=\"description\" content=\"Nos ruches sont plac\u00e9es en Normandie. Cette cire d&#039;abeille brute est issue des opercules suite \u00e0 la r\u00e9colte de notre miel de Normandie.\" \/>\n<meta name=\"robots\" content=\"index, follow, max-snippet:-1, max-image-preview:large, max-video-preview:-1\" \/>\n<link rel=\"canonical\" href=\"https:\/\/uibie.com\/index.php\/produit\/cire\/\" \/>\n<meta property=\"og:locale\" content=\"fr_FR\" \/>\n<meta property=\"og:type\" content=\"article\" \/>\n<meta property=\"og:title\" content=\"Cire d&#039;abeille brute - Uibie - direct apiculteur - famille Garitan\" \/>\n<meta property=\"og:description\" content=\"Nos ruches sont plac\u00e9es en Normandie. Cette cire d&#039;abeille brute est issue des opercules suite \u00e0 la r\u00e9colte de notre miel de Normandie.\" \/>\n<meta property=\"og:url\" content=\"https:\/\/uibie.com\/index.php\/produit\/cire\/\" \/>\n<meta property=\"og:site_name\" content=\"Uibie\" \/>\n<meta property=\"article:publisher\" content=\"https:\/\/www.facebook.com\/uibieapiculture\/\" \/>\n<meta property=\"article:modified_time\" content=\"2022-12-22T14:05:01+00:00\" \/>\n<meta property=\"og:image\" content=\"https:\/\/uibie.com\/wp-content\/uploads\/2019\/06\/Uibie_Cire_03.jpg\" \/>\n\t<meta property=\"og:image:width\" content=\"1000\" \/>\n\t<meta property=\"og:image:height\" content=\"1000\" \/>\n\t<meta property=\"og:image:type\" content=\"image\/jpeg\" \/>\n<meta name=\"twitter:card\" content=\"summary_large_image\" \/>\n<meta name=\"twitter:label1\" content=\"Dur\u00e9e de lecture estim\u00e9e\" \/>\n\t<meta name=\"twitter:data1\" content=\"1 minute\" \/>\n<script type=\"application\/ld+json\" class=\"yoast-schema-graph\">{\"@context\":\"https:\/\/schema.org\",\"@graph\":[{\"@type\":\"WebPage\",\"@id\":\"https:\/\/uibie.com\/index.php\/produit\/cire\/\",\"url\":\"https:\/\/uibie.com\/index.php\/produit\/cire\/\",\"name\":\"Cire d'abeille brute - Uibie - direct apiculteur - famille Garitan\",\"isPartOf\":{\"@id\":\"https:\/\/uibie.com\/#website\"},\"primaryImageOfPage\":{\"@id\":\"https:\/\/uibie.com\/index.php\/produit\/cire\/#primaryimage\"},\"image\":{\"@id\":\"https:\/\/uibie.com\/index.php\/produit\/cire\/#primaryimage\"},\"thumbnailUrl\":\"https:\/\/uibie.com\/wp-content\/uploads\/2019\/06\/Uibie_Cire_03.jpg\",\"datePublished\":\"2019-06-19T12:51:42+00:00\",\"dateModified\":\"2022-12-22T14:05:01+00:00\",\"description\":\"Nos ruches sont plac\u00e9es en Normandie. Cette cire d'abeille brute est issue des opercules suite \u00e0 la r\u00e9colte de notre miel de Normandie.\",\"breadcrumb\":{\"@id\":\"https:\/\/uibie.com\/index.php\/produit\/cire\/#breadcrumb\"},\"inLanguage\":\"fr-FR\",\"potentialAction\":[{\"@type\":\"ReadAction\",\"target\":[\"https:\/\/uibie.com\/index.php\/produit\/cire\/\"]}]},{\"@type\":\"ImageObject\",\"inLanguage\":\"fr-FR\",\"@id\":\"https:\/\/uibie.com\/index.php\/produit\/cire\/#primaryimage\",\"url\":\"https:\/\/uibie.com\/wp-content\/uploads\/2019\/06\/Uibie_Cire_03.jpg\",\"contentUrl\":\"https:\/\/uibie.com\/wp-content\/uploads\/2019\/06\/Uibie_Cire_03.jpg\",\"width\":1000,\"height\":1000,\"caption\":\"cire d'abeille brute\"},{\"@type\":\"BreadcrumbList\",\"@id\":\"https:\/\/uibie.com\/index.php\/produit\/cire\/#breadcrumb\",\"itemListElement\":[{\"@type\":\"ListItem\",\"position\":1,\"name\":\"Accueil\",\"item\":\"https:\/\/uibie.com\/\"},{\"@type\":\"ListItem\",\"position\":2,\"name\":\"Produits\",\"item\":\"https:\/\/uibie.com\/index.php\/shop\/\"},{\"@type\":\"ListItem\",\"position\":3,\"name\":\"Cire d&#8217;abeille brute\"}]},{\"@type\":\"WebSite\",\"@id\":\"https:\/\/uibie.com\/#website\",\"url\":\"https:\/\/uibie.com\/\",\"name\":\"Uibie\",\"description\":\"L&#039;apiculture avec Jason Garitan\",\"publisher\":{\"@id\":\"https:\/\/uibie.com\/#organization\"},\"potentialAction\":[{\"@type\":\"SearchAction\",\"target\":{\"@type\":\"EntryPoint\",\"urlTemplate\":\"https:\/\/uibie.com\/?s={search_term_string}\"},\"query-input\":{\"@type\":\"PropertyValueSpecification\",\"valueRequired\":true,\"valueName\":\"search_term_string\"}}],\"inLanguage\":\"fr-FR\"},{\"@type\":\"Organization\",\"@id\":\"https:\/\/uibie.com\/#organization\",\"name\":\"Uibie : apiculture urbaine avec Jason Garitan\",\"url\":\"https:\/\/uibie.com\/\",\"logo\":{\"@type\":\"ImageObject\",\"inLanguage\":\"fr-FR\",\"@id\":\"https:\/\/uibie.com\/#\/schema\/logo\/image\/\",\"url\":\"https:\/\/uibie.com\/wp-content\/uploads\/2017\/07\/Uibie_FB_Pro1.png\",\"contentUrl\":\"https:\/\/uibie.com\/wp-content\/uploads\/2017\/07\/Uibie_FB_Pro1.png\",\"width\":400,\"height\":400,\"caption\":\"Uibie : apiculture urbaine avec Jason Garitan\"},\"image\":{\"@id\":\"https:\/\/uibie.com\/#\/schema\/logo\/image\/\"},\"sameAs\":[\"https:\/\/www.facebook.com\/uibieapiculture\/\",\"https:\/\/www.instagram.com\/uibieapiculture\/\",\"https:\/\/fr.linkedin.com\/in\/jason-garitan-94a23a135\"]}]}<\/script>\n<!-- \/ Yoast SEO plugin. -->","yoast_head_json":{"title":"Cire d'abeille brute - Uibie - direct apiculteur - famille Garitan","description":"Nos ruches sont plac\u00e9es en Normandie. Cette cire d'abeille brute est issue des opercules suite \u00e0 la r\u00e9colte de notre miel de Normandie.","robots":{"index":"index","follow":"follow","max-snippet":"max-snippet:-1","max-image-preview":"max-image-preview:large","max-video-preview":"max-video-preview:-1"},"canonical":"https:\/\/uibie.com\/index.php\/produit\/cire\/","og_locale":"fr_FR","og_type":"article","og_title":"Cire d'abeille brute - Uibie - direct apiculteur - famille Garitan","og_description":"Nos ruches sont plac\u00e9es en Normandie. Cette cire d'abeille brute est issue des opercules suite \u00e0 la r\u00e9colte de notre miel de Normandie.","og_url":"https:\/\/uibie.com\/index.php\/produit\/cire\/","og_site_name":"Uibie","article_publisher":"https:\/\/www.facebook.com\/uibieapiculture\/","article_modified_time":"2022-12-22T14:05:01+00:00","og_image":[{"width":1000,"height":1000,"url":"https:\/\/uibie.com\/wp-content\/uploads\/2019\/06\/Uibie_Cire_03.jpg","type":"image\/jpeg"}],"twitter_card":"summary_large_image","twitter_misc":{"Dur\u00e9e de lecture estim\u00e9e":"1 minute"},"schema":{"@context":"https:\/\/schema.org","@graph":[{"@type":"WebPage","@id":"https:\/\/uibie.com\/index.php\/produit\/cire\/","url":"https:\/\/uibie.com\/index.php\/produit\/cire\/","name":"Cire d'abeille brute - Uibie - direct apiculteur - famille Garitan","isPartOf":{"@id":"https:\/\/uibie.com\/#website"},"primaryImageOfPage":{"@id":"https:\/\/uibie.com\/index.php\/produit\/cire\/#primaryimage"},"image":{"@id":"https:\/\/uibie.com\/index.php\/produit\/cire\/#primaryimage"},"thumbnailUrl":"https:\/\/uibie.com\/wp-content\/uploads\/2019\/06\/Uibie_Cire_03.jpg","datePublished":"2019-06-19T12:51:42+00:00","dateModified":"2022-12-22T14:05:01+00:00","description":"Nos ruches sont plac\u00e9es en Normandie. Cette cire d'abeille brute est issue des opercules suite \u00e0 la r\u00e9colte de notre miel de Normandie.","breadcrumb":{"@id":"https:\/\/uibie.com\/index.php\/produit\/cire\/#breadcrumb"},"inLanguage":"fr-FR","potentialAction":[{"@type":"ReadAction","target":["https:\/\/uibie.com\/index.php\/produit\/cire\/"]}]},{"@type":"ImageObject","inLanguage":"fr-FR","@id":"https:\/\/uibie.com\/index.php\/produit\/cire\/#primaryimage","url":"https:\/\/uibie.com\/wp-content\/uploads\/2019\/06\/Uibie_Cire_03.jpg","contentUrl":"https:\/\/uibie.com\/wp-content\/uploads\/2019\/06\/Uibie_Cire_03.jpg","width":1000,"height":1000,"caption":"cire d'abeille brute"},{"@type":"BreadcrumbList","@id":"https:\/\/uibie.com\/index.php\/produit\/cire\/#breadcrumb","itemListElement":[{"@type":"ListItem","position":1,"name":"Accueil","item":"https:\/\/uibie.com\/"},{"@type":"ListItem","position":2,"name":"Produits","item":"https:\/\/uibie.com\/index.php\/shop\/"},{"@type":"ListItem","position":3,"name":"Cire d&#8217;abeille brute"}]},{"@type":"WebSite","@id":"https:\/\/uibie.com\/#website","url":"https:\/\/uibie.com\/","name":"Uibie","description":"L&#039;apiculture avec Jason Garitan","publisher":{"@id":"https:\/\/uibie.com\/#organization"},"potentialAction":[{"@type":"SearchAction","target":{"@type":"EntryPoint","urlTemplate":"https:\/\/uibie.com\/?s={search_term_string}"},"query-input":{"@type":"PropertyValueSpecification","valueRequired":true,"valueName":"search_term_string"}}],"inLanguage":"fr-FR"},{"@type":"Organization","@id":"https:\/\/uibie.com\/#organization","name":"Uibie : apiculture urbaine avec Jason Garitan","url":"https:\/\/uibie.com\/","logo":{"@type":"ImageObject","inLanguage":"fr-FR","@id":"https:\/\/uibie.com\/#\/schema\/logo\/image\/","url":"https:\/\/uibie.com\/wp-content\/uploads\/2017\/07\/Uibie_FB_Pro1.png","contentUrl":"https:\/\/uibie.com\/wp-content\/uploads\/2017\/07\/Uibie_FB_Pro1.png","width":400,"height":400,"caption":"Uibie : apiculture urbaine avec Jason Garitan"},"image":{"@id":"https:\/\/uibie.com\/#\/schema\/logo\/image\/"},"sameAs":["https:\/\/www.facebook.com\/uibieapiculture\/","https:\/\/www.instagram.com\/uibieapiculture\/","https:\/\/fr.linkedin.com\/in\/jason-garitan-94a23a135"]}]}},"jetpack_sharing_enabled":true,"_links":{"self":[{"href":"https:\/\/uibie.com\/index.php\/wp-json\/wp\/v2\/product\/1978"}],"collection":[{"href":"https:\/\/uibie.com\/index.php\/wp-json\/wp\/v2\/product"}],"about":[{"href":"https:\/\/uibie.com\/index.php\/wp-json\/wp\/v2\/types\/product"}],"wp:featuredmedia":[{"embeddable":true,"href":"https:\/\/uibie.com\/index.php\/wp-json\/wp\/v2\/media\/7686"}],"wp:attachment":[{"href":"https:\/\/uibie.com\/index.php\/wp-json\/wp\/v2\/media?parent=1978"}],"wp:term":[{"taxonomy":"product_cat","embeddable":true,"href":"https:\/\/uibie.com\/index.php\/wp-json\/wp\/v2\/product_cat?post=1978"},{"taxonomy":"product_tag","embeddable":true,"href":"https:\/\/uibie.com\/index.php\/wp-json\/wp\/v2\/product_tag?post=1978"}],"curies":[{"name":"wp","href":"https:\/\/api.w.org\/{rel}","templated":true}]}}