{"id":1795,"date":"2019-01-10T15:50:27","date_gmt":"2019-01-10T14:50:27","guid":{"rendered":"https:\/\/uibie.com\/?post_type=product&#038;p=1795"},"modified":"2024-12-03T13:34:20","modified_gmt":"2024-12-03T12:34:20","slug":"nougat-aux-amandes-miel-de-normandie","status":"publish","type":"product","link":"https:\/\/uibie.com\/index.php\/produit\/nougat-aux-amandes-miel-de-normandie\/","title":{"rendered":"Nougat"},"content":{"rendered":"<p style=\"text-align: left;\"><em><a href=\"https:\/\/www.normandiealaferme.com\/\">Adh\u00e9rant du r\u00e9seau \u00ab\u00a0Bienvenue \u00e0 la ferme\u00a0\u00bb<\/a><img loading=\"lazy\" decoding=\"async\" class=\"wp-image-7579 size-zerif-testimonial alignnone\" src=\"https:\/\/uibie.com\/wp-content\/uploads\/2020\/11\/bienvenue-a-la-ferme-Normandie-73x73.jpg\" alt=\"bienvenue \u00e0 la ferme\" width=\"73\" height=\"73\" srcset=\"https:\/\/uibie.com\/wp-content\/uploads\/2020\/11\/bienvenue-a-la-ferme-Normandie-73x73.jpg 73w, https:\/\/uibie.com\/wp-content\/uploads\/2020\/11\/bienvenue-a-la-ferme-Normandie-150x150.jpg 150w, https:\/\/uibie.com\/wp-content\/uploads\/2020\/11\/bienvenue-a-la-ferme-Normandie-50x50.jpg 50w, https:\/\/uibie.com\/wp-content\/uploads\/2020\/11\/bienvenue-a-la-ferme-Normandie-174x174.jpg 174w, https:\/\/uibie.com\/wp-content\/uploads\/2020\/11\/bienvenue-a-la-ferme-Normandie-165x165.jpg 165w, https:\/\/uibie.com\/wp-content\/uploads\/2020\/11\/bienvenue-a-la-ferme-Normandie.jpg 200w\" sizes=\"(max-width: 73px) 100vw, 73px\" \/><\/em><\/p>\n<p><em>Ingr\u00e9dients nougat amandes : sucre, miel de Normandie 27%, <strong>amandes<\/strong> 17%, sirop de glucose, blancs d&rsquo;\u0153ufs, papier azyme.<\/em><\/p>\n<p><em>Poids net nougat amandes : 70 grammes soit 50 euros le kilo<\/em><\/p>\n<p>Ingr\u00e9dient nougat aux amandes et au chocolat : <em> sucre, miel de Normandie 27%, <strong>amandes<\/strong>, chocolat 8%, sirop de glucose, <strong>noisettes<\/strong>, blancs d&rsquo;\u0153ufs, papier azyme.<\/em><\/p>\n<p><em>Poids net nougat amandes et au chocolat: 70 grammes soit 52,85 euros le kilo<\/em><\/p>\n","protected":false},"excerpt":{"rendered":"<h3>Description<\/h3>\n<p>Ce nougat blanc aux amandes est un tr\u00e8s grand classique des confiseries. Fabriqu\u00e9 artisanalement, il se constitue d&rsquo;un m\u00e9lange de miel, sucre, blancs d&rsquo;\u0153ufs mont\u00e9s en neige. Le Nougat est l&rsquo;un des treize desserts traditionnels de No\u00ebl, mais qui se savoure tout au long de l&rsquo;ann\u00e9e.<\/p>\n<p><img loading=\"lazy\" decoding=\"async\" class=\"size-full wp-image-7400 aligncenter\" src=\"https:\/\/uibie.com\/wp-content\/uploads\/2017\/05\/camioin-petit.png\" alt=\"livraison miel\" width=\"50\" height=\"50\" \/><\/p>\n<p style=\"text-align: center;\"><strong>Livraison offerte :<\/strong><br \/>\n<strong>d\u00e8s 45 euros d\u2019achat en point relais<\/strong><br \/>\n<strong>d\u00e8s 55 euros d\u2019achat \u00e0 domicile<\/strong><\/p>\n<p><img loading=\"lazy\" decoding=\"async\" class=\"aligncenter size-full wp-image-7400\" src=\"https:\/\/uibie.com\/wp-content\/uploads\/2017\/05\/camioin-petit.png\" alt=\"livraison miel\" width=\"50\" height=\"50\" \/><\/p>\n","protected":false},"featured_media":7703,"template":"","meta":[],"product_cat":[76],"product_tag":[],"class_list":["post-1795","product","type-product","status-publish","has-post-thumbnail","hentry","product_cat-cadeaux"],"wppr_data":{"cwp_meta_box_check":"No"},"yoast_head":"<!-- This site is optimized with the Yoast SEO plugin v24.0 - https:\/\/yoast.com\/wordpress\/plugins\/seo\/ -->\n<title>Nougat au miel de Normandie issu de notre r\u00e9colte<\/title>\n<meta name=\"description\" content=\"Nos nougats sont produits artisanalement avec du miel de Normandie. Vous avez le choix entre un nougat aux amandes et un nougat au chocolat\" \/>\n<meta name=\"robots\" content=\"index, follow, max-snippet:-1, max-image-preview:large, max-video-preview:-1\" \/>\n<link rel=\"canonical\" href=\"https:\/\/uibie.com\/index.php\/produit\/nougat-aux-amandes-miel-de-normandie\/\" \/>\n<meta property=\"og:locale\" content=\"fr_FR\" \/>\n<meta property=\"og:type\" content=\"article\" \/>\n<meta property=\"og:title\" content=\"Nougat au miel de Normandie issu de notre r\u00e9colte\" \/>\n<meta property=\"og:description\" content=\"Nos nougats sont produits artisanalement avec du miel de Normandie. Vous avez le choix entre un nougat aux amandes et un nougat au chocolat\" \/>\n<meta property=\"og:url\" content=\"https:\/\/uibie.com\/index.php\/produit\/nougat-aux-amandes-miel-de-normandie\/\" \/>\n<meta property=\"og:site_name\" content=\"Uibie\" \/>\n<meta property=\"article:publisher\" content=\"https:\/\/www.facebook.com\/uibieapiculture\/\" \/>\n<meta property=\"article:modified_time\" content=\"2024-12-03T12:34:20+00:00\" \/>\n<meta property=\"og:image\" content=\"https:\/\/uibie.com\/wp-content\/uploads\/2019\/01\/Uibie_Nougat_amande_02.jpg\" \/>\n\t<meta property=\"og:image:width\" content=\"1000\" \/>\n\t<meta property=\"og:image:height\" content=\"1000\" \/>\n\t<meta property=\"og:image:type\" content=\"image\/jpeg\" \/>\n<meta name=\"twitter:card\" content=\"summary_large_image\" \/>\n<meta name=\"twitter:label1\" content=\"Dur\u00e9e de lecture estim\u00e9e\" \/>\n\t<meta name=\"twitter:data1\" content=\"1 minute\" \/>\n<script type=\"application\/ld+json\" class=\"yoast-schema-graph\">{\"@context\":\"https:\/\/schema.org\",\"@graph\":[{\"@type\":\"WebPage\",\"@id\":\"https:\/\/uibie.com\/index.php\/produit\/nougat-aux-amandes-miel-de-normandie\/\",\"url\":\"https:\/\/uibie.com\/index.php\/produit\/nougat-aux-amandes-miel-de-normandie\/\",\"name\":\"Nougat au miel de Normandie issu de notre r\u00e9colte\",\"isPartOf\":{\"@id\":\"https:\/\/uibie.com\/#website\"},\"primaryImageOfPage\":{\"@id\":\"https:\/\/uibie.com\/index.php\/produit\/nougat-aux-amandes-miel-de-normandie\/#primaryimage\"},\"image\":{\"@id\":\"https:\/\/uibie.com\/index.php\/produit\/nougat-aux-amandes-miel-de-normandie\/#primaryimage\"},\"thumbnailUrl\":\"https:\/\/uibie.com\/wp-content\/uploads\/2019\/01\/Uibie_Nougat_amande_02.jpg\",\"datePublished\":\"2019-01-10T14:50:27+00:00\",\"dateModified\":\"2024-12-03T12:34:20+00:00\",\"description\":\"Nos nougats sont produits artisanalement avec du miel de Normandie. Vous avez le choix entre un nougat aux amandes et un nougat au chocolat\",\"breadcrumb\":{\"@id\":\"https:\/\/uibie.com\/index.php\/produit\/nougat-aux-amandes-miel-de-normandie\/#breadcrumb\"},\"inLanguage\":\"fr-FR\",\"potentialAction\":[{\"@type\":\"ReadAction\",\"target\":[\"https:\/\/uibie.com\/index.php\/produit\/nougat-aux-amandes-miel-de-normandie\/\"]}]},{\"@type\":\"ImageObject\",\"inLanguage\":\"fr-FR\",\"@id\":\"https:\/\/uibie.com\/index.php\/produit\/nougat-aux-amandes-miel-de-normandie\/#primaryimage\",\"url\":\"https:\/\/uibie.com\/wp-content\/uploads\/2019\/01\/Uibie_Nougat_amande_02.jpg\",\"contentUrl\":\"https:\/\/uibie.com\/wp-content\/uploads\/2019\/01\/Uibie_Nougat_amande_02.jpg\",\"width\":1000,\"height\":1000,\"caption\":\"Nougat Uibie\"},{\"@type\":\"BreadcrumbList\",\"@id\":\"https:\/\/uibie.com\/index.php\/produit\/nougat-aux-amandes-miel-de-normandie\/#breadcrumb\",\"itemListElement\":[{\"@type\":\"ListItem\",\"position\":1,\"name\":\"Accueil\",\"item\":\"https:\/\/uibie.com\/\"},{\"@type\":\"ListItem\",\"position\":2,\"name\":\"Produits\",\"item\":\"https:\/\/uibie.com\/index.php\/shop\/\"},{\"@type\":\"ListItem\",\"position\":3,\"name\":\"Nougat\"}]},{\"@type\":\"WebSite\",\"@id\":\"https:\/\/uibie.com\/#website\",\"url\":\"https:\/\/uibie.com\/\",\"name\":\"Uibie\",\"description\":\"L&#039;apiculture avec Jason Garitan\",\"publisher\":{\"@id\":\"https:\/\/uibie.com\/#organization\"},\"potentialAction\":[{\"@type\":\"SearchAction\",\"target\":{\"@type\":\"EntryPoint\",\"urlTemplate\":\"https:\/\/uibie.com\/?s={search_term_string}\"},\"query-input\":{\"@type\":\"PropertyValueSpecification\",\"valueRequired\":true,\"valueName\":\"search_term_string\"}}],\"inLanguage\":\"fr-FR\"},{\"@type\":\"Organization\",\"@id\":\"https:\/\/uibie.com\/#organization\",\"name\":\"Uibie : apiculture urbaine avec Jason Garitan\",\"url\":\"https:\/\/uibie.com\/\",\"logo\":{\"@type\":\"ImageObject\",\"inLanguage\":\"fr-FR\",\"@id\":\"https:\/\/uibie.com\/#\/schema\/logo\/image\/\",\"url\":\"https:\/\/uibie.com\/wp-content\/uploads\/2017\/07\/Uibie_FB_Pro1.png\",\"contentUrl\":\"https:\/\/uibie.com\/wp-content\/uploads\/2017\/07\/Uibie_FB_Pro1.png\",\"width\":400,\"height\":400,\"caption\":\"Uibie : apiculture urbaine avec Jason Garitan\"},\"image\":{\"@id\":\"https:\/\/uibie.com\/#\/schema\/logo\/image\/\"},\"sameAs\":[\"https:\/\/www.facebook.com\/uibieapiculture\/\",\"https:\/\/www.instagram.com\/uibieapiculture\/\",\"https:\/\/fr.linkedin.com\/in\/jason-garitan-94a23a135\"]}]}<\/script>\n<!-- \/ Yoast SEO plugin. -->","yoast_head_json":{"title":"Nougat au miel de Normandie issu de notre r\u00e9colte","description":"Nos nougats sont produits artisanalement avec du miel de Normandie. Vous avez le choix entre un nougat aux amandes et un nougat au chocolat","robots":{"index":"index","follow":"follow","max-snippet":"max-snippet:-1","max-image-preview":"max-image-preview:large","max-video-preview":"max-video-preview:-1"},"canonical":"https:\/\/uibie.com\/index.php\/produit\/nougat-aux-amandes-miel-de-normandie\/","og_locale":"fr_FR","og_type":"article","og_title":"Nougat au miel de Normandie issu de notre r\u00e9colte","og_description":"Nos nougats sont produits artisanalement avec du miel de Normandie. Vous avez le choix entre un nougat aux amandes et un nougat au chocolat","og_url":"https:\/\/uibie.com\/index.php\/produit\/nougat-aux-amandes-miel-de-normandie\/","og_site_name":"Uibie","article_publisher":"https:\/\/www.facebook.com\/uibieapiculture\/","article_modified_time":"2024-12-03T12:34:20+00:00","og_image":[{"width":1000,"height":1000,"url":"https:\/\/uibie.com\/wp-content\/uploads\/2019\/01\/Uibie_Nougat_amande_02.jpg","type":"image\/jpeg"}],"twitter_card":"summary_large_image","twitter_misc":{"Dur\u00e9e de lecture estim\u00e9e":"1 minute"},"schema":{"@context":"https:\/\/schema.org","@graph":[{"@type":"WebPage","@id":"https:\/\/uibie.com\/index.php\/produit\/nougat-aux-amandes-miel-de-normandie\/","url":"https:\/\/uibie.com\/index.php\/produit\/nougat-aux-amandes-miel-de-normandie\/","name":"Nougat au miel de Normandie issu de notre r\u00e9colte","isPartOf":{"@id":"https:\/\/uibie.com\/#website"},"primaryImageOfPage":{"@id":"https:\/\/uibie.com\/index.php\/produit\/nougat-aux-amandes-miel-de-normandie\/#primaryimage"},"image":{"@id":"https:\/\/uibie.com\/index.php\/produit\/nougat-aux-amandes-miel-de-normandie\/#primaryimage"},"thumbnailUrl":"https:\/\/uibie.com\/wp-content\/uploads\/2019\/01\/Uibie_Nougat_amande_02.jpg","datePublished":"2019-01-10T14:50:27+00:00","dateModified":"2024-12-03T12:34:20+00:00","description":"Nos nougats sont produits artisanalement avec du miel de Normandie. Vous avez le choix entre un nougat aux amandes et un nougat au chocolat","breadcrumb":{"@id":"https:\/\/uibie.com\/index.php\/produit\/nougat-aux-amandes-miel-de-normandie\/#breadcrumb"},"inLanguage":"fr-FR","potentialAction":[{"@type":"ReadAction","target":["https:\/\/uibie.com\/index.php\/produit\/nougat-aux-amandes-miel-de-normandie\/"]}]},{"@type":"ImageObject","inLanguage":"fr-FR","@id":"https:\/\/uibie.com\/index.php\/produit\/nougat-aux-amandes-miel-de-normandie\/#primaryimage","url":"https:\/\/uibie.com\/wp-content\/uploads\/2019\/01\/Uibie_Nougat_amande_02.jpg","contentUrl":"https:\/\/uibie.com\/wp-content\/uploads\/2019\/01\/Uibie_Nougat_amande_02.jpg","width":1000,"height":1000,"caption":"Nougat Uibie"},{"@type":"BreadcrumbList","@id":"https:\/\/uibie.com\/index.php\/produit\/nougat-aux-amandes-miel-de-normandie\/#breadcrumb","itemListElement":[{"@type":"ListItem","position":1,"name":"Accueil","item":"https:\/\/uibie.com\/"},{"@type":"ListItem","position":2,"name":"Produits","item":"https:\/\/uibie.com\/index.php\/shop\/"},{"@type":"ListItem","position":3,"name":"Nougat"}]},{"@type":"WebSite","@id":"https:\/\/uibie.com\/#website","url":"https:\/\/uibie.com\/","name":"Uibie","description":"L&#039;apiculture avec Jason Garitan","publisher":{"@id":"https:\/\/uibie.com\/#organization"},"potentialAction":[{"@type":"SearchAction","target":{"@type":"EntryPoint","urlTemplate":"https:\/\/uibie.com\/?s={search_term_string}"},"query-input":{"@type":"PropertyValueSpecification","valueRequired":true,"valueName":"search_term_string"}}],"inLanguage":"fr-FR"},{"@type":"Organization","@id":"https:\/\/uibie.com\/#organization","name":"Uibie : apiculture urbaine avec Jason Garitan","url":"https:\/\/uibie.com\/","logo":{"@type":"ImageObject","inLanguage":"fr-FR","@id":"https:\/\/uibie.com\/#\/schema\/logo\/image\/","url":"https:\/\/uibie.com\/wp-content\/uploads\/2017\/07\/Uibie_FB_Pro1.png","contentUrl":"https:\/\/uibie.com\/wp-content\/uploads\/2017\/07\/Uibie_FB_Pro1.png","width":400,"height":400,"caption":"Uibie : apiculture urbaine avec Jason Garitan"},"image":{"@id":"https:\/\/uibie.com\/#\/schema\/logo\/image\/"},"sameAs":["https:\/\/www.facebook.com\/uibieapiculture\/","https:\/\/www.instagram.com\/uibieapiculture\/","https:\/\/fr.linkedin.com\/in\/jason-garitan-94a23a135"]}]}},"jetpack_sharing_enabled":true,"_links":{"self":[{"href":"https:\/\/uibie.com\/index.php\/wp-json\/wp\/v2\/product\/1795"}],"collection":[{"href":"https:\/\/uibie.com\/index.php\/wp-json\/wp\/v2\/product"}],"about":[{"href":"https:\/\/uibie.com\/index.php\/wp-json\/wp\/v2\/types\/product"}],"wp:featuredmedia":[{"embeddable":true,"href":"https:\/\/uibie.com\/index.php\/wp-json\/wp\/v2\/media\/7703"}],"wp:attachment":[{"href":"https:\/\/uibie.com\/index.php\/wp-json\/wp\/v2\/media?parent=1795"}],"wp:term":[{"taxonomy":"product_cat","embeddable":true,"href":"https:\/\/uibie.com\/index.php\/wp-json\/wp\/v2\/product_cat?post=1795"},{"taxonomy":"product_tag","embeddable":true,"href":"https:\/\/uibie.com\/index.php\/wp-json\/wp\/v2\/product_tag?post=1795"}],"curies":[{"name":"wp","href":"https:\/\/api.w.org\/{rel}","templated":true}]}}