{"id":1792,"date":"2019-01-10T15:42:11","date_gmt":"2019-01-10T14:42:11","guid":{"rendered":"https:\/\/uibie.com\/?post_type=product&#038;p=1792"},"modified":"2024-12-03T13:35:21","modified_gmt":"2024-12-03T12:35:21","slug":"miel-de-chataignier","status":"publish","type":"product","link":"https:\/\/uibie.com\/index.php\/produit\/miel-de-chataignier\/","title":{"rendered":"Miel de Ch\u00e2taignier"},"content":{"rendered":"<p>Ingr\u00e9dient : miel de ch\u00e2taignier, origine France<\/p>\n<p><em>Poids net : 500 grammes (22 euros le kilo) ou 250 grammes (27 euros le kilos)<\/em><\/p>\n<p><em><a href=\"https:\/\/www.normandiealaferme.com\/\">Adh\u00e9rant du r\u00e9seau \u00ab\u00a0Bienvenue \u00e0 la ferme\u00a0\u00bb<\/a><img loading=\"lazy\" decoding=\"async\" class=\"wp-image-7579 size-zerif-testimonial alignnone\" src=\"https:\/\/uibie.com\/wp-content\/uploads\/2020\/11\/bienvenue-a-la-ferme-Normandie-73x73.jpg\" alt=\"bienvenue \u00e0 la ferme\" width=\"73\" height=\"73\" srcset=\"https:\/\/uibie.com\/wp-content\/uploads\/2020\/11\/bienvenue-a-la-ferme-Normandie-73x73.jpg 73w, https:\/\/uibie.com\/wp-content\/uploads\/2020\/11\/bienvenue-a-la-ferme-Normandie-150x150.jpg 150w, https:\/\/uibie.com\/wp-content\/uploads\/2020\/11\/bienvenue-a-la-ferme-Normandie-50x50.jpg 50w, https:\/\/uibie.com\/wp-content\/uploads\/2020\/11\/bienvenue-a-la-ferme-Normandie-174x174.jpg 174w, https:\/\/uibie.com\/wp-content\/uploads\/2020\/11\/bienvenue-a-la-ferme-Normandie-165x165.jpg 165w, https:\/\/uibie.com\/wp-content\/uploads\/2020\/11\/bienvenue-a-la-ferme-Normandie.jpg 200w\" sizes=\"(max-width: 73px) 100vw, 73px\" \/><\/em><\/p>\n<p>Passionn\u00e9s d\u2019apiculture, nos ruches sont plac\u00e9es en Normandie, dans un environnement favorable aux\u00a0<a href=\"https:\/\/fr.wikipedia.org\/wiki\/Abeille\">abeilles<\/a>. Ce miel toutes fleurs a \u00e9t\u00e9 mis en pot par Jason et Dominique Garitan quelques jours apr\u00e8s sa r\u00e9colte. Ce miel de Normandie \u00e9volue lentement par une cristallisation naturelle.<\/p>\n","protected":false},"excerpt":{"rendered":"<h3>Description<\/h3>\n<p>Le miel de ch\u00e2taignier se pr\u00e9sente sous une\u00a0<strong>couleur ambr\u00e9e sombre<\/strong>\u00a0et sous une\u00a0<strong>texture liquide puis cr\u00e9meuse<\/strong>. On lui pr\u00eate g\u00e9n\u00e9ralement des qualit\u00e9s de robustesse. D&rsquo;une cristallisation lente, le miel de ch\u00e2taignier peut demeurer liquide longtemps. Ce miel aux ar\u00f4mes forts regorge de saveurs bois\u00e9es, r\u00e9sin\u00e9es avec une note d&rsquo;amertume en fin de bouche \u00e0 intensit\u00e9 \u00e9lev\u00e9e et persistance tr\u00e8s soutenue.<\/p>\n<h3>R\u00e9galez-vous !<\/h3>\n<p>Le miel de ch\u00e2taignier pourra accompagner vos tartines ou pourra \u00eatre consomm\u00e9 \u00e0 la cuill\u00e8re pour les plus gourmands d\u2019entre vous. Il saura aussi accompagner vos tisanes et sera l&rsquo;alli\u00e9 incontournable de vos <a href=\"https:\/\/www.elle.fr\/Elle-a-Table\/Ingredients\/miel\">plats cuisin\u00e9s \u00e0 base de miel<\/a> !<\/p>\n<p><img loading=\"lazy\" decoding=\"async\" class=\"size-full wp-image-7400 aligncenter\" src=\"https:\/\/uibie.com\/wp-content\/uploads\/2017\/05\/camioin-petit.png\" alt=\"livraison miel\" width=\"50\" height=\"50\" \/><\/p>\n<p style=\"text-align: center;\"><strong>Livraison offerte :<\/strong><br \/>\n<strong>d\u00e8s 45 euros d\u2019achat en point relais<\/strong><br \/>\n<strong>d\u00e8s 55 euros d\u2019achat \u00e0 domicile<\/strong><\/p>\n<p><img loading=\"lazy\" decoding=\"async\" class=\"aligncenter size-full wp-image-7400\" src=\"https:\/\/uibie.com\/wp-content\/uploads\/2017\/05\/camioin-petit.png\" alt=\"livraison miel\" width=\"50\" height=\"50\" \/><\/p>\n","protected":false},"featured_media":7706,"template":"","meta":[],"product_cat":[74],"product_tag":[],"class_list":["post-1792","product","type-product","status-publish","has-post-thumbnail","hentry","product_cat-miel"],"wppr_data":{"cwp_meta_box_check":"No"},"yoast_head":"<!-- This site is optimized with the Yoast SEO plugin v24.0 - https:\/\/yoast.com\/wordpress\/plugins\/seo\/ -->\n<title>Uibie - Miel de Ch\u00e2taignier. Un miel fort qui saura satisfaire vos papilles !<\/title>\n<meta name=\"description\" content=\"Ce miel de ch\u00e2taignier est un des miels les plus forts. Son go\u00fbt fort laisse une l\u00e9g\u00e8re amertume en fin de bouche. Les saveurs sont malt\u00e9es.\" \/>\n<meta name=\"robots\" content=\"index, follow, max-snippet:-1, max-image-preview:large, max-video-preview:-1\" \/>\n<link rel=\"canonical\" href=\"https:\/\/uibie.com\/index.php\/produit\/miel-de-chataignier\/\" \/>\n<meta property=\"og:locale\" content=\"fr_FR\" \/>\n<meta property=\"og:type\" content=\"article\" \/>\n<meta property=\"og:title\" content=\"Uibie - Miel de Ch\u00e2taignier. Un miel fort qui saura satisfaire vos papilles !\" \/>\n<meta property=\"og:description\" content=\"Ce miel de ch\u00e2taignier est un des miels les plus forts. Son go\u00fbt fort laisse une l\u00e9g\u00e8re amertume en fin de bouche. Les saveurs sont malt\u00e9es.\" \/>\n<meta property=\"og:url\" content=\"https:\/\/uibie.com\/index.php\/produit\/miel-de-chataignier\/\" \/>\n<meta property=\"og:site_name\" content=\"Uibie\" \/>\n<meta property=\"article:publisher\" content=\"https:\/\/www.facebook.com\/uibieapiculture\/\" \/>\n<meta property=\"article:modified_time\" content=\"2024-12-03T12:35:21+00:00\" \/>\n<meta property=\"og:image\" content=\"https:\/\/uibie.com\/wp-content\/uploads\/2019\/01\/Uibie_Miel_chataignier_01.jpg\" \/>\n\t<meta property=\"og:image:width\" content=\"1000\" \/>\n\t<meta property=\"og:image:height\" content=\"1000\" \/>\n\t<meta property=\"og:image:type\" content=\"image\/jpeg\" \/>\n<meta name=\"twitter:card\" content=\"summary_large_image\" \/>\n<meta name=\"twitter:label1\" content=\"Dur\u00e9e de lecture estim\u00e9e\" \/>\n\t<meta name=\"twitter:data1\" content=\"1 minute\" \/>\n<script type=\"application\/ld+json\" class=\"yoast-schema-graph\">{\"@context\":\"https:\/\/schema.org\",\"@graph\":[{\"@type\":\"WebPage\",\"@id\":\"https:\/\/uibie.com\/index.php\/produit\/miel-de-chataignier\/\",\"url\":\"https:\/\/uibie.com\/index.php\/produit\/miel-de-chataignier\/\",\"name\":\"Uibie - Miel de Ch\u00e2taignier. Un miel fort qui saura satisfaire vos papilles !\",\"isPartOf\":{\"@id\":\"https:\/\/uibie.com\/#website\"},\"primaryImageOfPage\":{\"@id\":\"https:\/\/uibie.com\/index.php\/produit\/miel-de-chataignier\/#primaryimage\"},\"image\":{\"@id\":\"https:\/\/uibie.com\/index.php\/produit\/miel-de-chataignier\/#primaryimage\"},\"thumbnailUrl\":\"https:\/\/uibie.com\/wp-content\/uploads\/2019\/01\/Uibie_Miel_chataignier_01.jpg\",\"datePublished\":\"2019-01-10T14:42:11+00:00\",\"dateModified\":\"2024-12-03T12:35:21+00:00\",\"description\":\"Ce miel de ch\u00e2taignier est un des miels les plus forts. Son go\u00fbt fort laisse une l\u00e9g\u00e8re amertume en fin de bouche. Les saveurs sont malt\u00e9es.\",\"breadcrumb\":{\"@id\":\"https:\/\/uibie.com\/index.php\/produit\/miel-de-chataignier\/#breadcrumb\"},\"inLanguage\":\"fr-FR\",\"potentialAction\":[{\"@type\":\"ReadAction\",\"target\":[\"https:\/\/uibie.com\/index.php\/produit\/miel-de-chataignier\/\"]}]},{\"@type\":\"ImageObject\",\"inLanguage\":\"fr-FR\",\"@id\":\"https:\/\/uibie.com\/index.php\/produit\/miel-de-chataignier\/#primaryimage\",\"url\":\"https:\/\/uibie.com\/wp-content\/uploads\/2019\/01\/Uibie_Miel_chataignier_01.jpg\",\"contentUrl\":\"https:\/\/uibie.com\/wp-content\/uploads\/2019\/01\/Uibie_Miel_chataignier_01.jpg\",\"width\":1000,\"height\":1000,\"caption\":\"Miel de Ch\u00e2taignier\"},{\"@type\":\"BreadcrumbList\",\"@id\":\"https:\/\/uibie.com\/index.php\/produit\/miel-de-chataignier\/#breadcrumb\",\"itemListElement\":[{\"@type\":\"ListItem\",\"position\":1,\"name\":\"Accueil\",\"item\":\"https:\/\/uibie.com\/\"},{\"@type\":\"ListItem\",\"position\":2,\"name\":\"Produits\",\"item\":\"https:\/\/uibie.com\/index.php\/shop\/\"},{\"@type\":\"ListItem\",\"position\":3,\"name\":\"Miel de Ch\u00e2taignier\"}]},{\"@type\":\"WebSite\",\"@id\":\"https:\/\/uibie.com\/#website\",\"url\":\"https:\/\/uibie.com\/\",\"name\":\"Uibie\",\"description\":\"L&#039;apiculture avec Jason Garitan\",\"publisher\":{\"@id\":\"https:\/\/uibie.com\/#organization\"},\"potentialAction\":[{\"@type\":\"SearchAction\",\"target\":{\"@type\":\"EntryPoint\",\"urlTemplate\":\"https:\/\/uibie.com\/?s={search_term_string}\"},\"query-input\":{\"@type\":\"PropertyValueSpecification\",\"valueRequired\":true,\"valueName\":\"search_term_string\"}}],\"inLanguage\":\"fr-FR\"},{\"@type\":\"Organization\",\"@id\":\"https:\/\/uibie.com\/#organization\",\"name\":\"Uibie : apiculture urbaine avec Jason Garitan\",\"url\":\"https:\/\/uibie.com\/\",\"logo\":{\"@type\":\"ImageObject\",\"inLanguage\":\"fr-FR\",\"@id\":\"https:\/\/uibie.com\/#\/schema\/logo\/image\/\",\"url\":\"https:\/\/uibie.com\/wp-content\/uploads\/2017\/07\/Uibie_FB_Pro1.png\",\"contentUrl\":\"https:\/\/uibie.com\/wp-content\/uploads\/2017\/07\/Uibie_FB_Pro1.png\",\"width\":400,\"height\":400,\"caption\":\"Uibie : apiculture urbaine avec Jason Garitan\"},\"image\":{\"@id\":\"https:\/\/uibie.com\/#\/schema\/logo\/image\/\"},\"sameAs\":[\"https:\/\/www.facebook.com\/uibieapiculture\/\",\"https:\/\/www.instagram.com\/uibieapiculture\/\",\"https:\/\/fr.linkedin.com\/in\/jason-garitan-94a23a135\"]}]}<\/script>\n<!-- \/ Yoast SEO plugin. -->","yoast_head_json":{"title":"Uibie - Miel de Ch\u00e2taignier. Un miel fort qui saura satisfaire vos papilles !","description":"Ce miel de ch\u00e2taignier est un des miels les plus forts. Son go\u00fbt fort laisse une l\u00e9g\u00e8re amertume en fin de bouche. Les saveurs sont malt\u00e9es.","robots":{"index":"index","follow":"follow","max-snippet":"max-snippet:-1","max-image-preview":"max-image-preview:large","max-video-preview":"max-video-preview:-1"},"canonical":"https:\/\/uibie.com\/index.php\/produit\/miel-de-chataignier\/","og_locale":"fr_FR","og_type":"article","og_title":"Uibie - Miel de Ch\u00e2taignier. Un miel fort qui saura satisfaire vos papilles !","og_description":"Ce miel de ch\u00e2taignier est un des miels les plus forts. Son go\u00fbt fort laisse une l\u00e9g\u00e8re amertume en fin de bouche. Les saveurs sont malt\u00e9es.","og_url":"https:\/\/uibie.com\/index.php\/produit\/miel-de-chataignier\/","og_site_name":"Uibie","article_publisher":"https:\/\/www.facebook.com\/uibieapiculture\/","article_modified_time":"2024-12-03T12:35:21+00:00","og_image":[{"width":1000,"height":1000,"url":"https:\/\/uibie.com\/wp-content\/uploads\/2019\/01\/Uibie_Miel_chataignier_01.jpg","type":"image\/jpeg"}],"twitter_card":"summary_large_image","twitter_misc":{"Dur\u00e9e de lecture estim\u00e9e":"1 minute"},"schema":{"@context":"https:\/\/schema.org","@graph":[{"@type":"WebPage","@id":"https:\/\/uibie.com\/index.php\/produit\/miel-de-chataignier\/","url":"https:\/\/uibie.com\/index.php\/produit\/miel-de-chataignier\/","name":"Uibie - Miel de Ch\u00e2taignier. Un miel fort qui saura satisfaire vos papilles !","isPartOf":{"@id":"https:\/\/uibie.com\/#website"},"primaryImageOfPage":{"@id":"https:\/\/uibie.com\/index.php\/produit\/miel-de-chataignier\/#primaryimage"},"image":{"@id":"https:\/\/uibie.com\/index.php\/produit\/miel-de-chataignier\/#primaryimage"},"thumbnailUrl":"https:\/\/uibie.com\/wp-content\/uploads\/2019\/01\/Uibie_Miel_chataignier_01.jpg","datePublished":"2019-01-10T14:42:11+00:00","dateModified":"2024-12-03T12:35:21+00:00","description":"Ce miel de ch\u00e2taignier est un des miels les plus forts. Son go\u00fbt fort laisse une l\u00e9g\u00e8re amertume en fin de bouche. Les saveurs sont malt\u00e9es.","breadcrumb":{"@id":"https:\/\/uibie.com\/index.php\/produit\/miel-de-chataignier\/#breadcrumb"},"inLanguage":"fr-FR","potentialAction":[{"@type":"ReadAction","target":["https:\/\/uibie.com\/index.php\/produit\/miel-de-chataignier\/"]}]},{"@type":"ImageObject","inLanguage":"fr-FR","@id":"https:\/\/uibie.com\/index.php\/produit\/miel-de-chataignier\/#primaryimage","url":"https:\/\/uibie.com\/wp-content\/uploads\/2019\/01\/Uibie_Miel_chataignier_01.jpg","contentUrl":"https:\/\/uibie.com\/wp-content\/uploads\/2019\/01\/Uibie_Miel_chataignier_01.jpg","width":1000,"height":1000,"caption":"Miel de Ch\u00e2taignier"},{"@type":"BreadcrumbList","@id":"https:\/\/uibie.com\/index.php\/produit\/miel-de-chataignier\/#breadcrumb","itemListElement":[{"@type":"ListItem","position":1,"name":"Accueil","item":"https:\/\/uibie.com\/"},{"@type":"ListItem","position":2,"name":"Produits","item":"https:\/\/uibie.com\/index.php\/shop\/"},{"@type":"ListItem","position":3,"name":"Miel de Ch\u00e2taignier"}]},{"@type":"WebSite","@id":"https:\/\/uibie.com\/#website","url":"https:\/\/uibie.com\/","name":"Uibie","description":"L&#039;apiculture avec Jason Garitan","publisher":{"@id":"https:\/\/uibie.com\/#organization"},"potentialAction":[{"@type":"SearchAction","target":{"@type":"EntryPoint","urlTemplate":"https:\/\/uibie.com\/?s={search_term_string}"},"query-input":{"@type":"PropertyValueSpecification","valueRequired":true,"valueName":"search_term_string"}}],"inLanguage":"fr-FR"},{"@type":"Organization","@id":"https:\/\/uibie.com\/#organization","name":"Uibie : apiculture urbaine avec Jason Garitan","url":"https:\/\/uibie.com\/","logo":{"@type":"ImageObject","inLanguage":"fr-FR","@id":"https:\/\/uibie.com\/#\/schema\/logo\/image\/","url":"https:\/\/uibie.com\/wp-content\/uploads\/2017\/07\/Uibie_FB_Pro1.png","contentUrl":"https:\/\/uibie.com\/wp-content\/uploads\/2017\/07\/Uibie_FB_Pro1.png","width":400,"height":400,"caption":"Uibie : apiculture urbaine avec Jason Garitan"},"image":{"@id":"https:\/\/uibie.com\/#\/schema\/logo\/image\/"},"sameAs":["https:\/\/www.facebook.com\/uibieapiculture\/","https:\/\/www.instagram.com\/uibieapiculture\/","https:\/\/fr.linkedin.com\/in\/jason-garitan-94a23a135"]}]}},"jetpack_sharing_enabled":true,"_links":{"self":[{"href":"https:\/\/uibie.com\/index.php\/wp-json\/wp\/v2\/product\/1792"}],"collection":[{"href":"https:\/\/uibie.com\/index.php\/wp-json\/wp\/v2\/product"}],"about":[{"href":"https:\/\/uibie.com\/index.php\/wp-json\/wp\/v2\/types\/product"}],"wp:featuredmedia":[{"embeddable":true,"href":"https:\/\/uibie.com\/index.php\/wp-json\/wp\/v2\/media\/7706"}],"wp:attachment":[{"href":"https:\/\/uibie.com\/index.php\/wp-json\/wp\/v2\/media?parent=1792"}],"wp:term":[{"taxonomy":"product_cat","embeddable":true,"href":"https:\/\/uibie.com\/index.php\/wp-json\/wp\/v2\/product_cat?post=1792"},{"taxonomy":"product_tag","embeddable":true,"href":"https:\/\/uibie.com\/index.php\/wp-json\/wp\/v2\/product_tag?post=1792"}],"curies":[{"name":"wp","href":"https:\/\/api.w.org\/{rel}","templated":true}]}}