{"id":8420,"date":"2023-04-05T09:20:38","date_gmt":"2023-04-05T08:20:38","guid":{"rendered":"https:\/\/uibie.com\/?page_id=8420"},"modified":"2026-02-16T18:37:09","modified_gmt":"2026-02-16T17:37:09","slug":"creation-de-colonies","status":"publish","type":"page","link":"https:\/\/uibie.com\/index.php\/creation-de-colonies\/","title":{"rendered":"Cr\u00e9ation de colonies et \u00e9levage de reines"},"content":{"rendered":"<div id=\"pl-8420\"  class=\"panel-layout\" ><div id=\"pg-8420-0\"  class=\"panel-grid panel-no-style\" ><div id=\"pgc-8420-0-0\"  class=\"panel-grid-cell\" ><div id=\"panel-8420-0-0-0\" class=\"so-panel widget widget_black-studio-tinymce widget_black_studio_tinymce panel-first-child panel-last-child\" data-index=\"0\" ><div class=\"textwidget\"><p><img loading=\"lazy\" decoding=\"async\" class=\"wp-image-8645 aligncenter\" src=\"https:\/\/uibie.com\/wp-content\/uploads\/2024\/09\/20240928_185906-300x225.jpg\" alt=\"\" width=\"165\" height=\"124\" srcset=\"https:\/\/uibie.com\/wp-content\/uploads\/2024\/09\/20240928_185906-300x225.jpg 300w, https:\/\/uibie.com\/wp-content\/uploads\/2024\/09\/20240928_185906-1024x768.jpg 1024w, https:\/\/uibie.com\/wp-content\/uploads\/2024\/09\/20240928_185906-768x576.jpg 768w, https:\/\/uibie.com\/wp-content\/uploads\/2024\/09\/20240928_185906-1536x1152.jpg 1536w, https:\/\/uibie.com\/wp-content\/uploads\/2024\/09\/20240928_185906-2048x1536.jpg 2048w, https:\/\/uibie.com\/wp-content\/uploads\/2024\/09\/20240928_185906-50x38.jpg 50w, https:\/\/uibie.com\/wp-content\/uploads\/2024\/09\/20240928_185906-285x214.jpg 285w, https:\/\/uibie.com\/wp-content\/uploads\/2024\/09\/20240928_185906-1600x1200.jpg 1600w\" sizes=\"(max-width: 165px) 100vw, 165px\" \/><\/p>\n<\/div><\/div><\/div><div id=\"pgc-8420-0-1\"  class=\"panel-grid-cell\" ><div id=\"panel-8420-0-1-0\" class=\"so-panel widget widget_black-studio-tinymce widget_black_studio_tinymce panel-first-child panel-last-child\" data-index=\"1\" ><div class=\"textwidget\"><p><img loading=\"lazy\" decoding=\"async\" class=\"aligncenter\" src=\"https:\/\/uibie.com\/wp-content\/uploads\/2024\/09\/cellules-royales-scaled.jpg\" width=\"171\" height=\"128\" \/><\/p>\n<\/div><\/div><\/div><div id=\"pgc-8420-0-2\"  class=\"panel-grid-cell\" ><div id=\"panel-8420-0-2-0\" class=\"so-panel widget widget_black-studio-tinymce widget_black_studio_tinymce panel-first-child panel-last-child\" data-index=\"2\" ><div class=\"textwidget\"><p><img loading=\"lazy\" decoding=\"async\" class=\"wp-image-8640 aligncenter\" src=\"https:\/\/uibie.com\/wp-content\/uploads\/2024\/09\/P1000364-300x225.jpg\" alt=\"\" width=\"167\" height=\"126\" srcset=\"https:\/\/uibie.com\/wp-content\/uploads\/2024\/09\/P1000364-300x225.jpg 300w, https:\/\/uibie.com\/wp-content\/uploads\/2024\/09\/P1000364-1024x768.jpg 1024w, https:\/\/uibie.com\/wp-content\/uploads\/2024\/09\/P1000364-768x576.jpg 768w, https:\/\/uibie.com\/wp-content\/uploads\/2024\/09\/P1000364-1536x1152.jpg 1536w, https:\/\/uibie.com\/wp-content\/uploads\/2024\/09\/P1000364-2048x1536.jpg 2048w, https:\/\/uibie.com\/wp-content\/uploads\/2024\/09\/P1000364-50x38.jpg 50w, https:\/\/uibie.com\/wp-content\/uploads\/2024\/09\/P1000364-285x214.jpg 285w, https:\/\/uibie.com\/wp-content\/uploads\/2024\/09\/P1000364-1600x1200.jpg 1600w\" sizes=\"(max-width: 167px) 100vw, 167px\" \/><\/p>\n<\/div><\/div><\/div><\/div><div id=\"pg-8420-1\"  class=\"panel-grid panel-no-style\" ><div id=\"pgc-8420-1-0\"  class=\"panel-grid-cell\" ><div id=\"panel-8420-1-0-0\" class=\"so-panel widget widget_black-studio-tinymce widget_black_studio_tinymce panel-first-child panel-last-child\" data-index=\"3\" ><div class=\"textwidget\"><p><img loading=\"lazy\" decoding=\"async\" class=\"alignnone size-full wp-image-454\" src=\"https:\/\/uibie.com\/wp-content\/uploads\/2017\/03\/Uibie-Pictos-04.png\" alt=\"Apiculteur Calvados\" width=\"100\" height=\"100\" srcset=\"https:\/\/uibie.com\/wp-content\/uploads\/2017\/03\/Uibie-Pictos-04.png 100w, https:\/\/uibie.com\/wp-content\/uploads\/2017\/03\/Uibie-Pictos-04-73x73.png 73w, https:\/\/uibie.com\/wp-content\/uploads\/2017\/03\/Uibie-Pictos-04-50x50.png 50w\" sizes=\"(max-width: 100px) 100vw, 100px\" \/><\/p>\n<\/div><\/div><\/div><div id=\"pgc-8420-1-1\"  class=\"panel-grid-cell\" ><div id=\"panel-8420-1-1-0\" class=\"so-panel widget widget_black-studio-tinymce widget_black_studio_tinymce panel-first-child panel-last-child\" data-index=\"4\" ><div class=\"textwidget\"><p>Face \u00e0 la mortalit\u00e9 r\u00e9p\u00e9t\u00e9e des colonies, il est temps de r\u00e9agir.<\/p>\n<p>C'est en amont de la mortalit\u00e9 hivernale, et plus pr\u00e9cis\u00e9ment d'avril \u00e0 juin, qu'il est possible d'anticiper par la cr\u00e9ation de colonies en nombre suffisant, pour ne pas se sentir accabl\u00e9, sans abeille, au printemps suivant.<\/p>\n<p>Le savoir-faire \u00e0 acqu\u00e9rir pour cr\u00e9er des colonies peut \u00eatre compl\u00e9t\u00e9 par un \u00e9levage de reines permettant de s'appuyer sur les meilleures souches.<\/p>\n<p style=\"text-align: center;\"><strong>Voyons ensemble notre offre de formation.<\/strong><\/p>\n<\/div><\/div><\/div><div id=\"pgc-8420-1-2\"  class=\"panel-grid-cell\" ><div id=\"panel-8420-1-2-0\" class=\"so-panel widget widget_black-studio-tinymce widget_black_studio_tinymce panel-first-child panel-last-child\" data-index=\"5\" ><div class=\"textwidget\"><p><img loading=\"lazy\" decoding=\"async\" class=\"size-full wp-image-454 alignright\" src=\"https:\/\/uibie.com\/wp-content\/uploads\/2017\/03\/Uibie-Pictos-04.png\" alt=\"Apiculteur Calvados\" width=\"100\" height=\"100\" srcset=\"https:\/\/uibie.com\/wp-content\/uploads\/2017\/03\/Uibie-Pictos-04.png 100w, https:\/\/uibie.com\/wp-content\/uploads\/2017\/03\/Uibie-Pictos-04-73x73.png 73w, https:\/\/uibie.com\/wp-content\/uploads\/2017\/03\/Uibie-Pictos-04-50x50.png 50w\" sizes=\"(max-width: 100px) 100vw, 100px\" \/><\/p>\n<\/div><\/div><\/div><\/div><div id=\"pg-8420-2\"  class=\"panel-grid panel-no-style\" ><div id=\"pgc-8420-2-0\"  class=\"panel-grid-cell\" ><div id=\"panel-8420-2-0-0\" class=\"so-panel widget widget_black-studio-tinymce widget_black_studio_tinymce panel-first-child\" data-index=\"6\" ><h3 class=\"widget-title\">Objectifs de la formation<\/h3><div class=\"textwidget\"><p>Etre capable de :<\/p>\n<ul>\n<li><strong>diviser une colonie<\/strong> en prenant en compte des contraintes particuli\u00e8res (localisation de la reine, taille de la colonie souche, \u2026).<\/li>\n<li><strong>adapter une m\u00e9thode de cr\u00e9ation<\/strong> d\u2019un essaim en fonction de situations diverses, parfois impr\u00e9vues.<\/li>\n<li><strong>suivre les diff\u00e9rentes \u00e9tapes<\/strong>, depuis la cr\u00e9ation d'une colonie orpheline jusqu\u2019au d\u00e9but de ponte.<\/li>\n<li><strong>r\u00e9agir<\/strong> en fonction d\u2019une situation donn\u00e9e (absence de ponte, petite colonie, \u2026).<\/li>\n<li><strong>pr\u00e9parer une ruche \u00e9leveuse<\/strong> pour r\u00e9aliser le greffage de larves.<\/li>\n<li><strong>r\u00e9aliser les diff\u00e9rentes \u00e9tapes d'un \u00e9levage de reines<\/strong> : greffage, mise en couveuse, utilisation des reines vierges.<\/li>\n<\/ul>\n<\/div><\/div><div id=\"panel-8420-2-0-1\" class=\"so-panel widget widget_black-studio-tinymce widget_black_studio_tinymce panel-last-child\" data-index=\"7\" ><h3 class=\"widget-title\">D\u00e9roulement de la formation<\/h3><div class=\"textwidget\"><p>Premi\u00e8re journ\u00e9e :<\/p>\n<ul>\n<li>Accueil et pr\u00e9sentation de chacun des participants.<\/li>\n<li>Rappels sur les points importants (tableau de pilotage de l'apiculteur).<\/li>\n<li>Cr\u00e9ation d'une colonie en \"pr\u00e9pa-div\"<\/li>\n<li>Cr\u00e9ation d'une ruchette \u00e9leveuse<\/li>\n<li>Premier greffage (un poste par personne)<\/li>\n<\/ul>\n<p>Deuxi\u00e8me journ\u00e9e :<\/p>\n<ul>\n<li>R\u00e9colte du greffage r\u00e9alis\u00e9 lors de la premi\u00e8re journ\u00e9e et mise en couveuse des cellules royales.<\/li>\n<li>Cr\u00e9ation des ruchettes orphelines.<\/li>\n<li>Pose des reines vierges.<\/li>\n<li>Tour d'horizon sur les situations impr\u00e9vues.<\/li>\n<\/ul>\n<p>Au cours des 2 journ\u00e9es de pratique, <strong>l'accent est mis sur la r\u00e9alisation par chacun des participants des diff\u00e9rentes \u00e9tapes<\/strong> permettant de refaire les m\u00eames interventions sur son propre rucher, apr\u00e8s la formation.<\/p>\n<p><strong>Toutes les situations abord\u00e9es sont doubl\u00e9es par un travail de pr\u00e9paration du formateur<\/strong>. Cela signifie que le r\u00e9sultat de chaque intervention est v\u00e9rifiable aussit\u00f4t par une intervention identique r\u00e9alis\u00e9e en parall\u00e8le les jours pr\u00e9c\u00e9dents par le formateur.<\/p>\n<\/div><\/div><\/div><div id=\"pgc-8420-2-1\"  class=\"panel-grid-cell panel-grid-cell-empty\" ><\/div><div id=\"pgc-8420-2-2\"  class=\"panel-grid-cell\" ><div id=\"panel-8420-2-2-0\" class=\"so-panel widget widget_black-studio-tinymce widget_black_studio_tinymce panel-first-child\" data-index=\"8\" ><h3 class=\"widget-title\">Pr\u00e9requis<\/h3><div class=\"textwidget\"><p>Cette formation est destin\u00e9 aux apiculteurs ayant d\u00e9j\u00e0 suivi une formation permettant d'acqu\u00e9rir de bonnes bases de connaissance en apiculture ou ayant d\u00e9j\u00e0 conduit un rucher, en toute autonomie, sur une saison enti\u00e8re.<\/p>\n<p>Avant les <strong>2 jours de pratique<\/strong>, il vous sera demand\u00e9 d'avoir pris pleinement connaissance des <strong>contenus du manuel<\/strong> qui vous sera envoy\u00e9 et de <strong>participer aux visioconf\u00e9rences<\/strong> (il sera \u00e9galement possible de les visionner en diff\u00e9r\u00e9). <strong>C'est ainsi que la formation vous sera r\u00e9ellement profitable.<\/strong><\/p>\n<\/div><\/div><div id=\"panel-8420-2-2-1\" class=\"so-panel widget widget_black-studio-tinymce widget_black_studio_tinymce\" data-index=\"9\" ><h3 class=\"widget-title\">En pratique<\/h3><div class=\"textwidget\"><p><strong>Un manuel d\u00e9taill\u00e9 d'environ 80 pages<\/strong> permet d'acqu\u00e9rir les connaissances th\u00e9oriques.<\/p>\n<p><strong>3 s\u00e9ances de visioconf\u00e9rence collective<\/strong> pour r\u00e9pondre aux questions et progresser en groupe :<\/p>\n<ul>\n<li>Samedis 21 f\u00e9vrier, 21 mars, 06 juin (\u00e0 partir de 10:30 et d'une dur\u00e9e d'une heure)<\/li>\n<\/ul>\n<p><strong>2 journ\u00e9es enti\u00e8res de mise en pratique<\/strong>, sur notre rucher d'\u00e9levage et de f\u00e9condation :<\/p>\n<ul>\n<li>Session 1 : <strong>vendredis 17 et 24 avril 2026 - de 09:30 \u00e0 17:30<\/strong><\/li>\n<li>Session 2 : <strong>samedis 02 et 09 mai 2026 - de 09:30 \u00e0 17:30<\/strong><\/li>\n<li>\u00e0 Percouville - 14320 <strong><a href=\"https:\/\/www.google.fr\/maps\/place\/Clinchamps-sur-Orne\/@49.120454,-0.4413038,11.96z\/data=!4m5!3m4!1s0x480a411e1e62beb1:0x40c14484fbcf4c0!8m2!3d49.080002!4d-0.40106\" target=\"_blank\" rel=\"noopener\">Clinchamps sur Orne<\/a><\/strong><\/li>\n<\/ul>\n<p>Groupe de <strong>4 (strict minimum) \u00e0 10 personnes.<\/strong><\/p>\n<\/div><\/div><div id=\"panel-8420-2-2-2\" class=\"so-panel widget widget_black-studio-tinymce widget_black_studio_tinymce\" data-index=\"10\" ><h3 class=\"widget-title\">Tarifs 2026 <\/h3><div class=\"textwidget\"><div class=\"textwidget\" style=\"text-align: left;\">\n<h4><strong>D\u00e9marche personnelle d'un particulier : 400 \u20ac TTC<\/strong> la formation<\/h4>\n<h4><strong>Entreprise :<\/strong> formation \u00e9ligible au C.P.F. (Compte Personnel de Formation). Conditions tarifaires et instruction du dossier diff\u00e9rentes : <strong>nous contacter 06 80 32 71 63 <\/strong><\/h4>\n<p>Cette formation est pr\u00e9sent\u00e9e sur le site \"<strong><a href=\"https:\/\/www.moncompteformation.gouv.fr\/espace-prive\/html\/#\/\">mon compte formation<\/a><\/strong>\" qui permet d'utiliser votre <strong>cr\u00e9dit CPF<\/strong> (Compte Personnel de Formation). Dans le menu \"<strong>Rechercher une formation<\/strong>\", tapez le mot cl\u00e9 \"<strong>reine<\/strong>\" et dans \"<strong>localisation<\/strong>\" s\u00e9lectionnez \"<strong>En pr\u00e9sentiel<\/strong>\" (la formation est <strong>localis\u00e9e dans le Calvados (d\u00e9p. 14) mais elle int\u00e8gre en fait une partie \u00e0 distance et une partie pratique avec un apiculteur<\/strong>). La formation est alors pr\u00e9sent\u00e9e sous le nom \"<strong><a href=\"https:\/\/www.moncompteformation.gouv.fr\/espace-prive\/html\/#\/formation\/recherche\/resultats?q=%7B%22ou%22:%7B%22modality%22:%22EN_CENTRE_MIXTE%22,%22type%22:%22CP%22,%22ville%22:%7B%22nom%22:%22CAEN%22,%22codePostal%22:%2214000%22,%22codeInsee%22:%2214118%22,%22coordonnee%22:%7B%22longitude%22:-0.370004,%22latitude%22:49.185024%7D,%22eligibleCpf%22:true%7D%7D,%22debutPagination%22:1,%22nombreOccurences%22:10,%22contexteFormation%22:%22ACTIVITE_PROFESSIONNELLE%22,%22nomOrganisme%22:null,%22conformiteReglementaire%22:null,%22endDate%22:null,%22startDate%22:null,%22evaluation%22:null,%22niveauSortie%22:null,%22minPrix%22:null,%22maxPrix%22:null,%22rythme%22:null,%22onlyWithAbondementsEligibles%22:null,%22durationHours%22:null,%22certifications%22:null,%22distance%22:%2250%22,%22quoi%22:%22reine%22,%22quoiReferentiel%22:null%7D\">Apiculteur avanc\u00e9 : r\u00e9ussir la production d'essaims et l'\u00e9levage de reines<\/a><\/strong>\". Cette formation est organis\u00e9e par le CFPPA du Robillard, rattach\u00e9 au Lyc\u00e9e Agricole du Robillard.<\/div>\n<\/div><\/div><div id=\"panel-8420-2-2-3\" class=\"so-panel widget widget_black-studio-tinymce widget_black_studio_tinymce panel-last-child\" data-index=\"11\" ><h3 class=\"widget-title\">Inscription<\/h3><div class=\"textwidget\"><div class=\"textwidget\" style=\"text-align: left;\">\n<p>T\u00e9l\u00e9chargez la <strong><a href=\"https:\/\/uibie.com\/wp-content\/uploads\/2025\/09\/Fiche-recapitulative-et-bulletin-dinscription-creation-essaims-et-elevage-de-reines-2026.pdf\">Fiche r\u00e9capitulative et bulletin d'inscription<\/a>\u00a0<\/strong>(2026) puis retournez le bulletin d'inscription par courrier postal :<\/div>\n<div class=\"textwidget\" style=\"text-align: center;\">Uibie 10 chemin de la Chesnaie - Percouville - 14 320 Clinchamps sur Orne<\/div>\n<\/div><\/div><\/div><\/div><div id=\"pg-8420-3\"  class=\"panel-grid panel-no-style\" ><div id=\"pgc-8420-3-0\"  class=\"panel-grid-cell panel-grid-cell-empty\" ><\/div><div id=\"pgc-8420-3-1\"  class=\"panel-grid-cell panel-grid-cell-mobile-last\" ><div id=\"panel-8420-3-1-0\" class=\"so-panel widget widget_black-studio-tinymce widget_black_studio_tinymce panel-first-child panel-last-child\" data-index=\"12\" ><h3 class=\"widget-title\">Gr\u00e2ce \u00e0 cette formation<\/h3><div class=\"textwidget\"><\/div><\/div><\/div><div id=\"pgc-8420-3-2\"  class=\"panel-grid-cell panel-grid-cell-empty\" ><\/div><\/div><div id=\"pg-8420-4\"  class=\"panel-grid panel-no-style\" ><div id=\"pgc-8420-4-0\"  class=\"panel-grid-cell panel-grid-cell-empty\" ><\/div><div id=\"pgc-8420-4-1\"  class=\"panel-grid-cell\" ><div id=\"panel-8420-4-1-0\" class=\"so-panel widget widget_black-studio-tinymce widget_black_studio_tinymce panel-first-child panel-last-child\" data-index=\"13\" ><div class=\"textwidget\"><ul>\n<li>Vous <strong>d\u00e9velopperez votre cheptel<\/strong> sans devoir acheter des colonies.<\/li>\n<li>Vous <strong>pr\u00e9parez votre rucher \u00e0 faire face aux pertes hivernales<\/strong>, par un effectif plus important et des jeunes reines de bonne qualit\u00e9.<\/li>\n<li>Vous <strong>am\u00e9liorez le capital g\u00e9n\u00e9tique<\/strong> de vos colonies.<\/li>\n<li>Vous <strong>am\u00e9liorez votre production<\/strong> (miel, pollen, ...)<\/li>\n<\/ul>\n<\/div><\/div><\/div><div id=\"pgc-8420-4-2\"  class=\"panel-grid-cell panel-grid-cell-mobile-last\" ><div id=\"panel-8420-4-2-0\" class=\"so-panel widget widget_black-studio-tinymce widget_black_studio_tinymce panel-first-child panel-last-child\" data-index=\"14\" ><div class=\"textwidget\"><ul>\n<li>Vous <strong>b\u00e9n\u00e9ficiez d'un retour sur investissement<\/strong>, d\u00e8s la premi\u00e8re ann\u00e9e, soit en vendant des colonies ou en \u00e9vitant d'en acheter.<\/li>\n<li>Vous pouvez envisager de <strong>vendre des colonies, sinon de d\u00e9panner les copains<\/strong>.<\/li>\n<li>Vous <strong>soutenez encore plus activement les abeilles<\/strong> dans un environnement plus ou moins d\u00e9grad\u00e9<\/li>\n<\/ul>\n<\/div><\/div><\/div><div id=\"pgc-8420-4-3\"  class=\"panel-grid-cell panel-grid-cell-empty\" ><\/div><\/div><\/div>","protected":false},"excerpt":{"rendered":"<p>Face \u00e0 la mortalit\u00e9 r\u00e9p\u00e9t\u00e9e des colonies, il est temps de r\u00e9agir. C&rsquo;est en amont de la mortalit\u00e9 hivernale, et plus pr\u00e9cis\u00e9ment d&rsquo;avril \u00e0 juin, qu&rsquo;il est possible d&rsquo;anticiper par la cr\u00e9ation de colonies en nombre suffisant, pour ne pas se sentir accabl\u00e9, sans abeille, au printemps suivant. Le savoir-faire \u00e0 acqu\u00e9rir pour cr\u00e9er des<a href=\"https:\/\/uibie.com\/index.php\/creation-de-colonies\/\">[&#8230;]<\/a><\/p>\n","protected":false},"author":1,"featured_media":0,"parent":0,"menu_order":0,"comment_status":"closed","ping_status":"closed","template":"template-fullwidth.php","meta":{"footnotes":""},"class_list":["post-8420","page","type-page","status-publish","hentry"],"wppr_data":{"cwp_meta_box_check":"No"},"yoast_head":"<!-- This site is optimized with the Yoast SEO plugin v24.0 - https:\/\/yoast.com\/wordpress\/plugins\/seo\/ -->\n<title>Cr\u00e9ation de colonies et \u00e9levage de reines - Uibie<\/title>\n<meta name=\"robots\" content=\"index, follow, max-snippet:-1, max-image-preview:large, max-video-preview:-1\" \/>\n<link rel=\"canonical\" href=\"https:\/\/uibie.com\/index.php\/creation-de-colonies\/\" \/>\n<meta property=\"og:locale\" content=\"fr_FR\" \/>\n<meta property=\"og:type\" content=\"article\" \/>\n<meta property=\"og:title\" content=\"Cr\u00e9ation de colonies et \u00e9levage de reines - Uibie\" \/>\n<meta property=\"og:description\" content=\"Face \u00e0 la mortalit\u00e9 r\u00e9p\u00e9t\u00e9e des colonies, il est temps de r\u00e9agir. C&#039;est en amont de la mortalit\u00e9 hivernale, et plus pr\u00e9cis\u00e9ment d&#039;avril \u00e0 juin, qu&#039;il est possible d&#039;anticiper par la cr\u00e9ation de colonies en nombre suffisant, pour ne pas se sentir accabl\u00e9, sans abeille, au printemps suivant. Le savoir-faire \u00e0 acqu\u00e9rir pour cr\u00e9er des[...]\" \/>\n<meta property=\"og:url\" content=\"https:\/\/uibie.com\/index.php\/creation-de-colonies\/\" \/>\n<meta property=\"og:site_name\" content=\"Uibie\" \/>\n<meta property=\"article:publisher\" content=\"https:\/\/www.facebook.com\/uibieapiculture\/\" \/>\n<meta property=\"article:modified_time\" content=\"2026-02-16T17:37:09+00:00\" \/>\n<meta property=\"og:image\" content=\"https:\/\/uibie.com\/wp-content\/uploads\/2024\/09\/20240928_185906-scaled.jpg\" \/>\n\t<meta property=\"og:image:width\" content=\"2560\" \/>\n\t<meta property=\"og:image:height\" content=\"1920\" \/>\n\t<meta property=\"og:image:type\" content=\"image\/jpeg\" \/>\n<meta name=\"twitter:card\" content=\"summary_large_image\" \/>\n<meta name=\"twitter:label1\" content=\"Dur\u00e9e de lecture estim\u00e9e\" \/>\n\t<meta name=\"twitter:data1\" content=\"5 minutes\" \/>\n<script type=\"application\/ld+json\" class=\"yoast-schema-graph\">{\"@context\":\"https:\/\/schema.org\",\"@graph\":[{\"@type\":\"WebPage\",\"@id\":\"https:\/\/uibie.com\/index.php\/creation-de-colonies\/\",\"url\":\"https:\/\/uibie.com\/index.php\/creation-de-colonies\/\",\"name\":\"Cr\u00e9ation de colonies et \u00e9levage de reines - Uibie\",\"isPartOf\":{\"@id\":\"https:\/\/uibie.com\/#website\"},\"primaryImageOfPage\":{\"@id\":\"https:\/\/uibie.com\/index.php\/creation-de-colonies\/#primaryimage\"},\"image\":{\"@id\":\"https:\/\/uibie.com\/index.php\/creation-de-colonies\/#primaryimage\"},\"thumbnailUrl\":\"https:\/\/uibie.com\/wp-content\/uploads\/2024\/09\/20240928_185906-300x225.jpg\",\"datePublished\":\"2023-04-05T08:20:38+00:00\",\"dateModified\":\"2026-02-16T17:37:09+00:00\",\"breadcrumb\":{\"@id\":\"https:\/\/uibie.com\/index.php\/creation-de-colonies\/#breadcrumb\"},\"inLanguage\":\"fr-FR\",\"potentialAction\":[{\"@type\":\"ReadAction\",\"target\":[\"https:\/\/uibie.com\/index.php\/creation-de-colonies\/\"]}]},{\"@type\":\"ImageObject\",\"inLanguage\":\"fr-FR\",\"@id\":\"https:\/\/uibie.com\/index.php\/creation-de-colonies\/#primaryimage\",\"url\":\"https:\/\/uibie.com\/wp-content\/uploads\/2024\/09\/20240928_185906-scaled.jpg\",\"contentUrl\":\"https:\/\/uibie.com\/wp-content\/uploads\/2024\/09\/20240928_185906-scaled.jpg\",\"width\":2560,\"height\":1920},{\"@type\":\"BreadcrumbList\",\"@id\":\"https:\/\/uibie.com\/index.php\/creation-de-colonies\/#breadcrumb\",\"itemListElement\":[{\"@type\":\"ListItem\",\"position\":1,\"name\":\"Accueil\",\"item\":\"https:\/\/uibie.com\/\"},{\"@type\":\"ListItem\",\"position\":2,\"name\":\"Cr\u00e9ation de colonies et \u00e9levage de reines\"}]},{\"@type\":\"WebSite\",\"@id\":\"https:\/\/uibie.com\/#website\",\"url\":\"https:\/\/uibie.com\/\",\"name\":\"Uibie\",\"description\":\"L&#039;apiculture avec Jason Garitan\",\"publisher\":{\"@id\":\"https:\/\/uibie.com\/#organization\"},\"potentialAction\":[{\"@type\":\"SearchAction\",\"target\":{\"@type\":\"EntryPoint\",\"urlTemplate\":\"https:\/\/uibie.com\/?s={search_term_string}\"},\"query-input\":{\"@type\":\"PropertyValueSpecification\",\"valueRequired\":true,\"valueName\":\"search_term_string\"}}],\"inLanguage\":\"fr-FR\"},{\"@type\":\"Organization\",\"@id\":\"https:\/\/uibie.com\/#organization\",\"name\":\"Uibie : apiculture urbaine avec Jason Garitan\",\"url\":\"https:\/\/uibie.com\/\",\"logo\":{\"@type\":\"ImageObject\",\"inLanguage\":\"fr-FR\",\"@id\":\"https:\/\/uibie.com\/#\/schema\/logo\/image\/\",\"url\":\"https:\/\/uibie.com\/wp-content\/uploads\/2017\/07\/Uibie_FB_Pro1.png\",\"contentUrl\":\"https:\/\/uibie.com\/wp-content\/uploads\/2017\/07\/Uibie_FB_Pro1.png\",\"width\":400,\"height\":400,\"caption\":\"Uibie : apiculture urbaine avec Jason Garitan\"},\"image\":{\"@id\":\"https:\/\/uibie.com\/#\/schema\/logo\/image\/\"},\"sameAs\":[\"https:\/\/www.facebook.com\/uibieapiculture\/\",\"https:\/\/www.instagram.com\/uibieapiculture\/\",\"https:\/\/fr.linkedin.com\/in\/jason-garitan-94a23a135\"]}]}<\/script>\n<!-- \/ Yoast SEO plugin. -->","yoast_head_json":{"title":"Cr\u00e9ation de colonies et \u00e9levage de reines - Uibie","robots":{"index":"index","follow":"follow","max-snippet":"max-snippet:-1","max-image-preview":"max-image-preview:large","max-video-preview":"max-video-preview:-1"},"canonical":"https:\/\/uibie.com\/index.php\/creation-de-colonies\/","og_locale":"fr_FR","og_type":"article","og_title":"Cr\u00e9ation de colonies et \u00e9levage de reines - Uibie","og_description":"Face \u00e0 la mortalit\u00e9 r\u00e9p\u00e9t\u00e9e des colonies, il est temps de r\u00e9agir. C'est en amont de la mortalit\u00e9 hivernale, et plus pr\u00e9cis\u00e9ment d'avril \u00e0 juin, qu'il est possible d'anticiper par la cr\u00e9ation de colonies en nombre suffisant, pour ne pas se sentir accabl\u00e9, sans abeille, au printemps suivant. Le savoir-faire \u00e0 acqu\u00e9rir pour cr\u00e9er des[...]","og_url":"https:\/\/uibie.com\/index.php\/creation-de-colonies\/","og_site_name":"Uibie","article_publisher":"https:\/\/www.facebook.com\/uibieapiculture\/","article_modified_time":"2026-02-16T17:37:09+00:00","og_image":[{"width":2560,"height":1920,"url":"https:\/\/uibie.com\/wp-content\/uploads\/2024\/09\/20240928_185906-scaled.jpg","type":"image\/jpeg"}],"twitter_card":"summary_large_image","twitter_misc":{"Dur\u00e9e de lecture estim\u00e9e":"5 minutes"},"schema":{"@context":"https:\/\/schema.org","@graph":[{"@type":"WebPage","@id":"https:\/\/uibie.com\/index.php\/creation-de-colonies\/","url":"https:\/\/uibie.com\/index.php\/creation-de-colonies\/","name":"Cr\u00e9ation de colonies et \u00e9levage de reines - Uibie","isPartOf":{"@id":"https:\/\/uibie.com\/#website"},"primaryImageOfPage":{"@id":"https:\/\/uibie.com\/index.php\/creation-de-colonies\/#primaryimage"},"image":{"@id":"https:\/\/uibie.com\/index.php\/creation-de-colonies\/#primaryimage"},"thumbnailUrl":"https:\/\/uibie.com\/wp-content\/uploads\/2024\/09\/20240928_185906-300x225.jpg","datePublished":"2023-04-05T08:20:38+00:00","dateModified":"2026-02-16T17:37:09+00:00","breadcrumb":{"@id":"https:\/\/uibie.com\/index.php\/creation-de-colonies\/#breadcrumb"},"inLanguage":"fr-FR","potentialAction":[{"@type":"ReadAction","target":["https:\/\/uibie.com\/index.php\/creation-de-colonies\/"]}]},{"@type":"ImageObject","inLanguage":"fr-FR","@id":"https:\/\/uibie.com\/index.php\/creation-de-colonies\/#primaryimage","url":"https:\/\/uibie.com\/wp-content\/uploads\/2024\/09\/20240928_185906-scaled.jpg","contentUrl":"https:\/\/uibie.com\/wp-content\/uploads\/2024\/09\/20240928_185906-scaled.jpg","width":2560,"height":1920},{"@type":"BreadcrumbList","@id":"https:\/\/uibie.com\/index.php\/creation-de-colonies\/#breadcrumb","itemListElement":[{"@type":"ListItem","position":1,"name":"Accueil","item":"https:\/\/uibie.com\/"},{"@type":"ListItem","position":2,"name":"Cr\u00e9ation de colonies et \u00e9levage de reines"}]},{"@type":"WebSite","@id":"https:\/\/uibie.com\/#website","url":"https:\/\/uibie.com\/","name":"Uibie","description":"L&#039;apiculture avec Jason Garitan","publisher":{"@id":"https:\/\/uibie.com\/#organization"},"potentialAction":[{"@type":"SearchAction","target":{"@type":"EntryPoint","urlTemplate":"https:\/\/uibie.com\/?s={search_term_string}"},"query-input":{"@type":"PropertyValueSpecification","valueRequired":true,"valueName":"search_term_string"}}],"inLanguage":"fr-FR"},{"@type":"Organization","@id":"https:\/\/uibie.com\/#organization","name":"Uibie : apiculture urbaine avec Jason Garitan","url":"https:\/\/uibie.com\/","logo":{"@type":"ImageObject","inLanguage":"fr-FR","@id":"https:\/\/uibie.com\/#\/schema\/logo\/image\/","url":"https:\/\/uibie.com\/wp-content\/uploads\/2017\/07\/Uibie_FB_Pro1.png","contentUrl":"https:\/\/uibie.com\/wp-content\/uploads\/2017\/07\/Uibie_FB_Pro1.png","width":400,"height":400,"caption":"Uibie : apiculture urbaine avec Jason Garitan"},"image":{"@id":"https:\/\/uibie.com\/#\/schema\/logo\/image\/"},"sameAs":["https:\/\/www.facebook.com\/uibieapiculture\/","https:\/\/www.instagram.com\/uibieapiculture\/","https:\/\/fr.linkedin.com\/in\/jason-garitan-94a23a135"]}]}},"jetpack_sharing_enabled":true,"_links":{"self":[{"href":"https:\/\/uibie.com\/index.php\/wp-json\/wp\/v2\/pages\/8420"}],"collection":[{"href":"https:\/\/uibie.com\/index.php\/wp-json\/wp\/v2\/pages"}],"about":[{"href":"https:\/\/uibie.com\/index.php\/wp-json\/wp\/v2\/types\/page"}],"author":[{"embeddable":true,"href":"https:\/\/uibie.com\/index.php\/wp-json\/wp\/v2\/users\/1"}],"replies":[{"embeddable":true,"href":"https:\/\/uibie.com\/index.php\/wp-json\/wp\/v2\/comments?post=8420"}],"version-history":[{"count":89,"href":"https:\/\/uibie.com\/index.php\/wp-json\/wp\/v2\/pages\/8420\/revisions"}],"predecessor-version":[{"id":8787,"href":"https:\/\/uibie.com\/index.php\/wp-json\/wp\/v2\/pages\/8420\/revisions\/8787"}],"wp:attachment":[{"href":"https:\/\/uibie.com\/index.php\/wp-json\/wp\/v2\/media?parent=8420"}],"curies":[{"name":"wp","href":"https:\/\/api.w.org\/{rel}","templated":true}]}}