{"id":755,"date":"2017-09-30T10:21:53","date_gmt":"2017-09-30T09:21:53","guid":{"rendered":"https:\/\/uibie.com\/?page_id=755"},"modified":"2021-01-21T23:28:58","modified_gmt":"2021-01-21T22:28:58","slug":"abeilles-chez-caen-enrobes","status":"publish","type":"page","link":"https:\/\/uibie.com\/index.php\/abeilles-chez-caen-enrobes\/","title":{"rendered":"Des abeilles \u00e0 Caen Enrob\u00e9s"},"content":{"rendered":"<div id=\"pl-755\"  class=\"panel-layout\" ><div id=\"pg-755-0\"  class=\"panel-grid panel-has-style\" ><div class=\"panel-row-style panel-row-style-for-755-0\" ><div id=\"pgc-755-0-0\"  class=\"panel-grid-cell\" ><div id=\"panel-755-0-0-0\" class=\"so-panel widget widget_black-studio-tinymce widget_black_studio_tinymce panel-first-child panel-last-child\" data-index=\"0\" ><div class=\"textwidget\"><p><span class=\"\" style=\"display:block;clear:both;height: 0px;padding-top: 500px;border-top-width:0px;border-bottom-width:0px;\"><\/span><\/p>\n<\/div><\/div><\/div><\/div><\/div><div id=\"pg-755-1\"  class=\"panel-grid panel-no-style\" ><div id=\"pgc-755-1-0\"  class=\"panel-grid-cell panel-grid-cell-empty\" ><\/div><div id=\"pgc-755-1-1\"  class=\"panel-grid-cell\" ><div id=\"panel-755-1-1-0\" class=\"so-panel widget widget_black-studio-tinymce widget_black_studio_tinymce panel-first-child panel-last-child\" data-index=\"1\" ><div class=\"textwidget\"><p><span class=\"\" style=\"display:block;clear:both;height: 0px;padding-top: 20px;border-top-width:0px;border-bottom-width:0px;\"><\/span><img loading=\"lazy\" decoding=\"async\" class=\"aligncenter wp-image-756 size-medium\" src=\"https:\/\/uibie.com\/wp-content\/uploads\/2017\/09\/DSC_0991-200x300.jpg\" alt=\"Caen Enrob\u00e9s\" width=\"200\" height=\"300\" srcset=\"https:\/\/uibie.com\/wp-content\/uploads\/2017\/09\/DSC_0991-200x300.jpg 200w, https:\/\/uibie.com\/wp-content\/uploads\/2017\/09\/DSC_0991-1600x2400.jpg 1600w, https:\/\/uibie.com\/wp-content\/uploads\/2017\/09\/DSC_0991-768x1152.jpg 768w, https:\/\/uibie.com\/wp-content\/uploads\/2017\/09\/DSC_0991-683x1024.jpg 683w, https:\/\/uibie.com\/wp-content\/uploads\/2017\/09\/DSC_0991-33x50.jpg 33w\" sizes=\"(max-width: 200px) 100vw, 200px\" \/><\/p>\n<\/div><\/div><\/div><div id=\"pgc-755-1-2\"  class=\"panel-grid-cell panel-grid-cell-mobile-last\" ><div id=\"panel-755-1-2-0\" class=\"so-panel widget widget_black-studio-tinymce widget_black_studio_tinymce panel-first-child panel-last-child\" data-index=\"2\" ><h3 class=\"widget-title\">Caen Enrob\u00e9s a implant\u00e9 60 000 abeilles !<\/h3><div class=\"textwidget\"><p>Dans le cadre de sa politique d'am\u00e9lioration de l'environnement, Caen Enrob\u00e9s \u00e0 Blainville \u00e0 fait installer 1 ruche sur son site afin de participer \u00e0 la survie des abeilles et au maintien de la biodiversit\u00e9 !<\/p>\n<\/div><\/div><\/div><div id=\"pgc-755-1-3\"  class=\"panel-grid-cell panel-grid-cell-empty\" ><\/div><\/div><div id=\"pg-755-2\"  class=\"panel-grid panel-no-style\" ><div id=\"pgc-755-2-0\"  class=\"panel-grid-cell\" ><div id=\"panel-755-2-0-0\" class=\"so-panel widget widget_black-studio-tinymce widget_black_studio_tinymce panel-first-child panel-last-child\" data-index=\"3\" ><h3 class=\"widget-title\">L&rsquo;am\u00e9lioration continue de l&rsquo;environnement<\/h3><div class=\"textwidget\"><p>Dans le cadre de l'am\u00e9lioration continue de son site, Caen Enrob\u00e9s a install\u00e9 un bassin de d\u00e9pollution d'eau. Des arbres ont \u00e9galement \u00e9t\u00e9 plant\u00e9s afin de rendre le site plus naturel. C'est donc dans cette dynamique qu'une colonie d'abeilles a \u00e9t\u00e9 install\u00e9e afin de participer \u00e0 l'am\u00e9lioration de la biodiversit\u00e9.<\/p>\n<p>C'est aussi un engagement fort envers l'apiculture !\u00a0En effet, en France, depuis 1995, pr\u00e8s de 30 % des colonies d\u2019abeilles disparaissent chaque ann\u00e9e.\u00a0Et en 10 ans, 15 000 apiculteurs ont cess\u00e9 leur activit\u00e9.<\/p>\n<p>Ces quelques chiffres tr\u00e8s parlants donnent conscience du r\u00f4le essentiel de l'implication des entreprises dans le soutien des apiculteurs et ainsi contribuer au maintien de la biodiversit\u00e9.\u00a0<\/p>\n<\/div><\/div><\/div><\/div><div id=\"pg-755-3\"  class=\"panel-grid panel-has-style\" ><div class=\"panel-row-style panel-row-style-for-755-3\" ><div id=\"pgc-755-3-0\"  class=\"panel-grid-cell\" ><div id=\"panel-755-3-0-0\" class=\"so-panel widget widget_black-studio-tinymce widget_black_studio_tinymce panel-first-child panel-last-child\" data-index=\"4\" ><div class=\"textwidget\"><p><span class=\"\" style=\"display:block;clear:both;height: 0px;padding-top: 400px;border-top-width:0px;border-bottom-width:0px;\"><\/span><\/p>\n<p>Suivez les abeilles de Caen Enrob\u00e9s sur <a href=\"https:\/\/www.facebook.com\/uibieapiculture\/\">Facebook<\/a><\/p>\n<\/div><\/div><\/div><\/div><\/div><\/div>","protected":false},"excerpt":{"rendered":"<p>Dans le cadre de sa politique d&rsquo;am\u00e9lioration de l&rsquo;environnement, Caen Enrob\u00e9s \u00e0 Blainville \u00e0 fait installer 1 ruche sur son site afin de participer \u00e0 la survie des abeilles et au maintien de la biodiversit\u00e9 !<\/p>\n","protected":false},"author":1,"featured_media":0,"parent":0,"menu_order":0,"comment_status":"closed","ping_status":"closed","template":"template-fullwidth.php","meta":{"footnotes":""},"class_list":["post-755","page","type-page","status-publish","hentry"],"wppr_data":{"cwp_meta_box_check":"No"},"yoast_head":"<!-- This site is optimized with the Yoast SEO plugin v24.0 - https:\/\/yoast.com\/wordpress\/plugins\/seo\/ -->\n<title>Des abeilles chez Caen Enrob\u00e9s pour am\u00e9liorer la biodiversit\u00e9 !<\/title>\n<meta name=\"description\" content=\"Dans le cadre de sa politique d&#039;am\u00e9lioration de l&#039;environnement, Caen Enrob\u00e9s \u00e0 Blainville \u00e0 fait install\u00e9 1 ruche sur son site\" \/>\n<meta name=\"robots\" content=\"index, follow, max-snippet:-1, max-image-preview:large, max-video-preview:-1\" \/>\n<link rel=\"canonical\" href=\"https:\/\/uibie.com\/index.php\/abeilles-chez-caen-enrobes\/\" \/>\n<meta property=\"og:locale\" content=\"fr_FR\" \/>\n<meta property=\"og:type\" content=\"article\" \/>\n<meta property=\"og:title\" content=\"Des abeilles chez Caen Enrob\u00e9s pour am\u00e9liorer la biodiversit\u00e9 !\" \/>\n<meta property=\"og:description\" content=\"Dans le cadre de sa politique d&#039;am\u00e9lioration de l&#039;environnement, Caen Enrob\u00e9s \u00e0 Blainville \u00e0 fait install\u00e9 1 ruche sur son site\" \/>\n<meta property=\"og:url\" content=\"https:\/\/uibie.com\/index.php\/abeilles-chez-caen-enrobes\/\" \/>\n<meta property=\"og:site_name\" content=\"Uibie\" \/>\n<meta property=\"article:publisher\" content=\"https:\/\/www.facebook.com\/uibieapiculture\/\" \/>\n<meta property=\"article:modified_time\" content=\"2021-01-21T22:28:58+00:00\" \/>\n<meta property=\"og:image\" content=\"https:\/\/uibie.com\/wp-content\/uploads\/2017\/09\/DSC_0991-200x300.jpg\" \/>\n<meta name=\"twitter:card\" content=\"summary_large_image\" \/>\n<meta name=\"twitter:label1\" content=\"Dur\u00e9e de lecture estim\u00e9e\" \/>\n\t<meta name=\"twitter:data1\" content=\"1 minute\" \/>\n<script type=\"application\/ld+json\" class=\"yoast-schema-graph\">{\"@context\":\"https:\/\/schema.org\",\"@graph\":[{\"@type\":\"WebPage\",\"@id\":\"https:\/\/uibie.com\/index.php\/abeilles-chez-caen-enrobes\/\",\"url\":\"https:\/\/uibie.com\/index.php\/abeilles-chez-caen-enrobes\/\",\"name\":\"Des abeilles chez Caen Enrob\u00e9s pour am\u00e9liorer la biodiversit\u00e9 !\",\"isPartOf\":{\"@id\":\"https:\/\/uibie.com\/#website\"},\"primaryImageOfPage\":{\"@id\":\"https:\/\/uibie.com\/index.php\/abeilles-chez-caen-enrobes\/#primaryimage\"},\"image\":{\"@id\":\"https:\/\/uibie.com\/index.php\/abeilles-chez-caen-enrobes\/#primaryimage\"},\"thumbnailUrl\":\"https:\/\/uibie.com\/wp-content\/uploads\/2017\/09\/DSC_0991-200x300.jpg\",\"datePublished\":\"2017-09-30T09:21:53+00:00\",\"dateModified\":\"2021-01-21T22:28:58+00:00\",\"description\":\"Dans le cadre de sa politique d'am\u00e9lioration de l'environnement, Caen Enrob\u00e9s \u00e0 Blainville \u00e0 fait install\u00e9 1 ruche sur son site\",\"breadcrumb\":{\"@id\":\"https:\/\/uibie.com\/index.php\/abeilles-chez-caen-enrobes\/#breadcrumb\"},\"inLanguage\":\"fr-FR\",\"potentialAction\":[{\"@type\":\"ReadAction\",\"target\":[\"https:\/\/uibie.com\/index.php\/abeilles-chez-caen-enrobes\/\"]}]},{\"@type\":\"ImageObject\",\"inLanguage\":\"fr-FR\",\"@id\":\"https:\/\/uibie.com\/index.php\/abeilles-chez-caen-enrobes\/#primaryimage\",\"url\":\"https:\/\/uibie.com\/wp-content\/uploads\/2017\/09\/DSC_0991.jpg\",\"contentUrl\":\"https:\/\/uibie.com\/wp-content\/uploads\/2017\/09\/DSC_0991.jpg\",\"width\":4000,\"height\":6000},{\"@type\":\"BreadcrumbList\",\"@id\":\"https:\/\/uibie.com\/index.php\/abeilles-chez-caen-enrobes\/#breadcrumb\",\"itemListElement\":[{\"@type\":\"ListItem\",\"position\":1,\"name\":\"Accueil\",\"item\":\"https:\/\/uibie.com\/\"},{\"@type\":\"ListItem\",\"position\":2,\"name\":\"Des abeilles \u00e0 Caen Enrob\u00e9s\"}]},{\"@type\":\"WebSite\",\"@id\":\"https:\/\/uibie.com\/#website\",\"url\":\"https:\/\/uibie.com\/\",\"name\":\"Uibie\",\"description\":\"L&#039;apiculture avec Jason Garitan\",\"publisher\":{\"@id\":\"https:\/\/uibie.com\/#organization\"},\"potentialAction\":[{\"@type\":\"SearchAction\",\"target\":{\"@type\":\"EntryPoint\",\"urlTemplate\":\"https:\/\/uibie.com\/?s={search_term_string}\"},\"query-input\":{\"@type\":\"PropertyValueSpecification\",\"valueRequired\":true,\"valueName\":\"search_term_string\"}}],\"inLanguage\":\"fr-FR\"},{\"@type\":\"Organization\",\"@id\":\"https:\/\/uibie.com\/#organization\",\"name\":\"Uibie : apiculture urbaine avec Jason Garitan\",\"url\":\"https:\/\/uibie.com\/\",\"logo\":{\"@type\":\"ImageObject\",\"inLanguage\":\"fr-FR\",\"@id\":\"https:\/\/uibie.com\/#\/schema\/logo\/image\/\",\"url\":\"https:\/\/uibie.com\/wp-content\/uploads\/2017\/07\/Uibie_FB_Pro1.png\",\"contentUrl\":\"https:\/\/uibie.com\/wp-content\/uploads\/2017\/07\/Uibie_FB_Pro1.png\",\"width\":400,\"height\":400,\"caption\":\"Uibie : apiculture urbaine avec Jason Garitan\"},\"image\":{\"@id\":\"https:\/\/uibie.com\/#\/schema\/logo\/image\/\"},\"sameAs\":[\"https:\/\/www.facebook.com\/uibieapiculture\/\",\"https:\/\/www.instagram.com\/uibieapiculture\/\",\"https:\/\/fr.linkedin.com\/in\/jason-garitan-94a23a135\"]}]}<\/script>\n<!-- \/ Yoast SEO plugin. -->","yoast_head_json":{"title":"Des abeilles chez Caen Enrob\u00e9s pour am\u00e9liorer la biodiversit\u00e9 !","description":"Dans le cadre de sa politique d'am\u00e9lioration de l'environnement, Caen Enrob\u00e9s \u00e0 Blainville \u00e0 fait install\u00e9 1 ruche sur son site","robots":{"index":"index","follow":"follow","max-snippet":"max-snippet:-1","max-image-preview":"max-image-preview:large","max-video-preview":"max-video-preview:-1"},"canonical":"https:\/\/uibie.com\/index.php\/abeilles-chez-caen-enrobes\/","og_locale":"fr_FR","og_type":"article","og_title":"Des abeilles chez Caen Enrob\u00e9s pour am\u00e9liorer la biodiversit\u00e9 !","og_description":"Dans le cadre de sa politique d'am\u00e9lioration de l'environnement, Caen Enrob\u00e9s \u00e0 Blainville \u00e0 fait install\u00e9 1 ruche sur son site","og_url":"https:\/\/uibie.com\/index.php\/abeilles-chez-caen-enrobes\/","og_site_name":"Uibie","article_publisher":"https:\/\/www.facebook.com\/uibieapiculture\/","article_modified_time":"2021-01-21T22:28:58+00:00","og_image":[{"url":"https:\/\/uibie.com\/wp-content\/uploads\/2017\/09\/DSC_0991-200x300.jpg","type":"","width":"","height":""}],"twitter_card":"summary_large_image","twitter_misc":{"Dur\u00e9e de lecture estim\u00e9e":"1 minute"},"schema":{"@context":"https:\/\/schema.org","@graph":[{"@type":"WebPage","@id":"https:\/\/uibie.com\/index.php\/abeilles-chez-caen-enrobes\/","url":"https:\/\/uibie.com\/index.php\/abeilles-chez-caen-enrobes\/","name":"Des abeilles chez Caen Enrob\u00e9s pour am\u00e9liorer la biodiversit\u00e9 !","isPartOf":{"@id":"https:\/\/uibie.com\/#website"},"primaryImageOfPage":{"@id":"https:\/\/uibie.com\/index.php\/abeilles-chez-caen-enrobes\/#primaryimage"},"image":{"@id":"https:\/\/uibie.com\/index.php\/abeilles-chez-caen-enrobes\/#primaryimage"},"thumbnailUrl":"https:\/\/uibie.com\/wp-content\/uploads\/2017\/09\/DSC_0991-200x300.jpg","datePublished":"2017-09-30T09:21:53+00:00","dateModified":"2021-01-21T22:28:58+00:00","description":"Dans le cadre de sa politique d'am\u00e9lioration de l'environnement, Caen Enrob\u00e9s \u00e0 Blainville \u00e0 fait install\u00e9 1 ruche sur son site","breadcrumb":{"@id":"https:\/\/uibie.com\/index.php\/abeilles-chez-caen-enrobes\/#breadcrumb"},"inLanguage":"fr-FR","potentialAction":[{"@type":"ReadAction","target":["https:\/\/uibie.com\/index.php\/abeilles-chez-caen-enrobes\/"]}]},{"@type":"ImageObject","inLanguage":"fr-FR","@id":"https:\/\/uibie.com\/index.php\/abeilles-chez-caen-enrobes\/#primaryimage","url":"https:\/\/uibie.com\/wp-content\/uploads\/2017\/09\/DSC_0991.jpg","contentUrl":"https:\/\/uibie.com\/wp-content\/uploads\/2017\/09\/DSC_0991.jpg","width":4000,"height":6000},{"@type":"BreadcrumbList","@id":"https:\/\/uibie.com\/index.php\/abeilles-chez-caen-enrobes\/#breadcrumb","itemListElement":[{"@type":"ListItem","position":1,"name":"Accueil","item":"https:\/\/uibie.com\/"},{"@type":"ListItem","position":2,"name":"Des abeilles \u00e0 Caen Enrob\u00e9s"}]},{"@type":"WebSite","@id":"https:\/\/uibie.com\/#website","url":"https:\/\/uibie.com\/","name":"Uibie","description":"L&#039;apiculture avec Jason Garitan","publisher":{"@id":"https:\/\/uibie.com\/#organization"},"potentialAction":[{"@type":"SearchAction","target":{"@type":"EntryPoint","urlTemplate":"https:\/\/uibie.com\/?s={search_term_string}"},"query-input":{"@type":"PropertyValueSpecification","valueRequired":true,"valueName":"search_term_string"}}],"inLanguage":"fr-FR"},{"@type":"Organization","@id":"https:\/\/uibie.com\/#organization","name":"Uibie : apiculture urbaine avec Jason Garitan","url":"https:\/\/uibie.com\/","logo":{"@type":"ImageObject","inLanguage":"fr-FR","@id":"https:\/\/uibie.com\/#\/schema\/logo\/image\/","url":"https:\/\/uibie.com\/wp-content\/uploads\/2017\/07\/Uibie_FB_Pro1.png","contentUrl":"https:\/\/uibie.com\/wp-content\/uploads\/2017\/07\/Uibie_FB_Pro1.png","width":400,"height":400,"caption":"Uibie : apiculture urbaine avec Jason Garitan"},"image":{"@id":"https:\/\/uibie.com\/#\/schema\/logo\/image\/"},"sameAs":["https:\/\/www.facebook.com\/uibieapiculture\/","https:\/\/www.instagram.com\/uibieapiculture\/","https:\/\/fr.linkedin.com\/in\/jason-garitan-94a23a135"]}]}},"jetpack_sharing_enabled":true,"_links":{"self":[{"href":"https:\/\/uibie.com\/index.php\/wp-json\/wp\/v2\/pages\/755"}],"collection":[{"href":"https:\/\/uibie.com\/index.php\/wp-json\/wp\/v2\/pages"}],"about":[{"href":"https:\/\/uibie.com\/index.php\/wp-json\/wp\/v2\/types\/page"}],"author":[{"embeddable":true,"href":"https:\/\/uibie.com\/index.php\/wp-json\/wp\/v2\/users\/1"}],"replies":[{"embeddable":true,"href":"https:\/\/uibie.com\/index.php\/wp-json\/wp\/v2\/comments?post=755"}],"version-history":[{"count":30,"href":"https:\/\/uibie.com\/index.php\/wp-json\/wp\/v2\/pages\/755\/revisions"}],"predecessor-version":[{"id":1192,"href":"https:\/\/uibie.com\/index.php\/wp-json\/wp\/v2\/pages\/755\/revisions\/1192"}],"wp:attachment":[{"href":"https:\/\/uibie.com\/index.php\/wp-json\/wp\/v2\/media?parent=755"}],"curies":[{"name":"wp","href":"https:\/\/api.w.org\/{rel}","templated":true}]}}