{"id":6462,"date":"2020-02-13T17:28:02","date_gmt":"2020-02-13T16:28:02","guid":{"rendered":"https:\/\/uibie.com\/?page_id=6462"},"modified":"2021-02-26T14:34:01","modified_gmt":"2021-02-26T13:34:01","slug":"politique-de-confidentialite","status":"publish","type":"page","link":"https:\/\/uibie.com\/index.php\/politique-de-confidentialite\/","title":{"rendered":"Politique de confidentialit\u00e9"},"content":{"rendered":"<div id=\"pl-6462\"  class=\"panel-layout\" ><div id=\"pg-6462-0\"  class=\"panel-grid panel-no-style\" ><div id=\"pgc-6462-0-0\"  class=\"panel-grid-cell\" ><div id=\"panel-6462-0-0-0\" class=\"so-panel widget widget_black-studio-tinymce widget_black_studio_tinymce panel-first-child panel-last-child\" data-index=\"0\" ><div class=\"textwidget\"><h1>Politique de confidentialit\u00e9<\/h1>\n<p>Coordonn\u00e9es du d\u00e9l\u00e9gu\u00e9 \u00e0 la protection des donn\u00e9es de l'organisme :<\/p>\n<p>Jason Garitan<br \/>\n4 rue Jean Rostand<br \/>\n14460 Colombelles<br \/>\n06 32 05 77 28<br \/>\njason.garitan@uibie.com<\/p>\n<p>&nbsp;<\/p>\n<h3><strong>Informations personnelles et libert\u00e9s :<\/strong><\/h3>\n<p>Les informations recueillies font l\u2019objet d\u2019un traitement informatique et sont n\u00e9cessaires \u00e0 la <strong>gestion de la transaction et au bon d\u00e9roulement du processus de commande<\/strong> sur le site\u00a0<strong>www.uibie.com<\/strong>. Le destinataire des donn\u00e9es est uniquement le site<strong>\u00a0www.uibie.com.<br \/>\n<\/strong>En cas de mauvaise r\u00e9ponse pendant collecte des donn\u00e9es dans le processus de commande, celle-ci ne pourra pas parvenir correctement \u00e0 son destinataire. <a href=\"https:\/\/uibie.com\/index.php\/conditions-generales-de-vente\/\"><strong>Voir aussi nos CGV<\/strong><\/a>. Le destinataire sera responsable de ces erreurs.<\/p>\n<p>Vous pouvez, \u00e0 tout moment faire valoir votre droit d'opposition, d'interrogation, d'acc\u00e9s et de rectification de vos donn\u00e9es <a href=\"https:\/\/uibie.com\/wp-content\/uploads\/2020\/02\/formulaire-de-don\u00e9e.pdf\">via ce formulaire<\/a> \u00e0 compl\u00e9ter et envoyer :<\/p>\n<p style=\"text-align: center;\">Par email : jason.garitan@uibie.com<br \/>\nPar courrier postal : Uibie, 4 rue Jean Rostand, 14460 Colombelles<\/p>\n<p style=\"text-align: center;\"><a href=\"https:\/\/uibie.com\/wp-content\/uploads\/2020\/02\/formulaire-de-don\u00e9e.pdf\">T\u00e9l\u00e9charger le formulaire de demande<\/a><\/p>\n<p>Conform\u00e9ment \u00e0 la loi \u00ab informatique et libert\u00e9s \u00bb du 6 janvier 1978 modifi\u00e9e en 2004, vous b\u00e9n\u00e9ficiez d\u2019un droit d\u2019acc\u00e8s et de rectification aux informations qui vous concernent, que vous pouvez exercer en vous adressant \u00e0 jason.garitan@uibie.com . Vous pouvez \u00e9galement, pour des motifs l\u00e9gitimes, vous opposer au traitement des donn\u00e9es vous concernant.<\/p>\n<\/div><\/div><\/div><\/div><\/div>","protected":false},"excerpt":{"rendered":"<p>Politique de confidentialit\u00e9 Coordonn\u00e9es du d\u00e9l\u00e9gu\u00e9 \u00e0 la protection des donn\u00e9es de l&rsquo;organisme : Jason Garitan 4 rue Jean Rostand 14460 Colombelles 06 32 05 77 28 jason.garitan@uibie.com &nbsp; Informations personnelles et libert\u00e9s : Les informations recueillies font l\u2019objet d\u2019un traitement informatique et sont n\u00e9cessaires \u00e0 la gestion de la transaction et au bon d\u00e9roulement<a href=\"https:\/\/uibie.com\/index.php\/politique-de-confidentialite\/\">[&#8230;]<\/a><\/p>\n","protected":false},"author":1,"featured_media":0,"parent":0,"menu_order":0,"comment_status":"closed","ping_status":"closed","template":"template-fullwidth-no-title.php","meta":{"footnotes":""},"class_list":["post-6462","page","type-page","status-publish","hentry"],"wppr_data":{"cwp_meta_box_check":"No"},"yoast_head":"<!-- This site is optimized with the Yoast SEO plugin v24.0 - https:\/\/yoast.com\/wordpress\/plugins\/seo\/ -->\n<title>Politique de confidentialit\u00e9 - Uibie<\/title>\n<meta name=\"robots\" content=\"index, follow, max-snippet:-1, max-image-preview:large, max-video-preview:-1\" \/>\n<link rel=\"canonical\" href=\"https:\/\/uibie.com\/index.php\/politique-de-confidentialite\/\" \/>\n<meta property=\"og:locale\" content=\"fr_FR\" \/>\n<meta property=\"og:type\" content=\"article\" \/>\n<meta property=\"og:title\" content=\"Politique de confidentialit\u00e9 - Uibie\" \/>\n<meta property=\"og:description\" content=\"Politique de confidentialit\u00e9 Coordonn\u00e9es du d\u00e9l\u00e9gu\u00e9 \u00e0 la protection des donn\u00e9es de l&#039;organisme : Jason Garitan 4 rue Jean Rostand 14460 Colombelles 06 32 05 77 28 jason.garitan@uibie.com &nbsp; Informations personnelles et libert\u00e9s : Les informations recueillies font l\u2019objet d\u2019un traitement informatique et sont n\u00e9cessaires \u00e0 la gestion de la transaction et au bon d\u00e9roulement[...]\" \/>\n<meta property=\"og:url\" content=\"https:\/\/uibie.com\/index.php\/politique-de-confidentialite\/\" \/>\n<meta property=\"og:site_name\" content=\"Uibie\" \/>\n<meta property=\"article:publisher\" content=\"https:\/\/www.facebook.com\/uibieapiculture\/\" \/>\n<meta property=\"article:modified_time\" content=\"2021-02-26T13:34:01+00:00\" \/>\n<meta name=\"twitter:card\" content=\"summary_large_image\" \/>\n<meta name=\"twitter:label1\" content=\"Dur\u00e9e de lecture estim\u00e9e\" \/>\n\t<meta name=\"twitter:data1\" content=\"1 minute\" \/>\n<script type=\"application\/ld+json\" class=\"yoast-schema-graph\">{\"@context\":\"https:\/\/schema.org\",\"@graph\":[{\"@type\":\"WebPage\",\"@id\":\"https:\/\/uibie.com\/index.php\/politique-de-confidentialite\/\",\"url\":\"https:\/\/uibie.com\/index.php\/politique-de-confidentialite\/\",\"name\":\"Politique de confidentialit\u00e9 - Uibie\",\"isPartOf\":{\"@id\":\"https:\/\/uibie.com\/#website\"},\"datePublished\":\"2020-02-13T16:28:02+00:00\",\"dateModified\":\"2021-02-26T13:34:01+00:00\",\"breadcrumb\":{\"@id\":\"https:\/\/uibie.com\/index.php\/politique-de-confidentialite\/#breadcrumb\"},\"inLanguage\":\"fr-FR\",\"potentialAction\":[{\"@type\":\"ReadAction\",\"target\":[\"https:\/\/uibie.com\/index.php\/politique-de-confidentialite\/\"]}]},{\"@type\":\"BreadcrumbList\",\"@id\":\"https:\/\/uibie.com\/index.php\/politique-de-confidentialite\/#breadcrumb\",\"itemListElement\":[{\"@type\":\"ListItem\",\"position\":1,\"name\":\"Accueil\",\"item\":\"https:\/\/uibie.com\/\"},{\"@type\":\"ListItem\",\"position\":2,\"name\":\"Politique de confidentialit\u00e9\"}]},{\"@type\":\"WebSite\",\"@id\":\"https:\/\/uibie.com\/#website\",\"url\":\"https:\/\/uibie.com\/\",\"name\":\"Uibie\",\"description\":\"L&#039;apiculture avec Jason Garitan\",\"publisher\":{\"@id\":\"https:\/\/uibie.com\/#organization\"},\"potentialAction\":[{\"@type\":\"SearchAction\",\"target\":{\"@type\":\"EntryPoint\",\"urlTemplate\":\"https:\/\/uibie.com\/?s={search_term_string}\"},\"query-input\":{\"@type\":\"PropertyValueSpecification\",\"valueRequired\":true,\"valueName\":\"search_term_string\"}}],\"inLanguage\":\"fr-FR\"},{\"@type\":\"Organization\",\"@id\":\"https:\/\/uibie.com\/#organization\",\"name\":\"Uibie : apiculture urbaine avec Jason Garitan\",\"url\":\"https:\/\/uibie.com\/\",\"logo\":{\"@type\":\"ImageObject\",\"inLanguage\":\"fr-FR\",\"@id\":\"https:\/\/uibie.com\/#\/schema\/logo\/image\/\",\"url\":\"https:\/\/uibie.com\/wp-content\/uploads\/2017\/07\/Uibie_FB_Pro1.png\",\"contentUrl\":\"https:\/\/uibie.com\/wp-content\/uploads\/2017\/07\/Uibie_FB_Pro1.png\",\"width\":400,\"height\":400,\"caption\":\"Uibie : apiculture urbaine avec Jason Garitan\"},\"image\":{\"@id\":\"https:\/\/uibie.com\/#\/schema\/logo\/image\/\"},\"sameAs\":[\"https:\/\/www.facebook.com\/uibieapiculture\/\",\"https:\/\/www.instagram.com\/uibieapiculture\/\",\"https:\/\/fr.linkedin.com\/in\/jason-garitan-94a23a135\"]}]}<\/script>\n<!-- \/ Yoast SEO plugin. -->","yoast_head_json":{"title":"Politique de confidentialit\u00e9 - Uibie","robots":{"index":"index","follow":"follow","max-snippet":"max-snippet:-1","max-image-preview":"max-image-preview:large","max-video-preview":"max-video-preview:-1"},"canonical":"https:\/\/uibie.com\/index.php\/politique-de-confidentialite\/","og_locale":"fr_FR","og_type":"article","og_title":"Politique de confidentialit\u00e9 - Uibie","og_description":"Politique de confidentialit\u00e9 Coordonn\u00e9es du d\u00e9l\u00e9gu\u00e9 \u00e0 la protection des donn\u00e9es de l'organisme : Jason Garitan 4 rue Jean Rostand 14460 Colombelles 06 32 05 77 28 jason.garitan@uibie.com &nbsp; Informations personnelles et libert\u00e9s : Les informations recueillies font l\u2019objet d\u2019un traitement informatique et sont n\u00e9cessaires \u00e0 la gestion de la transaction et au bon d\u00e9roulement[...]","og_url":"https:\/\/uibie.com\/index.php\/politique-de-confidentialite\/","og_site_name":"Uibie","article_publisher":"https:\/\/www.facebook.com\/uibieapiculture\/","article_modified_time":"2021-02-26T13:34:01+00:00","twitter_card":"summary_large_image","twitter_misc":{"Dur\u00e9e de lecture estim\u00e9e":"1 minute"},"schema":{"@context":"https:\/\/schema.org","@graph":[{"@type":"WebPage","@id":"https:\/\/uibie.com\/index.php\/politique-de-confidentialite\/","url":"https:\/\/uibie.com\/index.php\/politique-de-confidentialite\/","name":"Politique de confidentialit\u00e9 - Uibie","isPartOf":{"@id":"https:\/\/uibie.com\/#website"},"datePublished":"2020-02-13T16:28:02+00:00","dateModified":"2021-02-26T13:34:01+00:00","breadcrumb":{"@id":"https:\/\/uibie.com\/index.php\/politique-de-confidentialite\/#breadcrumb"},"inLanguage":"fr-FR","potentialAction":[{"@type":"ReadAction","target":["https:\/\/uibie.com\/index.php\/politique-de-confidentialite\/"]}]},{"@type":"BreadcrumbList","@id":"https:\/\/uibie.com\/index.php\/politique-de-confidentialite\/#breadcrumb","itemListElement":[{"@type":"ListItem","position":1,"name":"Accueil","item":"https:\/\/uibie.com\/"},{"@type":"ListItem","position":2,"name":"Politique de confidentialit\u00e9"}]},{"@type":"WebSite","@id":"https:\/\/uibie.com\/#website","url":"https:\/\/uibie.com\/","name":"Uibie","description":"L&#039;apiculture avec Jason Garitan","publisher":{"@id":"https:\/\/uibie.com\/#organization"},"potentialAction":[{"@type":"SearchAction","target":{"@type":"EntryPoint","urlTemplate":"https:\/\/uibie.com\/?s={search_term_string}"},"query-input":{"@type":"PropertyValueSpecification","valueRequired":true,"valueName":"search_term_string"}}],"inLanguage":"fr-FR"},{"@type":"Organization","@id":"https:\/\/uibie.com\/#organization","name":"Uibie : apiculture urbaine avec Jason Garitan","url":"https:\/\/uibie.com\/","logo":{"@type":"ImageObject","inLanguage":"fr-FR","@id":"https:\/\/uibie.com\/#\/schema\/logo\/image\/","url":"https:\/\/uibie.com\/wp-content\/uploads\/2017\/07\/Uibie_FB_Pro1.png","contentUrl":"https:\/\/uibie.com\/wp-content\/uploads\/2017\/07\/Uibie_FB_Pro1.png","width":400,"height":400,"caption":"Uibie : apiculture urbaine avec Jason Garitan"},"image":{"@id":"https:\/\/uibie.com\/#\/schema\/logo\/image\/"},"sameAs":["https:\/\/www.facebook.com\/uibieapiculture\/","https:\/\/www.instagram.com\/uibieapiculture\/","https:\/\/fr.linkedin.com\/in\/jason-garitan-94a23a135"]}]}},"jetpack_sharing_enabled":true,"_links":{"self":[{"href":"https:\/\/uibie.com\/index.php\/wp-json\/wp\/v2\/pages\/6462"}],"collection":[{"href":"https:\/\/uibie.com\/index.php\/wp-json\/wp\/v2\/pages"}],"about":[{"href":"https:\/\/uibie.com\/index.php\/wp-json\/wp\/v2\/types\/page"}],"author":[{"embeddable":true,"href":"https:\/\/uibie.com\/index.php\/wp-json\/wp\/v2\/users\/1"}],"replies":[{"embeddable":true,"href":"https:\/\/uibie.com\/index.php\/wp-json\/wp\/v2\/comments?post=6462"}],"version-history":[{"count":3,"href":"https:\/\/uibie.com\/index.php\/wp-json\/wp\/v2\/pages\/6462\/revisions"}],"predecessor-version":[{"id":7771,"href":"https:\/\/uibie.com\/index.php\/wp-json\/wp\/v2\/pages\/6462\/revisions\/7771"}],"wp:attachment":[{"href":"https:\/\/uibie.com\/index.php\/wp-json\/wp\/v2\/media?parent=6462"}],"curies":[{"name":"wp","href":"https:\/\/api.w.org\/{rel}","templated":true}]}}