{"id":6058,"date":"2020-01-29T15:20:17","date_gmt":"2020-01-29T14:20:17","guid":{"rendered":"https:\/\/uibie.com\/?page_id=6058"},"modified":"2026-04-11T01:37:39","modified_gmt":"2026-04-11T00:37:39","slug":"essaims-et-reines","status":"publish","type":"page","link":"https:\/\/uibie.com\/index.php\/essaims-et-reines\/","title":{"rendered":"Essaims"},"content":{"rendered":"<div id=\"pl-gb6058-6a04af167bfab\"  class=\"panel-layout\" ><div id=\"pg-gb6058-6a04af167bfab-0\"  class=\"panel-grid panel-has-style\" ><div class=\"siteorigin-panels-stretch panel-row-style panel-row-style-for-gb6058-6a04af167bfab-0\" data-stretch-type=\"full\" ><div id=\"pgc-gb6058-6a04af167bfab-0-0\"  class=\"panel-grid-cell\" ><div id=\"panel-gb6058-6a04af167bfab-0-0-0\" class=\"so-panel widget widget_black-studio-tinymce widget_black_studio_tinymce panel-first-child panel-last-child\" data-index=\"0\" ><div class=\"textwidget\"><p><span class=\"\" style=\"display:block;clear:both;height: 0px;padding-top: 400px;border-top-width:0px;border-bottom-width:0px;\"><\/span><\/p>\n<\/div><\/div><\/div><\/div><\/div><\/div>\n\n\n<div class=\"wp-block-columns is-layout-flex wp-container-core-columns-is-layout-1 wp-block-columns-is-layout-flex\">\n<div class=\"wp-block-column is-layout-flow wp-block-column-is-layout-flow\" style=\"flex-basis:100%\">\n<div class=\"wp-block-group\"><div class=\"wp-block-group__inner-container is-layout-flow wp-block-group-is-layout-flow\"><div id=\"pl-gb6058-6a04af167ed76\"  class=\"panel-layout wp-block-siteorigin-panels-layout-block\" ><div id=\"pg-gb6058-6a04af167ed76-0\"  class=\"panel-grid panel-no-style\" ><div id=\"pgc-gb6058-6a04af167ed76-0-0\"  class=\"panel-grid-cell\" ><div id=\"panel-gb6058-6a04af167ed76-0-0-0\" class=\"so-panel widget widget_black-studio-tinymce widget_black_studio_tinymce panel-first-child panel-last-child\" data-index=\"0\" ><div class=\"textwidget\"><h1 style=\"text-align: center;\"><strong><span class=\"\" style=\"display:block;clear:both;height: 0px;padding-top: 50px;border-top-width:0px;border-bottom-width:0px;\"><\/span>R\u00e9servez d\u00e8s maintenant vos essaims pour l&rsquo;ann\u00e9e 2026.<\/strong><\/h1>\n<\/div><\/div><\/div><\/div><div id=\"pg-gb6058-6a04af167ed76-1\"  class=\"panel-grid panel-no-style\" ><div id=\"pgc-gb6058-6a04af167ed76-1-0\"  class=\"panel-grid-cell\" ><div id=\"panel-gb6058-6a04af167ed76-1-0-0\" class=\"so-panel widget widget_black-studio-tinymce widget_black_studio_tinymce panel-first-child panel-last-child\" data-index=\"1\" ><h3 class=\"widget-title\">Essaims<\/h3><div class=\"textwidget\"><\/div><\/div><\/div><div id=\"pgc-gb6058-6a04af167ed76-1-1\"  class=\"panel-grid-cell panel-grid-cell-empty panel-grid-cell-mobile-last\" ><\/div><div id=\"pgc-gb6058-6a04af167ed76-1-2\"  class=\"panel-grid-cell panel-grid-cell-empty\" ><\/div><\/div><div id=\"pg-gb6058-6a04af167ed76-2\"  class=\"panel-grid panel-no-style\" ><div id=\"pgc-gb6058-6a04af167ed76-2-0\"  class=\"panel-grid-cell\" ><div id=\"panel-gb6058-6a04af167ed76-2-0-0\" class=\"so-panel widget widget_black-studio-tinymce widget_black_studio_tinymce panel-first-child panel-last-child\" data-index=\"2\" ><div class=\"textwidget\"><p>Les essaims produits sur notre exploitation sont disponibles sur 5 cadres Dadant ou Warr\u00e9. Les essaims hivern\u00e9s sont livrables en avril. Les essaims de l&rsquo;ann\u00e9e sont livrables de mi-juin \u00e0 juillet.<\/p>\n<p>Nos souches d&rsquo;abeilles noires sont test\u00e9es avec le logiciel fl\u00fcgel-index avec l&rsquo;objectif d&rsquo;atteindre une puret\u00e9 \u00e0 plus de 90%.<\/p>\n<p>Le vol nuptial des reines se fait \u00e0 partir de nos ruchers de f\u00e9condation o\u00f9 nous saturons l&rsquo;espace en faux-bourdons noirs issus \u00e9galement de souches s\u00e9lectionn\u00e9es.<\/p><\/div><\/div><\/div><div id=\"pgc-gb6058-6a04af167ed76-2-1\"  class=\"panel-grid-cell panel-grid-cell-empty\" ><\/div><div id=\"pgc-gb6058-6a04af167ed76-2-2\"  class=\"panel-grid-cell\" ><div id=\"panel-gb6058-6a04af167ed76-2-2-0\" class=\"so-panel widget widget_black-studio-tinymce widget_black_studio_tinymce panel-first-child panel-last-child\" data-index=\"3\" ><h3 class=\"widget-title\">Comment r\u00e9server ?<\/h3><div class=\"textwidget\"><div class=\"textwidget\">\n<p>R\u00e9servez vos essaims par mail \u00e0 <strong>commande@uibie.com<\/strong> en <strong>pr\u00e9cisant vos coordonn\u00e9es <\/strong>(nom, pr\u00e9nom et t\u00e9l\u00e9phone)<strong> ainsi que le mod\u00e8le de ruche, le nombre et type d\u2019essaims souhait\u00e9s<\/strong>.<\/p>\n<p>Les r\u00e9servations sont prises dans l\u2019ordre d\u2019arriv\u00e9e. Nous limitons le nombre de r\u00e9servations \u00e9quivalant \u00e0 notre capacit\u00e9 de production.<\/p>\n<\/div>\n<\/div><\/div><\/div><\/div><div id=\"pg-gb6058-6a04af167ed76-3\"  class=\"panel-grid panel-no-style\" ><div id=\"pgc-gb6058-6a04af167ed76-3-0\"  class=\"panel-grid-cell\" ><div id=\"panel-gb6058-6a04af167ed76-3-0-0\" class=\"so-panel widget widget_black-studio-tinymce widget_black_studio_tinymce panel-first-child panel-last-child\" data-index=\"4\" ><h3 class=\"widget-title\">Tarifs essaims 2025<\/h3><div class=\"textwidget\"><\/div><\/div><\/div><div id=\"pgc-gb6058-6a04af167ed76-3-1\"  class=\"panel-grid-cell panel-grid-cell-empty\" ><\/div><div id=\"pgc-gb6058-6a04af167ed76-3-2\"  class=\"panel-grid-cell panel-grid-cell-empty panel-grid-cell-mobile-last\" ><\/div><div id=\"pgc-gb6058-6a04af167ed76-3-3\"  class=\"panel-grid-cell panel-grid-cell-empty\" ><\/div><\/div><div id=\"pg-gb6058-6a04af167ed76-4\"  class=\"panel-grid panel-no-style\" ><div id=\"pgc-gb6058-6a04af167ed76-4-0\"  class=\"panel-grid-cell\" ><div id=\"panel-gb6058-6a04af167ed76-4-0-0\" class=\"so-panel widget widget_black-studio-tinymce widget_black_studio_tinymce panel-first-child panel-last-child\" data-index=\"5\" ><div class=\"textwidget\"><h4 style=\"text-align: center;\"><strong>Essaims hivern\u00e9s<\/strong><\/h4>\n<p style=\"text-align: center;\">Dadant ou Warr\u00e9 (sur 5 cadres).<\/p>\n<ul>\n<li style=\"text-align: left;\"><strong>1 essaim : 205 \u20ac T.T.C<\/strong><\/li>\n<li style=\"text-align: left;\"><strong>2 \u00e0 4 essaims : 195 \u20ac T.T.C<\/strong><\/li>\n<li style=\"text-align: left;\"><strong>5 \u00e0 9 essaims : 185 \u20ac T.T.C.<\/strong><\/li>\n<li style=\"text-align: left;\"><strong>10 \u00e0 19 essaims : 175 \u20ac T.T.C.<\/strong><\/li>\n<li style=\"text-align: left;\"><strong>20 et plus : 165 euros T.T.C<\/strong><\/li>\n<\/ul>\n<\/div><\/div><\/div><div id=\"pgc-gb6058-6a04af167ed76-4-1\"  class=\"panel-grid-cell\" ><div id=\"panel-gb6058-6a04af167ed76-4-1-0\" class=\"so-panel widget widget_black-studio-tinymce widget_black_studio_tinymce panel-first-child panel-last-child\" data-index=\"6\" ><div class=\"textwidget\"><h4 style=\"text-align: center;\"><strong>Essaims de l&rsquo;ann\u00e9e<\/strong><\/h4>\n<p style=\"text-align: center;\">Dadant ou Warr\u00e9 (sur 5 cadres)<\/p>\n<ul>\n<li style=\"text-align: left;\"><strong>1 essaim : 165 \u20ac T.T.C<br \/><\/strong><\/li>\n<li style=\"text-align: left;\"><strong>2 \u00e0 4 essaims : 155 \u20ac T.T.C<\/strong><\/li>\n<li style=\"text-align: left;\"><strong>5 \u00e0 9 essaims : 145 \u20ac T.T.C.<\/strong><\/li>\n<li style=\"text-align: left;\"><strong>10 \u00e0 19 essaims : 135 \u20ac T.T.C.<\/strong><\/li>\n<li style=\"text-align: left;\"><strong>20 et plus : 125 euros T.T.C<\/strong><\/li>\n<\/ul>\n<\/div><\/div><\/div><div id=\"pgc-gb6058-6a04af167ed76-4-2\"  class=\"panel-grid-cell\" ><div id=\"panel-gb6058-6a04af167ed76-4-2-0\" class=\"so-panel widget widget_black-studio-tinymce widget_black_studio_tinymce panel-first-child panel-last-child\" data-index=\"7\" ><div class=\"textwidget\"><h4 style=\"text-align: center;\"><strong>Essaims nus<\/strong><\/h4>\n<p style=\"text-align: center;\">(pouvant couvrir 5 cadres)<\/p>\n<ul>\n<li style=\"text-align: left;\"><strong>1 essaim nu : 110 \u20ac T.T.C<br \/><\/strong><\/li>\n<li style=\"text-align: left;\"><strong>2 \u00e0 4 essaims nus : 100 \u20ac T.T.C<\/strong><\/li>\n<li style=\"text-align: left;\"><strong>5 \u00e0 9 essaims nus : 90 \u20ac T.T.C.<\/strong><\/li>\n<li style=\"text-align: left;\"><strong>10 \u00e0 19 essaims nus : 80 \u20ac T.T.C.<\/strong><\/li>\n<li style=\"text-align: left;\"><strong>20 et plus : 70 euros T.T.C<\/strong><\/li>\n<\/ul>\n<\/div><\/div><\/div><div id=\"pgc-gb6058-6a04af167ed76-4-3\"  class=\"panel-grid-cell\" ><div id=\"panel-gb6058-6a04af167ed76-4-3-0\" class=\"so-panel widget widget_black-studio-tinymce widget_black_studio_tinymce panel-first-child panel-last-child\" data-index=\"8\" ><div class=\"textwidget\"><h4 style=\"text-align: center;\"><strong>Paquets d&rsquo;abeilles<br \/><\/strong><\/h4>\n<p style=\"text-align: center;\">(de un litre)<\/p>\n<ul>\n<li style=\"text-align: left;\"><strong>1 paquet d&rsquo;abeilles : 90 \u20ac T.T.C<br \/><\/strong><\/li>\n<li style=\"text-align: left;\"><strong>2 \u00e0 4 paquets d&rsquo;abeilles : 80 \u20ac T.T.C<\/strong><\/li>\n<li style=\"text-align: left;\"><strong>5 \u00e0 9 paquets d&rsquo;abeilles : 70 \u20ac T.T.C.<\/strong><\/li>\n<li style=\"text-align: left;\"><strong>10 \u00e0 19 paquets d&rsquo;abeilles : 60 \u20ac T.T.C.<\/strong><\/li>\n<li style=\"text-align: left;\"><strong>20 et plus : 50 euros T.T.C<\/strong><\/li>\n<\/ul>\n<\/div><\/div><\/div><\/div><div id=\"pg-gb6058-6a04af167ed76-5\"  class=\"panel-grid panel-no-style\" ><div id=\"pgc-gb6058-6a04af167ed76-5-0\"  class=\"panel-grid-cell panel-grid-cell-mobile-last\" ><div id=\"panel-gb6058-6a04af167ed76-5-0-0\" class=\"so-panel widget widget_black-studio-tinymce widget_black_studio_tinymce panel-first-child panel-last-child\" data-index=\"9\" ><h3 class=\"widget-title\">P\u00e9riodes de ventes<\/h3><div class=\"textwidget\"><p>Pour fixer le rendez-vous de votre passage dans nos ruchers, nous prenons en compte l&rsquo;ordre chrologique des r\u00e9servations.<\/p>\n<\/div><\/div><\/div><div id=\"pgc-gb6058-6a04af167ed76-5-1\"  class=\"panel-grid-cell panel-grid-cell-empty\" ><\/div><\/div><div id=\"pg-gb6058-6a04af167ed76-6\"  class=\"panel-grid panel-no-style\" ><div id=\"pgc-gb6058-6a04af167ed76-6-0\"  class=\"panel-grid-cell\" ><div id=\"panel-gb6058-6a04af167ed76-6-0-0\" class=\"so-panel widget widget_black-studio-tinymce widget_black_studio_tinymce panel-first-child panel-last-child\" data-index=\"10\" ><div class=\"textwidget\"><p>Les essaims hivern\u00e9s sont livrables <strong>de fin mars \u00e0 fin avril <\/strong>et d\u00e9pendent notamment des conditions m\u00e9t\u00e9orologiques.<\/p>\n<\/div><\/div><\/div><div id=\"pgc-gb6058-6a04af167ed76-6-1\"  class=\"panel-grid-cell\" ><div id=\"panel-gb6058-6a04af167ed76-6-1-0\" class=\"so-panel widget widget_black-studio-tinymce widget_black_studio_tinymce panel-first-child panel-last-child\" data-index=\"11\" ><div class=\"textwidget\"><p>Les essaims de l&rsquo;ann\u00e9e sont livrables<strong> de fin juin \u00e0 fin juillet.<\/strong><\/p>\n<\/div><\/div><\/div><div id=\"pgc-gb6058-6a04af167ed76-6-2\"  class=\"panel-grid-cell\" ><div id=\"panel-gb6058-6a04af167ed76-6-2-0\" class=\"so-panel widget widget_black-studio-tinymce widget_black_studio_tinymce panel-first-child panel-last-child\" data-index=\"12\" ><div class=\"textwidget\"><p>Les essaims nus sont livrables <strong>d&rsquo;avril \u00e0 juin.<\/strong><\/p>\n<\/div><\/div><\/div><div id=\"pgc-gb6058-6a04af167ed76-6-3\"  class=\"panel-grid-cell\" ><div id=\"panel-gb6058-6a04af167ed76-6-3-0\" class=\"so-panel widget widget_black-studio-tinymce widget_black_studio_tinymce panel-first-child panel-last-child\" data-index=\"13\" ><div class=\"textwidget\"><p>Les paquets d&rsquo;abeilles sont livrables <strong>de mai \u00e0 juin.<\/strong><\/p>\n<\/div><\/div><\/div><\/div><div id=\"pg-gb6058-6a04af167ed76-7\"  class=\"panel-grid panel-no-style\" ><div id=\"pgc-gb6058-6a04af167ed76-7-0\"  class=\"panel-grid-cell\" ><div id=\"panel-gb6058-6a04af167ed76-7-0-0\" class=\"so-panel widget widget_black-studio-tinymce widget_black_studio_tinymce panel-first-child panel-last-child\" data-index=\"14\" ><h3 class=\"widget-title\">Lorsque votre commande est pr\u00eate.<\/h3><div class=\"textwidget\"><p>Lorsque votre commande de colonie(s) est pr\u00eate, <strong>nous vous appelons pour fixer un rendez-vous<\/strong>. Il sera toujours planifi\u00e9 en fin de journ\u00e9e, alors que les abeilles rentrent dans leur ruche. Nous vous pr\u00e9ciserons \u00e9galement le lieu du rendez-vous.<\/p>\n<p>Nous nous retrouverons alors \u00e0 la date et \u00e0 l&rsquo;heure convenu.<\/p>\n<p>Notez bien :<\/p>\n<ul>\n<li>\n<p>Lorsque la m\u00e9t\u00e9o est favorable, les colonies se d\u00e9veloppent assez rapidement. Le rendez-vous peut devenir pressant. <strong>Soyez pr\u00eat !<\/strong><\/p>\n<\/li>\n<li>\n<p>Lorsque la m\u00e9t\u00e9o est d\u00e9favorable, vous pouvez penser que nous vous avons oubli\u00e9. Mais non ! Nous sommes occup\u00e9s comme vous \u00e0 surveiller patiemment que le beau temps revienne.<\/p>\n<\/li>\n<li>\n<p>Si un contre-temps s&rsquo;impose pour l&rsquo;un ou l&rsquo;autre d&rsquo;entre nous. <strong>Pensons \u00e0 pr\u00e9venir.<\/strong><\/p>\n<\/li>\n<\/ul>\n<\/div><\/div><\/div><div id=\"pgc-gb6058-6a04af167ed76-7-1\"  class=\"panel-grid-cell\" ><div id=\"panel-gb6058-6a04af167ed76-7-1-0\" class=\"so-panel widget widget_black-studio-tinymce widget_black_studio_tinymce panel-first-child panel-last-child\" data-index=\"15\" ><h3 class=\"widget-title\">Avant de partir<\/h3><div class=\"textwidget\"><p style=\"text-align: center;\"><strong>Prenez le temps de visionner la vid\u00e9o qui vous explique comment faire le<\/strong> <a href=\"https:\/\/youtu.be\/It1t8m3UjXI\"><strong>transfert d&rsquo;une colonie d&rsquo;une ruchette vers une ruche, en cliquant ici.<\/strong><\/a><\/p>\n<p>Pensez prendre avec vous :<\/p>\n<ul>\n<li>\n<p><strong>Les cadres qui compl\u00e8teront les 5 cadres qui accompagnent la colonie.<\/strong> <\/p>\n<\/li>\n<li>\n<p><strong>Une sangle et une porti\u00e8re<\/strong> par ruche<\/p>\n<\/li>\n<li>\n<p>votre <strong>vareuse<\/strong><\/p>\n<\/li>\n<li>\n<p>votre <strong>enfumoir<\/strong> et son combustible.<\/p>\n<\/li>\n<li>\n<p>L&rsquo;<strong>adresse du lieu<\/strong> qui vous a \u00e9t\u00e9 donn\u00e9.<\/p>\n<\/li>\n<li>\n<p>Votre <strong>moyen de paiement<\/strong>.<\/p>\n<\/li>\n<li>\n<p>Le num\u00e9ro de t\u00e9l\u00e9phone de votre interlocuteur (<strong>Dominique 06 80 32 71 63 ou Jason 06 32 05 77 28<\/strong>)<\/p>\n<\/li>\n<\/ul>\n<\/div><\/div><\/div><\/div><div id=\"pg-gb6058-6a04af167ed76-8\"  class=\"panel-grid panel-no-style\" ><div id=\"pgc-gb6058-6a04af167ed76-8-0\"  class=\"panel-grid-cell panel-grid-cell-empty\" ><\/div><div id=\"pgc-gb6058-6a04af167ed76-8-1\"  class=\"panel-grid-cell panel-grid-cell-mobile-last\" ><div id=\"panel-gb6058-6a04af167ed76-8-1-0\" class=\"so-panel widget widget_black-studio-tinymce widget_black_studio_tinymce panel-first-child panel-last-child\" data-index=\"16\" ><h3 class=\"widget-title\">Sur place<\/h3><div class=\"textwidget\"><p>C&rsquo;est le moment de <strong>se retrouver pour transf\u00e9rer la colonie dans votre ruche<\/strong>. En g\u00e9n\u00e9ral, vous rejoindrez d&rsquo;autres apiculteurs qui sont venus \u00e9galement prendre livraison de leur commande. Une chronologie toute relative des horaires de rendez-vous est planifi\u00e9e.<\/p>\n<p>Vous trouverez sur place, <strong>une brouette pour soulager votre dos<\/strong>.<\/p>\n<p>Si vous avez besoin d&rsquo;aide, <strong>nous pourrons vous aider \u00e0 faire le premier transfert<\/strong>.<\/p>\n<p>Pendant le transfert, <strong>inspectez la propret\u00e9 du couvain<\/strong>. Signalez ce qui ne convient pas. Vous devez \u00eatre content de ce que vous achetez.<\/p>\n<p>Apr\u00e8s quelques minutes d&rsquo;attente, ce sera le moment de fermer la porte, de sangler et d&#8217;emmener votre ruche dans votre v\u00e9hicule.<\/p>\n<p style=\"text-align: center;\"><em>Bonne route !<\/em><\/p>\n<\/div><\/div><\/div><div id=\"pgc-gb6058-6a04af167ed76-8-2\"  class=\"panel-grid-cell panel-grid-cell-empty\" ><\/div><\/div><\/div><\/div><\/div>\n<\/div>\n<\/div>\n","protected":false},"excerpt":{"rendered":"","protected":false},"author":1,"featured_media":0,"parent":0,"menu_order":0,"comment_status":"closed","ping_status":"closed","template":"template-fullwidth.php","meta":{"footnotes":""},"class_list":["post-6058","page","type-page","status-publish","hentry"],"wppr_data":{"cwp_meta_box_check":"No"},"yoast_head":"<!-- This site is optimized with the Yoast SEO plugin v24.0 - https:\/\/yoast.com\/wordpress\/plugins\/seo\/ -->\n<title>Essaims - Uibie - direct producteur en Normandie<\/title>\n<meta name=\"description\" content=\"Nos essaims et reines sont test\u00e9es avec le logiciel flugel-index pour assurer une puret\u00e9 d&#039;abeille noire \u00e0 plus de 90% et f\u00e9cond\u00e9es en Normandie\" \/>\n<meta name=\"robots\" content=\"index, follow, max-snippet:-1, max-image-preview:large, max-video-preview:-1\" \/>\n<link rel=\"canonical\" href=\"https:\/\/uibie.com\/index.php\/essaims-et-reines\/\" \/>\n<meta property=\"og:locale\" content=\"fr_FR\" \/>\n<meta property=\"og:type\" content=\"article\" \/>\n<meta property=\"og:title\" content=\"Essaims - Uibie - direct producteur en Normandie\" \/>\n<meta property=\"og:description\" content=\"Nos essaims et reines sont test\u00e9es avec le logiciel flugel-index pour assurer une puret\u00e9 d&#039;abeille noire \u00e0 plus de 90% et f\u00e9cond\u00e9es en Normandie\" \/>\n<meta property=\"og:url\" content=\"https:\/\/uibie.com\/index.php\/essaims-et-reines\/\" \/>\n<meta property=\"og:site_name\" content=\"Uibie\" \/>\n<meta property=\"article:publisher\" content=\"https:\/\/www.facebook.com\/uibieapiculture\/\" \/>\n<meta property=\"article:modified_time\" content=\"2026-04-11T00:37:39+00:00\" \/>\n<meta name=\"twitter:card\" content=\"summary_large_image\" \/>\n<meta name=\"twitter:label1\" content=\"Dur\u00e9e de lecture estim\u00e9e\" \/>\n\t<meta name=\"twitter:data1\" content=\"7 minutes\" \/>\n<script type=\"application\/ld+json\" class=\"yoast-schema-graph\">{\"@context\":\"https:\/\/schema.org\",\"@graph\":[{\"@type\":\"WebPage\",\"@id\":\"https:\/\/uibie.com\/index.php\/essaims-et-reines\/\",\"url\":\"https:\/\/uibie.com\/index.php\/essaims-et-reines\/\",\"name\":\"Essaims - Uibie - direct producteur en Normandie\",\"isPartOf\":{\"@id\":\"https:\/\/uibie.com\/#website\"},\"datePublished\":\"2020-01-29T14:20:17+00:00\",\"dateModified\":\"2026-04-11T00:37:39+00:00\",\"description\":\"Nos essaims et reines sont test\u00e9es avec le logiciel flugel-index pour assurer une puret\u00e9 d'abeille noire \u00e0 plus de 90% et f\u00e9cond\u00e9es en Normandie\",\"breadcrumb\":{\"@id\":\"https:\/\/uibie.com\/index.php\/essaims-et-reines\/#breadcrumb\"},\"inLanguage\":\"fr-FR\",\"potentialAction\":[{\"@type\":\"ReadAction\",\"target\":[\"https:\/\/uibie.com\/index.php\/essaims-et-reines\/\"]}]},{\"@type\":\"BreadcrumbList\",\"@id\":\"https:\/\/uibie.com\/index.php\/essaims-et-reines\/#breadcrumb\",\"itemListElement\":[{\"@type\":\"ListItem\",\"position\":1,\"name\":\"Accueil\",\"item\":\"https:\/\/uibie.com\/\"},{\"@type\":\"ListItem\",\"position\":2,\"name\":\"Essaims\"}]},{\"@type\":\"WebSite\",\"@id\":\"https:\/\/uibie.com\/#website\",\"url\":\"https:\/\/uibie.com\/\",\"name\":\"Uibie\",\"description\":\"L&#039;apiculture avec Jason Garitan\",\"publisher\":{\"@id\":\"https:\/\/uibie.com\/#organization\"},\"potentialAction\":[{\"@type\":\"SearchAction\",\"target\":{\"@type\":\"EntryPoint\",\"urlTemplate\":\"https:\/\/uibie.com\/?s={search_term_string}\"},\"query-input\":{\"@type\":\"PropertyValueSpecification\",\"valueRequired\":true,\"valueName\":\"search_term_string\"}}],\"inLanguage\":\"fr-FR\"},{\"@type\":\"Organization\",\"@id\":\"https:\/\/uibie.com\/#organization\",\"name\":\"Uibie : apiculture urbaine avec Jason Garitan\",\"url\":\"https:\/\/uibie.com\/\",\"logo\":{\"@type\":\"ImageObject\",\"inLanguage\":\"fr-FR\",\"@id\":\"https:\/\/uibie.com\/#\/schema\/logo\/image\/\",\"url\":\"https:\/\/uibie.com\/wp-content\/uploads\/2017\/07\/Uibie_FB_Pro1.png\",\"contentUrl\":\"https:\/\/uibie.com\/wp-content\/uploads\/2017\/07\/Uibie_FB_Pro1.png\",\"width\":400,\"height\":400,\"caption\":\"Uibie : apiculture urbaine avec Jason Garitan\"},\"image\":{\"@id\":\"https:\/\/uibie.com\/#\/schema\/logo\/image\/\"},\"sameAs\":[\"https:\/\/www.facebook.com\/uibieapiculture\/\",\"https:\/\/www.instagram.com\/uibieapiculture\/\",\"https:\/\/fr.linkedin.com\/in\/jason-garitan-94a23a135\"]}]}<\/script>\n<!-- \/ Yoast SEO plugin. -->","yoast_head_json":{"title":"Essaims - Uibie - direct producteur en Normandie","description":"Nos essaims et reines sont test\u00e9es avec le logiciel flugel-index pour assurer une puret\u00e9 d'abeille noire \u00e0 plus de 90% et f\u00e9cond\u00e9es en Normandie","robots":{"index":"index","follow":"follow","max-snippet":"max-snippet:-1","max-image-preview":"max-image-preview:large","max-video-preview":"max-video-preview:-1"},"canonical":"https:\/\/uibie.com\/index.php\/essaims-et-reines\/","og_locale":"fr_FR","og_type":"article","og_title":"Essaims - Uibie - direct producteur en Normandie","og_description":"Nos essaims et reines sont test\u00e9es avec le logiciel flugel-index pour assurer une puret\u00e9 d'abeille noire \u00e0 plus de 90% et f\u00e9cond\u00e9es en Normandie","og_url":"https:\/\/uibie.com\/index.php\/essaims-et-reines\/","og_site_name":"Uibie","article_publisher":"https:\/\/www.facebook.com\/uibieapiculture\/","article_modified_time":"2026-04-11T00:37:39+00:00","twitter_card":"summary_large_image","twitter_misc":{"Dur\u00e9e de lecture estim\u00e9e":"7 minutes"},"schema":{"@context":"https:\/\/schema.org","@graph":[{"@type":"WebPage","@id":"https:\/\/uibie.com\/index.php\/essaims-et-reines\/","url":"https:\/\/uibie.com\/index.php\/essaims-et-reines\/","name":"Essaims - Uibie - direct producteur en Normandie","isPartOf":{"@id":"https:\/\/uibie.com\/#website"},"datePublished":"2020-01-29T14:20:17+00:00","dateModified":"2026-04-11T00:37:39+00:00","description":"Nos essaims et reines sont test\u00e9es avec le logiciel flugel-index pour assurer une puret\u00e9 d'abeille noire \u00e0 plus de 90% et f\u00e9cond\u00e9es en Normandie","breadcrumb":{"@id":"https:\/\/uibie.com\/index.php\/essaims-et-reines\/#breadcrumb"},"inLanguage":"fr-FR","potentialAction":[{"@type":"ReadAction","target":["https:\/\/uibie.com\/index.php\/essaims-et-reines\/"]}]},{"@type":"BreadcrumbList","@id":"https:\/\/uibie.com\/index.php\/essaims-et-reines\/#breadcrumb","itemListElement":[{"@type":"ListItem","position":1,"name":"Accueil","item":"https:\/\/uibie.com\/"},{"@type":"ListItem","position":2,"name":"Essaims"}]},{"@type":"WebSite","@id":"https:\/\/uibie.com\/#website","url":"https:\/\/uibie.com\/","name":"Uibie","description":"L&#039;apiculture avec Jason Garitan","publisher":{"@id":"https:\/\/uibie.com\/#organization"},"potentialAction":[{"@type":"SearchAction","target":{"@type":"EntryPoint","urlTemplate":"https:\/\/uibie.com\/?s={search_term_string}"},"query-input":{"@type":"PropertyValueSpecification","valueRequired":true,"valueName":"search_term_string"}}],"inLanguage":"fr-FR"},{"@type":"Organization","@id":"https:\/\/uibie.com\/#organization","name":"Uibie : apiculture urbaine avec Jason Garitan","url":"https:\/\/uibie.com\/","logo":{"@type":"ImageObject","inLanguage":"fr-FR","@id":"https:\/\/uibie.com\/#\/schema\/logo\/image\/","url":"https:\/\/uibie.com\/wp-content\/uploads\/2017\/07\/Uibie_FB_Pro1.png","contentUrl":"https:\/\/uibie.com\/wp-content\/uploads\/2017\/07\/Uibie_FB_Pro1.png","width":400,"height":400,"caption":"Uibie : apiculture urbaine avec Jason Garitan"},"image":{"@id":"https:\/\/uibie.com\/#\/schema\/logo\/image\/"},"sameAs":["https:\/\/www.facebook.com\/uibieapiculture\/","https:\/\/www.instagram.com\/uibieapiculture\/","https:\/\/fr.linkedin.com\/in\/jason-garitan-94a23a135"]}]}},"jetpack_sharing_enabled":true,"_links":{"self":[{"href":"https:\/\/uibie.com\/index.php\/wp-json\/wp\/v2\/pages\/6058"}],"collection":[{"href":"https:\/\/uibie.com\/index.php\/wp-json\/wp\/v2\/pages"}],"about":[{"href":"https:\/\/uibie.com\/index.php\/wp-json\/wp\/v2\/types\/page"}],"author":[{"embeddable":true,"href":"https:\/\/uibie.com\/index.php\/wp-json\/wp\/v2\/users\/1"}],"replies":[{"embeddable":true,"href":"https:\/\/uibie.com\/index.php\/wp-json\/wp\/v2\/comments?post=6058"}],"version-history":[{"count":150,"href":"https:\/\/uibie.com\/index.php\/wp-json\/wp\/v2\/pages\/6058\/revisions"}],"predecessor-version":[{"id":8811,"href":"https:\/\/uibie.com\/index.php\/wp-json\/wp\/v2\/pages\/6058\/revisions\/8811"}],"wp:attachment":[{"href":"https:\/\/uibie.com\/index.php\/wp-json\/wp\/v2\/media?parent=6058"}],"curies":[{"name":"wp","href":"https:\/\/api.w.org\/{rel}","templated":true}]}}