{"id":530,"date":"2017-05-25T17:10:01","date_gmt":"2017-05-25T16:10:01","guid":{"rendered":"https:\/\/uibie.com\/?page_id=530"},"modified":"2021-02-26T14:35:29","modified_gmt":"2021-02-26T13:35:29","slug":"ruches-la-caennaise","status":"publish","type":"page","link":"https:\/\/uibie.com\/index.php\/ruches-la-caennaise\/","title":{"rendered":"Les ruches de La Caennaise !"},"content":{"rendered":"<div id=\"pl-530\"  class=\"panel-layout\" ><div id=\"pg-530-0\"  class=\"panel-grid panel-has-style\" ><div class=\"panel-row-style panel-row-style-for-530-0\" ><div id=\"pgc-530-0-0\"  class=\"panel-grid-cell\" ><div id=\"panel-530-0-0-0\" class=\"so-panel widget widget_black-studio-tinymce widget_black_studio_tinymce panel-first-child panel-last-child\" data-index=\"0\" ><div class=\"textwidget\"><p><span class=\"\" style=\"display:block;clear:both;height: 0px;padding-top: 700px;border-top-width:0px;border-bottom-width:0px;\"><\/span><\/p>\n<\/div><\/div><\/div><\/div><\/div><div id=\"pg-530-1\"  class=\"panel-grid panel-no-style\" ><div id=\"pgc-530-1-0\"  class=\"panel-grid-cell\" ><div id=\"panel-530-1-0-0\" class=\"so-panel widget widget_black-studio-tinymce widget_black_studio_tinymce panel-first-child panel-last-child\" data-index=\"1\" ><div class=\"textwidget\"><h1>Les ruches de La Caennaise \u00e0 Caen.<\/h1>\n<p>Des ruches sur les toits de Caen. C'est une premi\u00e8re dans la r\u00e9gion. Le bailleur social La Caennaise vient d'installer des ruches sur certains toits d'imm<span class=\"text_exposed_show\">eubles qu'il g\u00e8re.\u00a0<\/span>L'objectif est donc de r\u00e9colter\u00a0des pots de miel qui seront en partie distribu\u00e9 gracieusement \u00e0 leurs locataires. 600 pots de miel seront r\u00e9colt\u00e9s sur les toits du chemin Vert et du calvaire Saint Pierre !<\/p>\n<div class=\"text_exposed_show\">\n<p>En pleine saison, plus de 400 000 abeilles de la Caennaise iront donc butiner les fleurs et les arbres de la ville de Caen. Ainsi, elles travailleront activement \u00e0 l'am\u00e9lioration de la biodiversit\u00e9 environnante !<\/p>\n<\/div>\n<\/div><\/div><\/div><div id=\"pgc-530-1-1\"  class=\"panel-grid-cell\" ><div id=\"panel-530-1-1-0\" class=\"so-panel widget widget_black-studio-tinymce widget_black_studio_tinymce panel-first-child panel-last-child\" data-index=\"2\" ><div class=\"textwidget\"><p><img loading=\"lazy\" decoding=\"async\" class=\"aligncenter wp-image-533 size-medium\" src=\"https:\/\/uibie.com\/wp-content\/uploads\/2017\/05\/DSC_0155-200x300.jpg\" alt=\"Uibie Apiculture Caen\" width=\"200\" height=\"300\" srcset=\"https:\/\/uibie.com\/wp-content\/uploads\/2017\/05\/DSC_0155-200x300.jpg 200w, https:\/\/uibie.com\/wp-content\/uploads\/2017\/05\/DSC_0155-1600x2400.jpg 1600w, https:\/\/uibie.com\/wp-content\/uploads\/2017\/05\/DSC_0155-768x1152.jpg 768w, https:\/\/uibie.com\/wp-content\/uploads\/2017\/05\/DSC_0155-683x1024.jpg 683w, https:\/\/uibie.com\/wp-content\/uploads\/2017\/05\/DSC_0155-33x50.jpg 33w\" sizes=\"(max-width: 200px) 100vw, 200px\" \/><\/p>\n<\/div><\/div><\/div><\/div><div id=\"pg-530-2\"  class=\"panel-grid panel-no-style\" ><div id=\"pgc-530-2-0\"  class=\"panel-grid-cell\" ><div id=\"panel-530-2-0-0\" class=\"so-panel widget widget_black-studio-tinymce widget_black_studio_tinymce panel-first-child panel-last-child\" data-index=\"3\" ><div class=\"textwidget\"><p><span class=\"\" style=\"display:block;clear:both;height: 0px;padding-top: 50px;border-top-width:0px;border-bottom-width:0px;\"><\/span><img loading=\"lazy\" decoding=\"async\" class=\"aligncenter wp-image-535 size-medium\" src=\"https:\/\/uibie.com\/wp-content\/uploads\/2017\/05\/DSC_0234-300x200.jpg\" alt=\"Uibie apiculture Caen\" width=\"300\" height=\"200\" srcset=\"https:\/\/uibie.com\/wp-content\/uploads\/2017\/05\/DSC_0234-300x200.jpg 300w, https:\/\/uibie.com\/wp-content\/uploads\/2017\/05\/DSC_0234-1600x1067.jpg 1600w, https:\/\/uibie.com\/wp-content\/uploads\/2017\/05\/DSC_0234-768x512.jpg 768w, https:\/\/uibie.com\/wp-content\/uploads\/2017\/05\/DSC_0234-1024x683.jpg 1024w, https:\/\/uibie.com\/wp-content\/uploads\/2017\/05\/DSC_0234-750x500.jpg 750w, https:\/\/uibie.com\/wp-content\/uploads\/2017\/05\/DSC_0234-50x33.jpg 50w\" sizes=\"(max-width: 300px) 100vw, 300px\" \/><\/p>\n<\/div><\/div><\/div><div id=\"pgc-530-2-1\"  class=\"panel-grid-cell\" ><div id=\"panel-530-2-1-0\" class=\"so-panel widget widget_black-studio-tinymce widget_black_studio_tinymce panel-first-child panel-last-child\" data-index=\"4\" ><h3 class=\"widget-title\">Un engagement fort.<\/h3><div class=\"textwidget\"><p>Avec la pose de ruches sur ses immeubles, la Caennaise Immobili\u00e8re<strong> s'engage<\/strong> dans le maintien de la biodiversit\u00e9. Cette collaboration directe avec un apiculteur local participe \u00e0 la survie des abeilles. En effet, en France depuis 1995, pr\u00e8s de <strong>30 % des colonies d\u2019abeilles disparaissent<\/strong> chaque ann\u00e9e. En 10 ans, 15 000 apiculteurs ont cess\u00e9 leur activit\u00e9. Pour inverser la tendance, il faut \u00e9veiller la conscience collective et en faisant installer des ruches sur les toits, la Caennaise\u00a0s'engage donc pour le soutien de l'apiculture locale en Normandie !<\/p>\n<\/div><\/div><\/div><\/div><div id=\"pg-530-3\"  class=\"panel-grid panel-no-style\" ><div id=\"pgc-530-3-0\"  class=\"panel-grid-cell\" ><div id=\"panel-530-3-0-0\" class=\"so-panel widget widget_black-studio-tinymce widget_black_studio_tinymce panel-first-child panel-last-child\" data-index=\"5\" ><div class=\"textwidget\"><p><img loading=\"lazy\" decoding=\"async\" class=\"aligncenter wp-image-538 size-large\" src=\"https:\/\/uibie.com\/wp-content\/uploads\/2017\/05\/DSC_0200-1024x683.jpg\" alt=\"Uibie Apiculture Caen\" width=\"640\" height=\"427\" srcset=\"https:\/\/uibie.com\/wp-content\/uploads\/2017\/05\/DSC_0200-1024x683.jpg 1024w, https:\/\/uibie.com\/wp-content\/uploads\/2017\/05\/DSC_0200-1600x1067.jpg 1600w, https:\/\/uibie.com\/wp-content\/uploads\/2017\/05\/DSC_0200-300x200.jpg 300w, https:\/\/uibie.com\/wp-content\/uploads\/2017\/05\/DSC_0200-768x512.jpg 768w, https:\/\/uibie.com\/wp-content\/uploads\/2017\/05\/DSC_0200-750x500.jpg 750w, https:\/\/uibie.com\/wp-content\/uploads\/2017\/05\/DSC_0200-50x33.jpg 50w\" sizes=\"(max-width: 640px) 100vw, 640px\" \/><\/p>\n<\/div><\/div><\/div><div id=\"pgc-530-3-1\"  class=\"panel-grid-cell\" ><div id=\"panel-530-3-1-0\" class=\"so-panel widget widget_black-studio-tinymce widget_black_studio_tinymce panel-first-child panel-last-child\" data-index=\"6\" ><div class=\"textwidget\"><p><img loading=\"lazy\" decoding=\"async\" class=\"aligncenter size-large wp-image-543\" src=\"https:\/\/uibie.com\/wp-content\/uploads\/2017\/05\/DSC_0180-1024x683.jpg\" alt=\"ruches la Caennaise\" width=\"640\" height=\"427\" srcset=\"https:\/\/uibie.com\/wp-content\/uploads\/2017\/05\/DSC_0180-1024x683.jpg 1024w, https:\/\/uibie.com\/wp-content\/uploads\/2017\/05\/DSC_0180-1600x1067.jpg 1600w, https:\/\/uibie.com\/wp-content\/uploads\/2017\/05\/DSC_0180-300x200.jpg 300w, https:\/\/uibie.com\/wp-content\/uploads\/2017\/05\/DSC_0180-768x512.jpg 768w, https:\/\/uibie.com\/wp-content\/uploads\/2017\/05\/DSC_0180-750x500.jpg 750w, https:\/\/uibie.com\/wp-content\/uploads\/2017\/05\/DSC_0180-50x33.jpg 50w, https:\/\/uibie.com\/wp-content\/uploads\/2017\/05\/DSC_0180-1200x800.jpg 1200w\" sizes=\"(max-width: 640px) 100vw, 640px\" \/><\/p>\n<\/div><\/div><\/div><div id=\"pgc-530-3-2\"  class=\"panel-grid-cell\" ><div id=\"panel-530-3-2-0\" class=\"so-panel widget widget_black-studio-tinymce widget_black_studio_tinymce panel-first-child panel-last-child\" data-index=\"7\" ><div class=\"textwidget\"><p><img loading=\"lazy\" decoding=\"async\" class=\"aligncenter size-large wp-image-540\" src=\"https:\/\/uibie.com\/wp-content\/uploads\/2017\/05\/DSC_0204-1024x683.jpg\" alt=\"Uibie Apiculture Caen\" width=\"640\" height=\"427\" srcset=\"https:\/\/uibie.com\/wp-content\/uploads\/2017\/05\/DSC_0204-1024x683.jpg 1024w, https:\/\/uibie.com\/wp-content\/uploads\/2017\/05\/DSC_0204-1600x1067.jpg 1600w, https:\/\/uibie.com\/wp-content\/uploads\/2017\/05\/DSC_0204-300x200.jpg 300w, https:\/\/uibie.com\/wp-content\/uploads\/2017\/05\/DSC_0204-768x512.jpg 768w, https:\/\/uibie.com\/wp-content\/uploads\/2017\/05\/DSC_0204-750x500.jpg 750w, https:\/\/uibie.com\/wp-content\/uploads\/2017\/05\/DSC_0204-50x33.jpg 50w\" sizes=\"(max-width: 640px) 100vw, 640px\" \/><\/p>\n<\/div><\/div><\/div><\/div><div id=\"pg-530-4\"  class=\"panel-grid panel-no-style\" ><div id=\"pgc-530-4-0\"  class=\"panel-grid-cell\" ><div id=\"panel-530-4-0-0\" class=\"so-panel widget widget_black-studio-tinymce widget_black_studio_tinymce panel-first-child panel-last-child\" data-index=\"8\" ><div class=\"textwidget\"><p style=\"text-align: center;\">Venez d\u00e9couvrir les abeilles de Uibie sur la page Facebook et aussi d\u00e9couvrir plus de photos. Vous pouvez aussi nous suivre sur <a href=\"https:\/\/www.instagram.com\/uibieapiculture\/\">instagram<\/a> et <a href=\"https:\/\/twitter.com\/uibieapiculture?lang=en\">twitter <\/a>pour suivre la vie des abeilles de Caen !!<\/p>\n<p style=\"text-align: center;\"><a href=\"https:\/\/www.facebook.com\/pg\/uibieapiculture\/photos\/?tab=album&amp;album_id=638145313056626\">Plus de photo<\/a><\/p>\n<\/div><\/div><\/div><\/div><\/div>","protected":false},"excerpt":{"rendered":"<p>Les ruches de La Caennaise \u00e0 Caen. Des ruches sur les toits de Caen. C&rsquo;est une premi\u00e8re dans la r\u00e9gion. Le bailleur social La Caennaise vient d&rsquo;installer des ruches sur certains toits d&rsquo;immeubles qu&rsquo;il g\u00e8re.\u00a0L&rsquo;objectif est donc de r\u00e9colter\u00a0des pots de miel qui seront en partie distribu\u00e9 gracieusement \u00e0 leurs locataires. 600 pots de miel<a href=\"https:\/\/uibie.com\/index.php\/ruches-la-caennaise\/\">[&#8230;]<\/a><\/p>\n","protected":false},"author":1,"featured_media":0,"parent":0,"menu_order":0,"comment_status":"closed","ping_status":"closed","template":"template-fullwidth-no-title.php","meta":{"footnotes":""},"class_list":["post-530","page","type-page","status-publish","hentry"],"wppr_data":{"cwp_meta_box_check":"No"},"yoast_head":"<!-- This site is optimized with the Yoast SEO plugin v24.0 - https:\/\/yoast.com\/wordpress\/plugins\/seo\/ -->\n<title>Les ruches de La Caennaise Immobilier dans la ville de CAEN<\/title>\n<meta name=\"description\" content=\"C&#039;est 6 ruches La Caennaise qui ont \u00e9t\u00e9 pos\u00e9es sur les b\u00e2timents du Chemin Vert et du Calvaire Saint Pierre, \u00e0 Caen, avec Uibie et La Caennaise Immobilier !\" \/>\n<meta name=\"robots\" content=\"index, follow, max-snippet:-1, max-image-preview:large, max-video-preview:-1\" \/>\n<link rel=\"canonical\" href=\"https:\/\/uibie.com\/index.php\/ruches-la-caennaise\/\" \/>\n<meta property=\"og:locale\" content=\"fr_FR\" \/>\n<meta property=\"og:type\" content=\"article\" \/>\n<meta property=\"og:title\" content=\"Les ruches de La Caennaise Immobilier dans la ville de CAEN\" \/>\n<meta property=\"og:description\" content=\"C&#039;est 6 ruches La Caennaise qui ont \u00e9t\u00e9 pos\u00e9es sur les b\u00e2timents du Chemin Vert et du Calvaire Saint Pierre, \u00e0 Caen, avec Uibie et La Caennaise Immobilier !\" \/>\n<meta property=\"og:url\" content=\"https:\/\/uibie.com\/index.php\/ruches-la-caennaise\/\" \/>\n<meta property=\"og:site_name\" content=\"Uibie\" \/>\n<meta property=\"article:publisher\" content=\"https:\/\/www.facebook.com\/uibieapiculture\/\" \/>\n<meta property=\"article:modified_time\" content=\"2021-02-26T13:35:29+00:00\" \/>\n<meta property=\"og:image\" content=\"https:\/\/uibie.com\/wp-content\/uploads\/2017\/05\/DSC_0155-200x300.jpg\" \/>\n<meta name=\"twitter:card\" content=\"summary_large_image\" \/>\n<meta name=\"twitter:label1\" content=\"Dur\u00e9e de lecture estim\u00e9e\" \/>\n\t<meta name=\"twitter:data1\" content=\"3 minutes\" \/>\n<script type=\"application\/ld+json\" class=\"yoast-schema-graph\">{\"@context\":\"https:\/\/schema.org\",\"@graph\":[{\"@type\":\"WebPage\",\"@id\":\"https:\/\/uibie.com\/index.php\/ruches-la-caennaise\/\",\"url\":\"https:\/\/uibie.com\/index.php\/ruches-la-caennaise\/\",\"name\":\"Les ruches de La Caennaise Immobilier dans la ville de CAEN\",\"isPartOf\":{\"@id\":\"https:\/\/uibie.com\/#website\"},\"primaryImageOfPage\":{\"@id\":\"https:\/\/uibie.com\/index.php\/ruches-la-caennaise\/#primaryimage\"},\"image\":{\"@id\":\"https:\/\/uibie.com\/index.php\/ruches-la-caennaise\/#primaryimage\"},\"thumbnailUrl\":\"https:\/\/uibie.com\/wp-content\/uploads\/2017\/05\/DSC_0155-200x300.jpg\",\"datePublished\":\"2017-05-25T16:10:01+00:00\",\"dateModified\":\"2021-02-26T13:35:29+00:00\",\"description\":\"C'est 6 ruches La Caennaise qui ont \u00e9t\u00e9 pos\u00e9es sur les b\u00e2timents du Chemin Vert et du Calvaire Saint Pierre, \u00e0 Caen, avec Uibie et La Caennaise Immobilier !\",\"breadcrumb\":{\"@id\":\"https:\/\/uibie.com\/index.php\/ruches-la-caennaise\/#breadcrumb\"},\"inLanguage\":\"fr-FR\",\"potentialAction\":[{\"@type\":\"ReadAction\",\"target\":[\"https:\/\/uibie.com\/index.php\/ruches-la-caennaise\/\"]}]},{\"@type\":\"ImageObject\",\"inLanguage\":\"fr-FR\",\"@id\":\"https:\/\/uibie.com\/index.php\/ruches-la-caennaise\/#primaryimage\",\"url\":\"https:\/\/uibie.com\/wp-content\/uploads\/2017\/05\/DSC_0155.jpg\",\"contentUrl\":\"https:\/\/uibie.com\/wp-content\/uploads\/2017\/05\/DSC_0155.jpg\",\"width\":4000,\"height\":6000,\"caption\":\"Uibie Apiculture Caen\"},{\"@type\":\"BreadcrumbList\",\"@id\":\"https:\/\/uibie.com\/index.php\/ruches-la-caennaise\/#breadcrumb\",\"itemListElement\":[{\"@type\":\"ListItem\",\"position\":1,\"name\":\"Accueil\",\"item\":\"https:\/\/uibie.com\/\"},{\"@type\":\"ListItem\",\"position\":2,\"name\":\"Les ruches de La Caennaise !\"}]},{\"@type\":\"WebSite\",\"@id\":\"https:\/\/uibie.com\/#website\",\"url\":\"https:\/\/uibie.com\/\",\"name\":\"Uibie\",\"description\":\"L&#039;apiculture avec Jason Garitan\",\"publisher\":{\"@id\":\"https:\/\/uibie.com\/#organization\"},\"potentialAction\":[{\"@type\":\"SearchAction\",\"target\":{\"@type\":\"EntryPoint\",\"urlTemplate\":\"https:\/\/uibie.com\/?s={search_term_string}\"},\"query-input\":{\"@type\":\"PropertyValueSpecification\",\"valueRequired\":true,\"valueName\":\"search_term_string\"}}],\"inLanguage\":\"fr-FR\"},{\"@type\":\"Organization\",\"@id\":\"https:\/\/uibie.com\/#organization\",\"name\":\"Uibie : apiculture urbaine avec Jason Garitan\",\"url\":\"https:\/\/uibie.com\/\",\"logo\":{\"@type\":\"ImageObject\",\"inLanguage\":\"fr-FR\",\"@id\":\"https:\/\/uibie.com\/#\/schema\/logo\/image\/\",\"url\":\"https:\/\/uibie.com\/wp-content\/uploads\/2017\/07\/Uibie_FB_Pro1.png\",\"contentUrl\":\"https:\/\/uibie.com\/wp-content\/uploads\/2017\/07\/Uibie_FB_Pro1.png\",\"width\":400,\"height\":400,\"caption\":\"Uibie : apiculture urbaine avec Jason Garitan\"},\"image\":{\"@id\":\"https:\/\/uibie.com\/#\/schema\/logo\/image\/\"},\"sameAs\":[\"https:\/\/www.facebook.com\/uibieapiculture\/\",\"https:\/\/www.instagram.com\/uibieapiculture\/\",\"https:\/\/fr.linkedin.com\/in\/jason-garitan-94a23a135\"]}]}<\/script>\n<!-- \/ Yoast SEO plugin. -->","yoast_head_json":{"title":"Les ruches de La Caennaise Immobilier dans la ville de CAEN","description":"C'est 6 ruches La Caennaise qui ont \u00e9t\u00e9 pos\u00e9es sur les b\u00e2timents du Chemin Vert et du Calvaire Saint Pierre, \u00e0 Caen, avec Uibie et La Caennaise Immobilier !","robots":{"index":"index","follow":"follow","max-snippet":"max-snippet:-1","max-image-preview":"max-image-preview:large","max-video-preview":"max-video-preview:-1"},"canonical":"https:\/\/uibie.com\/index.php\/ruches-la-caennaise\/","og_locale":"fr_FR","og_type":"article","og_title":"Les ruches de La Caennaise Immobilier dans la ville de CAEN","og_description":"C'est 6 ruches La Caennaise qui ont \u00e9t\u00e9 pos\u00e9es sur les b\u00e2timents du Chemin Vert et du Calvaire Saint Pierre, \u00e0 Caen, avec Uibie et La Caennaise Immobilier !","og_url":"https:\/\/uibie.com\/index.php\/ruches-la-caennaise\/","og_site_name":"Uibie","article_publisher":"https:\/\/www.facebook.com\/uibieapiculture\/","article_modified_time":"2021-02-26T13:35:29+00:00","og_image":[{"url":"https:\/\/uibie.com\/wp-content\/uploads\/2017\/05\/DSC_0155-200x300.jpg","type":"","width":"","height":""}],"twitter_card":"summary_large_image","twitter_misc":{"Dur\u00e9e de lecture estim\u00e9e":"3 minutes"},"schema":{"@context":"https:\/\/schema.org","@graph":[{"@type":"WebPage","@id":"https:\/\/uibie.com\/index.php\/ruches-la-caennaise\/","url":"https:\/\/uibie.com\/index.php\/ruches-la-caennaise\/","name":"Les ruches de La Caennaise Immobilier dans la ville de CAEN","isPartOf":{"@id":"https:\/\/uibie.com\/#website"},"primaryImageOfPage":{"@id":"https:\/\/uibie.com\/index.php\/ruches-la-caennaise\/#primaryimage"},"image":{"@id":"https:\/\/uibie.com\/index.php\/ruches-la-caennaise\/#primaryimage"},"thumbnailUrl":"https:\/\/uibie.com\/wp-content\/uploads\/2017\/05\/DSC_0155-200x300.jpg","datePublished":"2017-05-25T16:10:01+00:00","dateModified":"2021-02-26T13:35:29+00:00","description":"C'est 6 ruches La Caennaise qui ont \u00e9t\u00e9 pos\u00e9es sur les b\u00e2timents du Chemin Vert et du Calvaire Saint Pierre, \u00e0 Caen, avec Uibie et La Caennaise Immobilier !","breadcrumb":{"@id":"https:\/\/uibie.com\/index.php\/ruches-la-caennaise\/#breadcrumb"},"inLanguage":"fr-FR","potentialAction":[{"@type":"ReadAction","target":["https:\/\/uibie.com\/index.php\/ruches-la-caennaise\/"]}]},{"@type":"ImageObject","inLanguage":"fr-FR","@id":"https:\/\/uibie.com\/index.php\/ruches-la-caennaise\/#primaryimage","url":"https:\/\/uibie.com\/wp-content\/uploads\/2017\/05\/DSC_0155.jpg","contentUrl":"https:\/\/uibie.com\/wp-content\/uploads\/2017\/05\/DSC_0155.jpg","width":4000,"height":6000,"caption":"Uibie Apiculture Caen"},{"@type":"BreadcrumbList","@id":"https:\/\/uibie.com\/index.php\/ruches-la-caennaise\/#breadcrumb","itemListElement":[{"@type":"ListItem","position":1,"name":"Accueil","item":"https:\/\/uibie.com\/"},{"@type":"ListItem","position":2,"name":"Les ruches de La Caennaise !"}]},{"@type":"WebSite","@id":"https:\/\/uibie.com\/#website","url":"https:\/\/uibie.com\/","name":"Uibie","description":"L&#039;apiculture avec Jason Garitan","publisher":{"@id":"https:\/\/uibie.com\/#organization"},"potentialAction":[{"@type":"SearchAction","target":{"@type":"EntryPoint","urlTemplate":"https:\/\/uibie.com\/?s={search_term_string}"},"query-input":{"@type":"PropertyValueSpecification","valueRequired":true,"valueName":"search_term_string"}}],"inLanguage":"fr-FR"},{"@type":"Organization","@id":"https:\/\/uibie.com\/#organization","name":"Uibie : apiculture urbaine avec Jason Garitan","url":"https:\/\/uibie.com\/","logo":{"@type":"ImageObject","inLanguage":"fr-FR","@id":"https:\/\/uibie.com\/#\/schema\/logo\/image\/","url":"https:\/\/uibie.com\/wp-content\/uploads\/2017\/07\/Uibie_FB_Pro1.png","contentUrl":"https:\/\/uibie.com\/wp-content\/uploads\/2017\/07\/Uibie_FB_Pro1.png","width":400,"height":400,"caption":"Uibie : apiculture urbaine avec Jason Garitan"},"image":{"@id":"https:\/\/uibie.com\/#\/schema\/logo\/image\/"},"sameAs":["https:\/\/www.facebook.com\/uibieapiculture\/","https:\/\/www.instagram.com\/uibieapiculture\/","https:\/\/fr.linkedin.com\/in\/jason-garitan-94a23a135"]}]}},"jetpack_sharing_enabled":true,"_links":{"self":[{"href":"https:\/\/uibie.com\/index.php\/wp-json\/wp\/v2\/pages\/530"}],"collection":[{"href":"https:\/\/uibie.com\/index.php\/wp-json\/wp\/v2\/pages"}],"about":[{"href":"https:\/\/uibie.com\/index.php\/wp-json\/wp\/v2\/types\/page"}],"author":[{"embeddable":true,"href":"https:\/\/uibie.com\/index.php\/wp-json\/wp\/v2\/users\/1"}],"replies":[{"embeddable":true,"href":"https:\/\/uibie.com\/index.php\/wp-json\/wp\/v2\/comments?post=530"}],"version-history":[{"count":15,"href":"https:\/\/uibie.com\/index.php\/wp-json\/wp\/v2\/pages\/530\/revisions"}],"predecessor-version":[{"id":7772,"href":"https:\/\/uibie.com\/index.php\/wp-json\/wp\/v2\/pages\/530\/revisions\/7772"}],"wp:attachment":[{"href":"https:\/\/uibie.com\/index.php\/wp-json\/wp\/v2\/media?parent=530"}],"curies":[{"name":"wp","href":"https:\/\/api.w.org\/{rel}","templated":true}]}}