{"id":333,"date":"2016-12-16T18:19:58","date_gmt":"2016-12-16T17:19:58","guid":{"rendered":"https:\/\/uibie.com\/?page_id=333"},"modified":"2021-01-22T00:05:27","modified_gmt":"2021-01-21T23:05:27","slug":"abeilles-a-s-c-a-leclerc-de-lisieux","status":"publish","type":"page","link":"https:\/\/uibie.com\/index.php\/abeilles-a-s-c-a-leclerc-de-lisieux\/","title":{"rendered":"Des abeilles \u00e0 la S.C.A. Leclerc de Lisieux !"},"content":{"rendered":"<div id=\"pl-333\"  class=\"panel-layout\" ><div id=\"pg-333-0\"  class=\"panel-grid panel-has-style\" ><div class=\"siteorigin-panels-stretch panel-row-style panel-row-style-for-333-0\" data-stretch-type=\"full\" ><div id=\"pgc-333-0-0\"  class=\"panel-grid-cell\" ><div id=\"panel-333-0-0-0\" class=\"so-panel widget widget_black-studio-tinymce widget_black_studio_tinymce panel-first-child panel-last-child\" data-index=\"0\" ><div class=\"textwidget\"><p><span class=\"\" style=\"display:block;clear:both;height: 0px;padding-top: 700px;border-top-width:0px;border-bottom-width:0px;\"><\/span><\/p>\n<\/div><\/div><\/div><\/div><\/div><div id=\"pg-333-1\"  class=\"panel-grid panel-no-style\" ><div id=\"pgc-333-1-0\"  class=\"panel-grid-cell\" ><div id=\"panel-333-1-0-0\" class=\"so-panel widget widget_black-studio-tinymce widget_black_studio_tinymce panel-first-child panel-last-child\" data-index=\"1\" ><h3 class=\"widget-title\">Le r\u00f4le de des abeilles<\/h3><div class=\"textwidget\"><p><span class=\"\" style=\"display:block;clear:both;height: 0px;padding-top: 150px;border-top-width:0px;border-bottom-width:0px;\"><\/span>L'abeille \u00e0 un r\u00f4le primordial dans notre \u00e9cosyst\u00e8me depuis\u00a0<strong>130 millions d\u2019ann\u00e9es<\/strong>\u00a0; il s\u2019est \u00e9tabli une d\u00e9pendance entre plantes et insectes\u00a0:<\/p>\n<ul>\n<li><strong>80% des plantes \u00e0 fleurs<\/strong>\u00a0sont pollinis\u00e9es par les insectes et,<\/li>\n<li><strong>85% de celles-ci le sont par des abeilles<\/strong>\u00a0(dont 90% d\u2019arbres fruitiers)<\/li>\n<\/ul>\n<p>On compte environ\u00a0<strong>170 000 esp\u00e8ces de plantes pollinis\u00e9es par les abeilles. Donc si<\/strong><strong>\u00a0les abeilles venaient \u00e0 dispara\u00eetre<\/strong>\u00a0on consid\u00e8re qu\u2019environ<strong>\u00a040.000 esp\u00e8ces \u00e0 fleurs seraient en d\u00e9clin.\u00a0<\/strong><\/p>\n<p>Enfin, l\u2019efficacit\u00e9 pollinisatrice des abeilles est redoutable du fait de son organisation. On estime qu\u2019une colonie peut visiter\u00a0<strong>en une journ\u00e9e plusieurs millions de fleurs<\/strong>\u00a0et que pratiquement les abeilles ne n\u00e9gligent aucune fleur.\u00a0Par son activit\u00e9 pollinisatrice l\u2019abeille vient au\u00a0<strong>troisi\u00e8me rang des animaux domestiques les plus utiles.<\/strong><\/p>\n<p>\u00a0<\/p>\n<p>\u00a0<\/p>\n<p>\u00a0<\/p>\n<p><em>Source: \u00ab\u00a0L\u2019\u00e9tonnante Abeille\u00a0\u00bb\u00a0Pr.J\u00fcrgenTautz\u00a0\u00a0 Universit\u00e9 Bavaroise\u00a0 Julius Maximilian\u00a0 Groupe BEE<\/em><\/p>\n<\/div><\/div><\/div><div id=\"pgc-333-1-1\"  class=\"panel-grid-cell\" ><div id=\"panel-333-1-1-0\" class=\"so-panel widget widget_black-studio-tinymce widget_black_studio_tinymce panel-first-child panel-last-child\" data-index=\"2\" ><div class=\"textwidget\"><p><img loading=\"lazy\" decoding=\"async\" class=\"aligncenter wp-image-338 size-large\" src=\"https:\/\/uibie.com\/wp-content\/uploads\/2016\/12\/DSC_0361-647x1024.jpg\" alt=\"abeilles Leclerc Uibie\" width=\"640\" height=\"1013\" \/><\/p>\n<\/div><\/div><\/div><\/div><div id=\"pg-333-2\"  class=\"panel-grid panel-no-style\" ><div id=\"pgc-333-2-0\"  class=\"panel-grid-cell\" ><div id=\"panel-333-2-0-0\" class=\"so-panel widget widget_black-studio-tinymce widget_black_studio_tinymce panel-first-child panel-last-child\" data-index=\"3\" ><div class=\"textwidget\"><p><img loading=\"lazy\" decoding=\"async\" class=\"aligncenter wp-image-344 size-large\" src=\"https:\/\/uibie.com\/wp-content\/uploads\/2016\/12\/DSC_0355-1024x603.jpg\" alt=\"abeilles Leclerc Uibie\" width=\"640\" height=\"377\" srcset=\"https:\/\/uibie.com\/wp-content\/uploads\/2016\/12\/DSC_0355-1024x603.jpg 1024w, https:\/\/uibie.com\/wp-content\/uploads\/2016\/12\/DSC_0355-1600x942.jpg 1600w, https:\/\/uibie.com\/wp-content\/uploads\/2016\/12\/DSC_0355-300x177.jpg 300w, https:\/\/uibie.com\/wp-content\/uploads\/2016\/12\/DSC_0355-768x452.jpg 768w, https:\/\/uibie.com\/wp-content\/uploads\/2016\/12\/DSC_0355-50x29.jpg 50w\" sizes=\"(max-width: 640px) 100vw, 640px\" \/><\/p>\n<\/div><\/div><\/div><div id=\"pgc-333-2-1\"  class=\"panel-grid-cell\" ><div id=\"panel-333-2-1-0\" class=\"so-panel widget widget_black-studio-tinymce widget_black_studio_tinymce panel-first-child panel-last-child\" data-index=\"4\" ><h3 class=\"widget-title\">L&rsquo;abeilles en danger<\/h3><div class=\"textwidget\"><p><span class=\"\" style=\"display:block;clear:both;height: 0px;padding-top: 50px;border-top-width:0px;border-bottom-width:0px;\"><\/span>Depuis quelques ann\u00e9es, on assiste \u00e0 une mortalit\u00e9 sans pr\u00e9c\u00e9dent des colonies d\u2019abeilles ; de nombreuses causes ont \u00e9t\u00e9 \u00e9voqu\u00e9es tour \u00e0 tour et en particulier les produits phytosanitaires ou pesticides. Cependant on estime aujourd\u2019hui que le d\u00e9clin de l\u2019abeille est attribu\u00e9 \u00e0 une origine \u00ab multifactorielle \u00bb, donc c'est-\u00e0-dire une combinaison de plusieurs facteurs.<\/p>\n<p><em>\u00a0<\/em><\/p>\n<\/div><\/div><\/div><\/div><div id=\"pg-333-3\"  class=\"panel-grid panel-has-style\" ><div class=\"siteorigin-panels-stretch panel-row-style panel-row-style-for-333-3\" data-stretch-type=\"full\" ><div id=\"pgc-333-3-0\"  class=\"panel-grid-cell panel-grid-cell-empty\" ><\/div><div id=\"pgc-333-3-1\"  class=\"panel-grid-cell\" ><div id=\"panel-333-3-1-0\" class=\"so-panel widget widget_black-studio-tinymce widget_black_studio_tinymce panel-first-child panel-last-child\" data-index=\"5\" ><h3 class=\"widget-title\">Un projet responsable<\/h3><div class=\"textwidget\"><p>En faisant poser trois ruches sur son site, la SCA de Lisieux participe donc activement \u00e0 la survie de l'abeille et \u00e0 l'am\u00e9lioration de la biodiversit\u00e9 environnante ! Donc en pleine saison se seront plus de 200 000 abeilles qui iront butiner les alentours !<\/p>\n<p style=\"text-align: center;\"><a href=\"https:\/\/uibie.com\/index.php\/ruches-en-entreprise\/\"><strong>En savoir plus<\/strong><img loading=\"lazy\" decoding=\"async\" class=\"aligncenter size-full wp-image-34\" src=\"https:\/\/uibie.com\/wp-content\/uploads\/2016\/06\/Uibie-Pictos-04.png\" alt=\"Ruches en entreprise\" width=\"100\" height=\"100\" srcset=\"https:\/\/uibie.com\/wp-content\/uploads\/2016\/06\/Uibie-Pictos-04.png 100w, https:\/\/uibie.com\/wp-content\/uploads\/2016\/06\/Uibie-Pictos-04-73x73.png 73w, https:\/\/uibie.com\/wp-content\/uploads\/2016\/06\/Uibie-Pictos-04-50x50.png 50w\" sizes=\"(max-width: 100px) 100vw, 100px\" \/><\/a><\/p>\n<\/div><\/div><\/div><div id=\"pgc-333-3-2\"  class=\"panel-grid-cell\" ><div id=\"panel-333-3-2-0\" class=\"so-panel widget widget_black-studio-tinymce widget_black_studio_tinymce panel-first-child panel-last-child\" data-index=\"6\" ><div class=\"textwidget\"><\/div><\/div><\/div><\/div><\/div><div id=\"pg-333-4\"  class=\"panel-grid panel-no-style\" ><div id=\"pgc-333-4-0\"  class=\"panel-grid-cell panel-grid-cell-empty\" ><\/div><\/div><div id=\"pg-333-5\"  class=\"panel-grid panel-has-style\" ><div class=\"siteorigin-panels-stretch panel-row-style panel-row-style-for-333-5\" data-stretch-type=\"full\" ><div id=\"pgc-333-5-0\"  class=\"panel-grid-cell\" ><div id=\"panel-333-5-0-0\" class=\"so-panel widget widget_black-studio-tinymce widget_black_studio_tinymce panel-first-child panel-last-child\" data-index=\"7\" ><div class=\"textwidget\"><p><span class=\"\" style=\"display:block;clear:both;height: 0px;padding-top: 700px;border-top-width:0px;border-bottom-width:0px;\"><\/span><\/p>\n<\/div><\/div><\/div><\/div><\/div><\/div>","protected":false},"excerpt":{"rendered":"<p>L&rsquo;abeille \u00e0 un r\u00f4le primordial dans notre \u00e9cosyst\u00e8me depuis\u00a0130 millions d\u2019ann\u00e9es\u00a0; il s\u2019est \u00e9tabli une d\u00e9pendance entre plantes et insectes\u00a0:80% des plantes \u00e0 fleurs\u00a0sont pollinis\u00e9es par les insectes et,85% de celles-ci le sont par des abeilles\u00a0(dont 90% d\u2019arbres fruitiers)On compte environ\u00a0170 000 esp\u00e8ces de plantes pollinis\u00e9es par les abeilles. Donc si\u00a0les abeilles venaient \u00e0 dispara\u00eetre\u00a0on<a href=\"https:\/\/uibie.com\/index.php\/abeilles-a-s-c-a-leclerc-de-lisieux\/\">[&#8230;]<\/a><\/p>\n","protected":false},"author":1,"featured_media":338,"parent":0,"menu_order":0,"comment_status":"closed","ping_status":"closed","template":"template-fullwidth.php","meta":{"footnotes":""},"class_list":["post-333","page","type-page","status-publish","has-post-thumbnail","hentry"],"wppr_data":{"cwp_meta_box_check":"No"},"yoast_head":"<!-- This site is optimized with the Yoast SEO plugin v24.0 - https:\/\/yoast.com\/wordpress\/plugins\/seo\/ -->\n<title>Des ruches \u00e0 la S.C.A. Leclerc de Lisieux pour participer \u00e0 la biodiversit\u00e9 !<\/title>\n<meta name=\"description\" content=\"Les ruches de la SCA de Lisieux abritent plus de 100 000 abeilles ! Autant d&#039;abeilles qui participeront activement au maintien de la biodiversit\u00e9 !\" \/>\n<meta name=\"robots\" content=\"index, follow, max-snippet:-1, max-image-preview:large, max-video-preview:-1\" \/>\n<link rel=\"canonical\" href=\"https:\/\/uibie.com\/index.php\/abeilles-a-s-c-a-leclerc-de-lisieux\/\" \/>\n<meta property=\"og:locale\" content=\"fr_FR\" \/>\n<meta property=\"og:type\" content=\"article\" \/>\n<meta property=\"og:title\" content=\"Des ruches \u00e0 la S.C.A. Leclerc de Lisieux pour participer \u00e0 la biodiversit\u00e9 !\" \/>\n<meta property=\"og:description\" content=\"Les ruches de la SCA de Lisieux abritent plus de 100 000 abeilles ! Autant d&#039;abeilles qui participeront activement au maintien de la biodiversit\u00e9 !\" \/>\n<meta property=\"og:url\" content=\"https:\/\/uibie.com\/index.php\/abeilles-a-s-c-a-leclerc-de-lisieux\/\" \/>\n<meta property=\"og:site_name\" content=\"Uibie\" \/>\n<meta property=\"article:publisher\" content=\"https:\/\/www.facebook.com\/uibieapiculture\/\" \/>\n<meta property=\"article:modified_time\" content=\"2021-01-21T23:05:27+00:00\" \/>\n<meta property=\"og:image\" content=\"https:\/\/uibie.com\/wp-content\/uploads\/2016\/12\/DSC_0361-e1481908984355.jpg\" \/>\n\t<meta property=\"og:image:width\" content=\"3623\" \/>\n\t<meta property=\"og:image:height\" content=\"5737\" \/>\n\t<meta property=\"og:image:type\" content=\"image\/jpeg\" \/>\n<meta name=\"twitter:card\" content=\"summary_large_image\" \/>\n<meta name=\"twitter:label1\" content=\"Dur\u00e9e de lecture estim\u00e9e\" \/>\n\t<meta name=\"twitter:data1\" content=\"1 minute\" \/>\n<script type=\"application\/ld+json\" class=\"yoast-schema-graph\">{\"@context\":\"https:\/\/schema.org\",\"@graph\":[{\"@type\":\"WebPage\",\"@id\":\"https:\/\/uibie.com\/index.php\/abeilles-a-s-c-a-leclerc-de-lisieux\/\",\"url\":\"https:\/\/uibie.com\/index.php\/abeilles-a-s-c-a-leclerc-de-lisieux\/\",\"name\":\"Des ruches \u00e0 la S.C.A. Leclerc de Lisieux pour participer \u00e0 la biodiversit\u00e9 !\",\"isPartOf\":{\"@id\":\"https:\/\/uibie.com\/#website\"},\"primaryImageOfPage\":{\"@id\":\"https:\/\/uibie.com\/index.php\/abeilles-a-s-c-a-leclerc-de-lisieux\/#primaryimage\"},\"image\":{\"@id\":\"https:\/\/uibie.com\/index.php\/abeilles-a-s-c-a-leclerc-de-lisieux\/#primaryimage\"},\"thumbnailUrl\":\"https:\/\/uibie.com\/wp-content\/uploads\/2016\/12\/DSC_0361-e1481908984355.jpg\",\"datePublished\":\"2016-12-16T17:19:58+00:00\",\"dateModified\":\"2021-01-21T23:05:27+00:00\",\"description\":\"Les ruches de la SCA de Lisieux abritent plus de 100 000 abeilles ! Autant d'abeilles qui participeront activement au maintien de la biodiversit\u00e9 !\",\"breadcrumb\":{\"@id\":\"https:\/\/uibie.com\/index.php\/abeilles-a-s-c-a-leclerc-de-lisieux\/#breadcrumb\"},\"inLanguage\":\"fr-FR\",\"potentialAction\":[{\"@type\":\"ReadAction\",\"target\":[\"https:\/\/uibie.com\/index.php\/abeilles-a-s-c-a-leclerc-de-lisieux\/\"]}]},{\"@type\":\"ImageObject\",\"inLanguage\":\"fr-FR\",\"@id\":\"https:\/\/uibie.com\/index.php\/abeilles-a-s-c-a-leclerc-de-lisieux\/#primaryimage\",\"url\":\"https:\/\/uibie.com\/wp-content\/uploads\/2016\/12\/DSC_0361-e1481908984355.jpg\",\"contentUrl\":\"https:\/\/uibie.com\/wp-content\/uploads\/2016\/12\/DSC_0361-e1481908984355.jpg\",\"width\":3623,\"height\":5737,\"caption\":\"Ruches Leclerc Uibie\"},{\"@type\":\"BreadcrumbList\",\"@id\":\"https:\/\/uibie.com\/index.php\/abeilles-a-s-c-a-leclerc-de-lisieux\/#breadcrumb\",\"itemListElement\":[{\"@type\":\"ListItem\",\"position\":1,\"name\":\"Accueil\",\"item\":\"https:\/\/uibie.com\/\"},{\"@type\":\"ListItem\",\"position\":2,\"name\":\"Des abeilles \u00e0 la S.C.A. Leclerc de Lisieux !\"}]},{\"@type\":\"WebSite\",\"@id\":\"https:\/\/uibie.com\/#website\",\"url\":\"https:\/\/uibie.com\/\",\"name\":\"Uibie\",\"description\":\"L&#039;apiculture avec Jason Garitan\",\"publisher\":{\"@id\":\"https:\/\/uibie.com\/#organization\"},\"potentialAction\":[{\"@type\":\"SearchAction\",\"target\":{\"@type\":\"EntryPoint\",\"urlTemplate\":\"https:\/\/uibie.com\/?s={search_term_string}\"},\"query-input\":{\"@type\":\"PropertyValueSpecification\",\"valueRequired\":true,\"valueName\":\"search_term_string\"}}],\"inLanguage\":\"fr-FR\"},{\"@type\":\"Organization\",\"@id\":\"https:\/\/uibie.com\/#organization\",\"name\":\"Uibie : apiculture urbaine avec Jason Garitan\",\"url\":\"https:\/\/uibie.com\/\",\"logo\":{\"@type\":\"ImageObject\",\"inLanguage\":\"fr-FR\",\"@id\":\"https:\/\/uibie.com\/#\/schema\/logo\/image\/\",\"url\":\"https:\/\/uibie.com\/wp-content\/uploads\/2017\/07\/Uibie_FB_Pro1.png\",\"contentUrl\":\"https:\/\/uibie.com\/wp-content\/uploads\/2017\/07\/Uibie_FB_Pro1.png\",\"width\":400,\"height\":400,\"caption\":\"Uibie : apiculture urbaine avec Jason Garitan\"},\"image\":{\"@id\":\"https:\/\/uibie.com\/#\/schema\/logo\/image\/\"},\"sameAs\":[\"https:\/\/www.facebook.com\/uibieapiculture\/\",\"https:\/\/www.instagram.com\/uibieapiculture\/\",\"https:\/\/fr.linkedin.com\/in\/jason-garitan-94a23a135\"]}]}<\/script>\n<!-- \/ Yoast SEO plugin. -->","yoast_head_json":{"title":"Des ruches \u00e0 la S.C.A. Leclerc de Lisieux pour participer \u00e0 la biodiversit\u00e9 !","description":"Les ruches de la SCA de Lisieux abritent plus de 100 000 abeilles ! Autant d'abeilles qui participeront activement au maintien de la biodiversit\u00e9 !","robots":{"index":"index","follow":"follow","max-snippet":"max-snippet:-1","max-image-preview":"max-image-preview:large","max-video-preview":"max-video-preview:-1"},"canonical":"https:\/\/uibie.com\/index.php\/abeilles-a-s-c-a-leclerc-de-lisieux\/","og_locale":"fr_FR","og_type":"article","og_title":"Des ruches \u00e0 la S.C.A. Leclerc de Lisieux pour participer \u00e0 la biodiversit\u00e9 !","og_description":"Les ruches de la SCA de Lisieux abritent plus de 100 000 abeilles ! Autant d'abeilles qui participeront activement au maintien de la biodiversit\u00e9 !","og_url":"https:\/\/uibie.com\/index.php\/abeilles-a-s-c-a-leclerc-de-lisieux\/","og_site_name":"Uibie","article_publisher":"https:\/\/www.facebook.com\/uibieapiculture\/","article_modified_time":"2021-01-21T23:05:27+00:00","og_image":[{"width":3623,"height":5737,"url":"https:\/\/uibie.com\/wp-content\/uploads\/2016\/12\/DSC_0361-e1481908984355.jpg","type":"image\/jpeg"}],"twitter_card":"summary_large_image","twitter_misc":{"Dur\u00e9e de lecture estim\u00e9e":"1 minute"},"schema":{"@context":"https:\/\/schema.org","@graph":[{"@type":"WebPage","@id":"https:\/\/uibie.com\/index.php\/abeilles-a-s-c-a-leclerc-de-lisieux\/","url":"https:\/\/uibie.com\/index.php\/abeilles-a-s-c-a-leclerc-de-lisieux\/","name":"Des ruches \u00e0 la S.C.A. Leclerc de Lisieux pour participer \u00e0 la biodiversit\u00e9 !","isPartOf":{"@id":"https:\/\/uibie.com\/#website"},"primaryImageOfPage":{"@id":"https:\/\/uibie.com\/index.php\/abeilles-a-s-c-a-leclerc-de-lisieux\/#primaryimage"},"image":{"@id":"https:\/\/uibie.com\/index.php\/abeilles-a-s-c-a-leclerc-de-lisieux\/#primaryimage"},"thumbnailUrl":"https:\/\/uibie.com\/wp-content\/uploads\/2016\/12\/DSC_0361-e1481908984355.jpg","datePublished":"2016-12-16T17:19:58+00:00","dateModified":"2021-01-21T23:05:27+00:00","description":"Les ruches de la SCA de Lisieux abritent plus de 100 000 abeilles ! Autant d'abeilles qui participeront activement au maintien de la biodiversit\u00e9 !","breadcrumb":{"@id":"https:\/\/uibie.com\/index.php\/abeilles-a-s-c-a-leclerc-de-lisieux\/#breadcrumb"},"inLanguage":"fr-FR","potentialAction":[{"@type":"ReadAction","target":["https:\/\/uibie.com\/index.php\/abeilles-a-s-c-a-leclerc-de-lisieux\/"]}]},{"@type":"ImageObject","inLanguage":"fr-FR","@id":"https:\/\/uibie.com\/index.php\/abeilles-a-s-c-a-leclerc-de-lisieux\/#primaryimage","url":"https:\/\/uibie.com\/wp-content\/uploads\/2016\/12\/DSC_0361-e1481908984355.jpg","contentUrl":"https:\/\/uibie.com\/wp-content\/uploads\/2016\/12\/DSC_0361-e1481908984355.jpg","width":3623,"height":5737,"caption":"Ruches Leclerc Uibie"},{"@type":"BreadcrumbList","@id":"https:\/\/uibie.com\/index.php\/abeilles-a-s-c-a-leclerc-de-lisieux\/#breadcrumb","itemListElement":[{"@type":"ListItem","position":1,"name":"Accueil","item":"https:\/\/uibie.com\/"},{"@type":"ListItem","position":2,"name":"Des abeilles \u00e0 la S.C.A. Leclerc de Lisieux !"}]},{"@type":"WebSite","@id":"https:\/\/uibie.com\/#website","url":"https:\/\/uibie.com\/","name":"Uibie","description":"L&#039;apiculture avec Jason Garitan","publisher":{"@id":"https:\/\/uibie.com\/#organization"},"potentialAction":[{"@type":"SearchAction","target":{"@type":"EntryPoint","urlTemplate":"https:\/\/uibie.com\/?s={search_term_string}"},"query-input":{"@type":"PropertyValueSpecification","valueRequired":true,"valueName":"search_term_string"}}],"inLanguage":"fr-FR"},{"@type":"Organization","@id":"https:\/\/uibie.com\/#organization","name":"Uibie : apiculture urbaine avec Jason Garitan","url":"https:\/\/uibie.com\/","logo":{"@type":"ImageObject","inLanguage":"fr-FR","@id":"https:\/\/uibie.com\/#\/schema\/logo\/image\/","url":"https:\/\/uibie.com\/wp-content\/uploads\/2017\/07\/Uibie_FB_Pro1.png","contentUrl":"https:\/\/uibie.com\/wp-content\/uploads\/2017\/07\/Uibie_FB_Pro1.png","width":400,"height":400,"caption":"Uibie : apiculture urbaine avec Jason Garitan"},"image":{"@id":"https:\/\/uibie.com\/#\/schema\/logo\/image\/"},"sameAs":["https:\/\/www.facebook.com\/uibieapiculture\/","https:\/\/www.instagram.com\/uibieapiculture\/","https:\/\/fr.linkedin.com\/in\/jason-garitan-94a23a135"]}]}},"jetpack_sharing_enabled":true,"_links":{"self":[{"href":"https:\/\/uibie.com\/index.php\/wp-json\/wp\/v2\/pages\/333"}],"collection":[{"href":"https:\/\/uibie.com\/index.php\/wp-json\/wp\/v2\/pages"}],"about":[{"href":"https:\/\/uibie.com\/index.php\/wp-json\/wp\/v2\/types\/page"}],"author":[{"embeddable":true,"href":"https:\/\/uibie.com\/index.php\/wp-json\/wp\/v2\/users\/1"}],"replies":[{"embeddable":true,"href":"https:\/\/uibie.com\/index.php\/wp-json\/wp\/v2\/comments?post=333"}],"version-history":[{"count":20,"href":"https:\/\/uibie.com\/index.php\/wp-json\/wp\/v2\/pages\/333\/revisions"}],"predecessor-version":[{"id":7681,"href":"https:\/\/uibie.com\/index.php\/wp-json\/wp\/v2\/pages\/333\/revisions\/7681"}],"wp:featuredmedia":[{"embeddable":true,"href":"https:\/\/uibie.com\/index.php\/wp-json\/wp\/v2\/media\/338"}],"wp:attachment":[{"href":"https:\/\/uibie.com\/index.php\/wp-json\/wp\/v2\/media?parent=333"}],"curies":[{"name":"wp","href":"https:\/\/api.w.org\/{rel}","templated":true}]}}