{"id":280,"date":"2016-12-07T19:28:30","date_gmt":"2016-12-07T18:28:30","guid":{"rendered":"https:\/\/uibie.com\/?page_id=280"},"modified":"2021-01-21T23:47:00","modified_gmt":"2021-01-21T22:47:00","slug":"ruches-toit-de-segid","status":"publish","type":"page","link":"https:\/\/uibie.com\/index.php\/ruches-toit-de-segid\/","title":{"rendered":"Des ruches sur le toit de SEGID !"},"content":{"rendered":"<div id=\"pl-280\"  class=\"panel-layout\" ><div id=\"pg-280-0\"  class=\"panel-grid panel-has-style\" ><div class=\"siteorigin-panels-stretch panel-row-style panel-row-style-for-280-0\" data-stretch-type=\"full\" ><div id=\"pgc-280-0-0\"  class=\"panel-grid-cell\" ><div id=\"panel-280-0-0-0\" class=\"so-panel widget widget_black-studio-tinymce widget_black_studio_tinymce panel-first-child panel-last-child\" data-index=\"0\" ><div class=\"textwidget\"><p><span class=\"\" style=\"display:block;clear:both;height: 0px;padding-top: 720px;border-top-width:0px;border-bottom-width:0px;\"><\/span><\/p>\n<\/div><\/div><\/div><\/div><\/div><div id=\"pg-280-1\"  class=\"panel-grid panel-no-style\" ><div id=\"pgc-280-1-0\"  class=\"panel-grid-cell\" ><div id=\"panel-280-1-0-0\" class=\"so-panel widget widget_black-studio-tinymce widget_black_studio_tinymce panel-first-child panel-last-child\" data-index=\"1\" ><h3 class=\"widget-title\">Des abeilles !<\/h3><div class=\"textwidget\"><p><span class=\"\" style=\"display:block;clear:both;height: 0px;padding-top: 80px;border-top-width:0px;border-bottom-width:0px;\"><\/span> Des ruches sur le toit de l'entreprise SEGID pour am\u00e9liorer la biodiversit\u00e9 ! En France, depuis 1995, pr\u00e8s de <strong>30 % des colonies d\u2019abeilles disparaissent<\/strong> chaque ann\u00e9e. Ce pourcentage est alarmant et c'est pourquoi 15 000 apiculteurs ont cess\u00e9 leur activit\u00e9 lors des 10 derni\u00e8res ann\u00e9es. SEGID participe donc au <strong>maintien des abeilles<\/strong> et au <strong>soutien de l'apiculture locale<\/strong> en faisant poser des ruches sur son toit ! Les abeilles des ruches vont butiner les alentours et ainsi contribuer au maintien de la biodiversit\u00e9 !<\/p>\n<\/div><\/div><\/div><div id=\"pgc-280-1-1\"  class=\"panel-grid-cell\" ><div id=\"panel-280-1-1-0\" class=\"so-panel widget widget_black-studio-tinymce widget_black_studio_tinymce panel-first-child panel-last-child\" data-index=\"2\" ><div class=\"textwidget\"><p><a href=\"https:\/\/uibie.com\/wp-content\/uploads\/2016\/12\/DSC_0242.jpg\"><img loading=\"lazy\" decoding=\"async\" class=\"aligncenter size-large wp-image-286\" src=\"https:\/\/uibie.com\/wp-content\/uploads\/2016\/12\/DSC_0242-1024x788.jpg\" alt=\"uibie apiculture\" width=\"640\" height=\"493\" srcset=\"https:\/\/uibie.com\/wp-content\/uploads\/2016\/12\/DSC_0242-1024x788.jpg 1024w, https:\/\/uibie.com\/wp-content\/uploads\/2016\/12\/DSC_0242-1600x1232.jpg 1600w, https:\/\/uibie.com\/wp-content\/uploads\/2016\/12\/DSC_0242-300x231.jpg 300w, https:\/\/uibie.com\/wp-content\/uploads\/2016\/12\/DSC_0242-768x591.jpg 768w, https:\/\/uibie.com\/wp-content\/uploads\/2016\/12\/DSC_0242-50x38.jpg 50w\" sizes=\"(max-width: 640px) 100vw, 640px\" \/><\/a><\/p>\n<\/div><\/div><\/div><\/div><div id=\"pg-280-2\"  class=\"panel-grid panel-no-style\" ><div id=\"pgc-280-2-0\"  class=\"panel-grid-cell\" ><div id=\"panel-280-2-0-0\" class=\"so-panel widget widget_black-studio-tinymce widget_black_studio_tinymce panel-first-child panel-last-child\" data-index=\"3\" ><div class=\"textwidget\"><p><a href=\"https:\/\/uibie.com\/wp-content\/uploads\/2016\/12\/DSC_0248.jpg\"><img loading=\"lazy\" decoding=\"async\" class=\"aligncenter wp-image-290 size-large\" src=\"https:\/\/uibie.com\/wp-content\/uploads\/2016\/12\/DSC_0248-1024x603.jpg\" alt=\"ruches uibie apiculture\" width=\"640\" height=\"377\" srcset=\"https:\/\/uibie.com\/wp-content\/uploads\/2016\/12\/DSC_0248-1024x603.jpg 1024w, https:\/\/uibie.com\/wp-content\/uploads\/2016\/12\/DSC_0248-1600x942.jpg 1600w, https:\/\/uibie.com\/wp-content\/uploads\/2016\/12\/DSC_0248-300x177.jpg 300w, https:\/\/uibie.com\/wp-content\/uploads\/2016\/12\/DSC_0248-768x452.jpg 768w, https:\/\/uibie.com\/wp-content\/uploads\/2016\/12\/DSC_0248-50x29.jpg 50w\" sizes=\"(max-width: 640px) 100vw, 640px\" \/><\/a><\/p>\n<\/div><\/div><\/div><div id=\"pgc-280-2-1\"  class=\"panel-grid-cell\" ><div id=\"panel-280-2-1-0\" class=\"so-panel widget widget_black-studio-tinymce widget_black_studio_tinymce panel-first-child panel-last-child\" data-index=\"4\" ><h3 class=\"widget-title\">Installation<\/h3><div class=\"textwidget\"><p><span class=\"\" style=\"display:block;clear:both;height: 0px;padding-top: 60px;border-top-width:0px;border-bottom-width:0px;\"><\/span>L'installation s'est faite un apr\u00e8s-midi d'automne, avec des conditions climatiques convenables. Dans un premier temps, des ruchettes ont \u00e9t\u00e9 pos\u00e9es afin que les abeilles puissent passer l'hiver au chaud ! D\u00e8s le printemps les abeilles seront transf\u00e9r\u00e9es dans un\u00a0habitat plus grand pour produire du miel qui sera ensuite mis en pots, avec <strong>des \u00e9tiquettes personnalis\u00e9es<\/strong>.<\/p>\n<\/div><\/div><\/div><\/div><div id=\"pg-280-3\"  class=\"panel-grid panel-no-style\" ><div id=\"pgc-280-3-0\"  class=\"panel-grid-cell\" ><div id=\"panel-280-3-0-0\" class=\"so-panel widget widget_black-studio-tinymce widget_black_studio_tinymce panel-first-child panel-last-child\" data-index=\"5\" ><h3 class=\"widget-title\">Premier envol !<\/h3><div class=\"textwidget\"><p><span class=\"\" style=\"display:block;clear:both;height: 0px;padding-top: 60px;border-top-width:0px;border-bottom-width:0px;\"><\/span>Et voil\u00e0 ! En pleine saison se seront plus de <strong>300 000 abeilles<\/strong> qui iront butiner les alentours et participeront activement \u00e0 <strong>l'am\u00e9lioration de la biodiversit\u00e9\u00a0<\/strong>environnante !\u00a0En faisant poser des ruches sur son site, <strong>SEGID s'engage donc\u00a0<\/strong>dans le maintien de la biodiversit\u00e9 et s'engage directement aupr\u00e8s des apiculteurs locaux pour la survie des abeilles.<\/p>\n<p><strong>L\u2019entretien int\u00e9gral<\/strong>\u00a0des ruches se fera par des apiculteurs de UIBIE. L'entreprise SEGID et son personnel b\u00e9n\u00e9ficient ainsi des comp\u00e9tences de professionnels avec qui un lien direct est possible pour \u00eatre inform\u00e9 de la vie de leurs abeilles, au fil des saisons !<\/p>\n<p style=\"text-align: center;\"><strong>&gt;<a href=\"https:\/\/www.segid.fr\/\">Segid<\/a>&lt;<\/strong><\/p>\n<\/div><\/div><\/div><div id=\"pgc-280-3-1\"  class=\"panel-grid-cell\" ><div id=\"panel-280-3-1-0\" class=\"so-panel widget widget_black-studio-tinymce widget_black_studio_tinymce panel-first-child panel-last-child\" data-index=\"6\" ><div class=\"textwidget\"><p><a href=\"https:\/\/uibie.com\/wp-content\/uploads\/2016\/12\/DSC_0264.jpg\"><img loading=\"lazy\" decoding=\"async\" class=\"aligncenter size-large wp-image-295\" src=\"https:\/\/uibie.com\/wp-content\/uploads\/2016\/12\/DSC_0264-1024x683.jpg\" alt=\"ruches uibie apiculture\" width=\"640\" height=\"427\" srcset=\"https:\/\/uibie.com\/wp-content\/uploads\/2016\/12\/DSC_0264-1024x683.jpg 1024w, https:\/\/uibie.com\/wp-content\/uploads\/2016\/12\/DSC_0264-1600x1067.jpg 1600w, https:\/\/uibie.com\/wp-content\/uploads\/2016\/12\/DSC_0264-300x200.jpg 300w, https:\/\/uibie.com\/wp-content\/uploads\/2016\/12\/DSC_0264-768x512.jpg 768w, https:\/\/uibie.com\/wp-content\/uploads\/2016\/12\/DSC_0264-750x500.jpg 750w, https:\/\/uibie.com\/wp-content\/uploads\/2016\/12\/DSC_0264-50x33.jpg 50w\" sizes=\"(max-width: 640px) 100vw, 640px\" \/><\/a><\/p>\n<\/div><\/div><\/div><\/div><div id=\"pg-280-4\"  class=\"panel-grid panel-no-style\" ><div id=\"pgc-280-4-0\"  class=\"panel-grid-cell\" ><div id=\"panel-280-4-0-0\" class=\"so-panel widget widget_black-studio-tinymce widget_black_studio_tinymce panel-first-child panel-last-child\" data-index=\"7\" ><div class=\"textwidget\"><p><a href=\"https:\/\/uibie.com\/wp-content\/uploads\/2016\/12\/DSC_0256.jpg\"><img loading=\"lazy\" decoding=\"async\" class=\"aligncenter size-large wp-image-298\" src=\"https:\/\/uibie.com\/wp-content\/uploads\/2016\/12\/DSC_0256-1024x683.jpg\" alt=\"ruches uibie\" width=\"640\" height=\"427\" srcset=\"https:\/\/uibie.com\/wp-content\/uploads\/2016\/12\/DSC_0256-1024x683.jpg 1024w, https:\/\/uibie.com\/wp-content\/uploads\/2016\/12\/DSC_0256-1600x1067.jpg 1600w, https:\/\/uibie.com\/wp-content\/uploads\/2016\/12\/DSC_0256-300x200.jpg 300w, https:\/\/uibie.com\/wp-content\/uploads\/2016\/12\/DSC_0256-768x512.jpg 768w, https:\/\/uibie.com\/wp-content\/uploads\/2016\/12\/DSC_0256-750x500.jpg 750w, https:\/\/uibie.com\/wp-content\/uploads\/2016\/12\/DSC_0256-50x33.jpg 50w, https:\/\/uibie.com\/wp-content\/uploads\/2016\/12\/DSC_0256-1200x800.jpg 1200w\" sizes=\"(max-width: 640px) 100vw, 640px\" \/><\/a><\/p>\n<\/div><\/div><\/div><div id=\"pgc-280-4-1\"  class=\"panel-grid-cell\" ><div id=\"panel-280-4-1-0\" class=\"so-panel widget widget_black-studio-tinymce widget_black_studio_tinymce panel-first-child panel-last-child\" data-index=\"8\" ><div class=\"textwidget\"><p><a href=\"https:\/\/uibie.com\/wp-content\/uploads\/2016\/12\/DSC_0257.jpg\"><img loading=\"lazy\" decoding=\"async\" class=\"aligncenter size-large wp-image-299\" src=\"https:\/\/uibie.com\/wp-content\/uploads\/2016\/12\/DSC_0257-1024x683.jpg\" alt=\"ruches uibie\" width=\"640\" height=\"427\" srcset=\"https:\/\/uibie.com\/wp-content\/uploads\/2016\/12\/DSC_0257-1024x683.jpg 1024w, https:\/\/uibie.com\/wp-content\/uploads\/2016\/12\/DSC_0257-1600x1067.jpg 1600w, https:\/\/uibie.com\/wp-content\/uploads\/2016\/12\/DSC_0257-300x200.jpg 300w, https:\/\/uibie.com\/wp-content\/uploads\/2016\/12\/DSC_0257-768x512.jpg 768w, https:\/\/uibie.com\/wp-content\/uploads\/2016\/12\/DSC_0257-750x500.jpg 750w, https:\/\/uibie.com\/wp-content\/uploads\/2016\/12\/DSC_0257-50x33.jpg 50w\" sizes=\"(max-width: 640px) 100vw, 640px\" \/><\/a><\/p>\n<\/div><\/div><\/div><div id=\"pgc-280-4-2\"  class=\"panel-grid-cell\" ><div id=\"panel-280-4-2-0\" class=\"so-panel widget widget_black-studio-tinymce widget_black_studio_tinymce panel-first-child panel-last-child\" data-index=\"9\" ><div class=\"textwidget\"><p><a href=\"https:\/\/uibie.com\/wp-content\/uploads\/2016\/12\/DSC_0255.jpg\"><img loading=\"lazy\" decoding=\"async\" class=\"aligncenter size-large wp-image-300\" src=\"https:\/\/uibie.com\/wp-content\/uploads\/2016\/12\/DSC_0255-1024x683.jpg\" alt=\"ruches\" width=\"640\" height=\"427\" srcset=\"https:\/\/uibie.com\/wp-content\/uploads\/2016\/12\/DSC_0255-1024x683.jpg 1024w, https:\/\/uibie.com\/wp-content\/uploads\/2016\/12\/DSC_0255-1600x1067.jpg 1600w, https:\/\/uibie.com\/wp-content\/uploads\/2016\/12\/DSC_0255-300x200.jpg 300w, https:\/\/uibie.com\/wp-content\/uploads\/2016\/12\/DSC_0255-768x512.jpg 768w, https:\/\/uibie.com\/wp-content\/uploads\/2016\/12\/DSC_0255-750x500.jpg 750w, https:\/\/uibie.com\/wp-content\/uploads\/2016\/12\/DSC_0255-50x33.jpg 50w\" sizes=\"(max-width: 640px) 100vw, 640px\" \/><\/a><\/p>\n<\/div><\/div><\/div><\/div><\/div>","protected":false},"excerpt":{"rendered":"<p>Des ruches sur le toit de l&rsquo;entreprise SEGID pour am\u00e9liorer la biodiversit\u00e9 ! En France, depuis 1995, pr\u00e8s de 30 % des colonies d\u2019abeilles disparaissent chaque ann\u00e9e. Ce pourcentage est alarmant et c&rsquo;est pourquoi 15 000 apiculteurs ont cess\u00e9 leur activit\u00e9 lors des 10 derni\u00e8res ann\u00e9es. SEGID participe donc au maintien des abeilles et au<a href=\"https:\/\/uibie.com\/index.php\/ruches-toit-de-segid\/\">[&#8230;]<\/a><\/p>\n","protected":false},"author":1,"featured_media":300,"parent":0,"menu_order":0,"comment_status":"closed","ping_status":"closed","template":"template-fullwidth-no-title.php","meta":{"footnotes":""},"class_list":["post-280","page","type-page","status-publish","has-post-thumbnail","hentry"],"wppr_data":{"cwp_meta_box_check":"No"},"yoast_head":"<!-- This site is optimized with the Yoast SEO plugin v24.0 - https:\/\/yoast.com\/wordpress\/plugins\/seo\/ -->\n<title>Ruches sur le toit de l&#039;entreprise S\u00e9gid pour am\u00e9liorer la biodiversit\u00e9 !<\/title>\n<meta name=\"description\" content=\"C&#039;est 5 ruches qui ont \u00e9t\u00e9 pos\u00e9es sur le toit de S\u00e9gid. S\u00e9gid s&#039;engage donc aupr\u00e8s des apiculteurs locaux pour am\u00e9liorer la biodiversit\u00e9 du site !\" \/>\n<meta name=\"robots\" content=\"index, follow, max-snippet:-1, max-image-preview:large, max-video-preview:-1\" \/>\n<link rel=\"canonical\" href=\"https:\/\/uibie.com\/index.php\/ruches-toit-de-segid\/\" \/>\n<meta property=\"og:locale\" content=\"fr_FR\" \/>\n<meta property=\"og:type\" content=\"article\" \/>\n<meta property=\"og:title\" content=\"Ruches sur le toit de l&#039;entreprise S\u00e9gid pour am\u00e9liorer la biodiversit\u00e9 !\" \/>\n<meta property=\"og:description\" content=\"C&#039;est 5 ruches qui ont \u00e9t\u00e9 pos\u00e9es sur le toit de S\u00e9gid. S\u00e9gid s&#039;engage donc aupr\u00e8s des apiculteurs locaux pour am\u00e9liorer la biodiversit\u00e9 du site !\" \/>\n<meta property=\"og:url\" content=\"https:\/\/uibie.com\/index.php\/ruches-toit-de-segid\/\" \/>\n<meta property=\"og:site_name\" content=\"Uibie\" \/>\n<meta property=\"article:publisher\" content=\"https:\/\/www.facebook.com\/uibieapiculture\/\" \/>\n<meta property=\"article:modified_time\" content=\"2021-01-21T22:47:00+00:00\" \/>\n<meta property=\"og:image\" content=\"https:\/\/uibie.com\/wp-content\/uploads\/2016\/12\/DSC_0255.jpg\" \/>\n\t<meta property=\"og:image:width\" content=\"6000\" \/>\n\t<meta property=\"og:image:height\" content=\"4000\" \/>\n\t<meta property=\"og:image:type\" content=\"image\/jpeg\" \/>\n<meta name=\"twitter:card\" content=\"summary_large_image\" \/>\n<meta name=\"twitter:label1\" content=\"Dur\u00e9e de lecture estim\u00e9e\" \/>\n\t<meta name=\"twitter:data1\" content=\"1 minute\" \/>\n<script type=\"application\/ld+json\" class=\"yoast-schema-graph\">{\"@context\":\"https:\/\/schema.org\",\"@graph\":[{\"@type\":\"WebPage\",\"@id\":\"https:\/\/uibie.com\/index.php\/ruches-toit-de-segid\/\",\"url\":\"https:\/\/uibie.com\/index.php\/ruches-toit-de-segid\/\",\"name\":\"Ruches sur le toit de l'entreprise S\u00e9gid pour am\u00e9liorer la biodiversit\u00e9 !\",\"isPartOf\":{\"@id\":\"https:\/\/uibie.com\/#website\"},\"primaryImageOfPage\":{\"@id\":\"https:\/\/uibie.com\/index.php\/ruches-toit-de-segid\/#primaryimage\"},\"image\":{\"@id\":\"https:\/\/uibie.com\/index.php\/ruches-toit-de-segid\/#primaryimage\"},\"thumbnailUrl\":\"https:\/\/uibie.com\/wp-content\/uploads\/2016\/12\/DSC_0255.jpg\",\"datePublished\":\"2016-12-07T18:28:30+00:00\",\"dateModified\":\"2021-01-21T22:47:00+00:00\",\"description\":\"C'est 5 ruches qui ont \u00e9t\u00e9 pos\u00e9es sur le toit de S\u00e9gid. S\u00e9gid s'engage donc aupr\u00e8s des apiculteurs locaux pour am\u00e9liorer la biodiversit\u00e9 du site !\",\"breadcrumb\":{\"@id\":\"https:\/\/uibie.com\/index.php\/ruches-toit-de-segid\/#breadcrumb\"},\"inLanguage\":\"fr-FR\",\"potentialAction\":[{\"@type\":\"ReadAction\",\"target\":[\"https:\/\/uibie.com\/index.php\/ruches-toit-de-segid\/\"]}]},{\"@type\":\"ImageObject\",\"inLanguage\":\"fr-FR\",\"@id\":\"https:\/\/uibie.com\/index.php\/ruches-toit-de-segid\/#primaryimage\",\"url\":\"https:\/\/uibie.com\/wp-content\/uploads\/2016\/12\/DSC_0255.jpg\",\"contentUrl\":\"https:\/\/uibie.com\/wp-content\/uploads\/2016\/12\/DSC_0255.jpg\",\"width\":6000,\"height\":4000},{\"@type\":\"BreadcrumbList\",\"@id\":\"https:\/\/uibie.com\/index.php\/ruches-toit-de-segid\/#breadcrumb\",\"itemListElement\":[{\"@type\":\"ListItem\",\"position\":1,\"name\":\"Accueil\",\"item\":\"https:\/\/uibie.com\/\"},{\"@type\":\"ListItem\",\"position\":2,\"name\":\"Des ruches sur le toit de SEGID !\"}]},{\"@type\":\"WebSite\",\"@id\":\"https:\/\/uibie.com\/#website\",\"url\":\"https:\/\/uibie.com\/\",\"name\":\"Uibie\",\"description\":\"L&#039;apiculture avec Jason Garitan\",\"publisher\":{\"@id\":\"https:\/\/uibie.com\/#organization\"},\"potentialAction\":[{\"@type\":\"SearchAction\",\"target\":{\"@type\":\"EntryPoint\",\"urlTemplate\":\"https:\/\/uibie.com\/?s={search_term_string}\"},\"query-input\":{\"@type\":\"PropertyValueSpecification\",\"valueRequired\":true,\"valueName\":\"search_term_string\"}}],\"inLanguage\":\"fr-FR\"},{\"@type\":\"Organization\",\"@id\":\"https:\/\/uibie.com\/#organization\",\"name\":\"Uibie : apiculture urbaine avec Jason Garitan\",\"url\":\"https:\/\/uibie.com\/\",\"logo\":{\"@type\":\"ImageObject\",\"inLanguage\":\"fr-FR\",\"@id\":\"https:\/\/uibie.com\/#\/schema\/logo\/image\/\",\"url\":\"https:\/\/uibie.com\/wp-content\/uploads\/2017\/07\/Uibie_FB_Pro1.png\",\"contentUrl\":\"https:\/\/uibie.com\/wp-content\/uploads\/2017\/07\/Uibie_FB_Pro1.png\",\"width\":400,\"height\":400,\"caption\":\"Uibie : apiculture urbaine avec Jason Garitan\"},\"image\":{\"@id\":\"https:\/\/uibie.com\/#\/schema\/logo\/image\/\"},\"sameAs\":[\"https:\/\/www.facebook.com\/uibieapiculture\/\",\"https:\/\/www.instagram.com\/uibieapiculture\/\",\"https:\/\/fr.linkedin.com\/in\/jason-garitan-94a23a135\"]}]}<\/script>\n<!-- \/ Yoast SEO plugin. -->","yoast_head_json":{"title":"Ruches sur le toit de l'entreprise S\u00e9gid pour am\u00e9liorer la biodiversit\u00e9 !","description":"C'est 5 ruches qui ont \u00e9t\u00e9 pos\u00e9es sur le toit de S\u00e9gid. S\u00e9gid s'engage donc aupr\u00e8s des apiculteurs locaux pour am\u00e9liorer la biodiversit\u00e9 du site !","robots":{"index":"index","follow":"follow","max-snippet":"max-snippet:-1","max-image-preview":"max-image-preview:large","max-video-preview":"max-video-preview:-1"},"canonical":"https:\/\/uibie.com\/index.php\/ruches-toit-de-segid\/","og_locale":"fr_FR","og_type":"article","og_title":"Ruches sur le toit de l'entreprise S\u00e9gid pour am\u00e9liorer la biodiversit\u00e9 !","og_description":"C'est 5 ruches qui ont \u00e9t\u00e9 pos\u00e9es sur le toit de S\u00e9gid. S\u00e9gid s'engage donc aupr\u00e8s des apiculteurs locaux pour am\u00e9liorer la biodiversit\u00e9 du site !","og_url":"https:\/\/uibie.com\/index.php\/ruches-toit-de-segid\/","og_site_name":"Uibie","article_publisher":"https:\/\/www.facebook.com\/uibieapiculture\/","article_modified_time":"2021-01-21T22:47:00+00:00","og_image":[{"width":6000,"height":4000,"url":"https:\/\/uibie.com\/wp-content\/uploads\/2016\/12\/DSC_0255.jpg","type":"image\/jpeg"}],"twitter_card":"summary_large_image","twitter_misc":{"Dur\u00e9e de lecture estim\u00e9e":"1 minute"},"schema":{"@context":"https:\/\/schema.org","@graph":[{"@type":"WebPage","@id":"https:\/\/uibie.com\/index.php\/ruches-toit-de-segid\/","url":"https:\/\/uibie.com\/index.php\/ruches-toit-de-segid\/","name":"Ruches sur le toit de l'entreprise S\u00e9gid pour am\u00e9liorer la biodiversit\u00e9 !","isPartOf":{"@id":"https:\/\/uibie.com\/#website"},"primaryImageOfPage":{"@id":"https:\/\/uibie.com\/index.php\/ruches-toit-de-segid\/#primaryimage"},"image":{"@id":"https:\/\/uibie.com\/index.php\/ruches-toit-de-segid\/#primaryimage"},"thumbnailUrl":"https:\/\/uibie.com\/wp-content\/uploads\/2016\/12\/DSC_0255.jpg","datePublished":"2016-12-07T18:28:30+00:00","dateModified":"2021-01-21T22:47:00+00:00","description":"C'est 5 ruches qui ont \u00e9t\u00e9 pos\u00e9es sur le toit de S\u00e9gid. S\u00e9gid s'engage donc aupr\u00e8s des apiculteurs locaux pour am\u00e9liorer la biodiversit\u00e9 du site !","breadcrumb":{"@id":"https:\/\/uibie.com\/index.php\/ruches-toit-de-segid\/#breadcrumb"},"inLanguage":"fr-FR","potentialAction":[{"@type":"ReadAction","target":["https:\/\/uibie.com\/index.php\/ruches-toit-de-segid\/"]}]},{"@type":"ImageObject","inLanguage":"fr-FR","@id":"https:\/\/uibie.com\/index.php\/ruches-toit-de-segid\/#primaryimage","url":"https:\/\/uibie.com\/wp-content\/uploads\/2016\/12\/DSC_0255.jpg","contentUrl":"https:\/\/uibie.com\/wp-content\/uploads\/2016\/12\/DSC_0255.jpg","width":6000,"height":4000},{"@type":"BreadcrumbList","@id":"https:\/\/uibie.com\/index.php\/ruches-toit-de-segid\/#breadcrumb","itemListElement":[{"@type":"ListItem","position":1,"name":"Accueil","item":"https:\/\/uibie.com\/"},{"@type":"ListItem","position":2,"name":"Des ruches sur le toit de SEGID !"}]},{"@type":"WebSite","@id":"https:\/\/uibie.com\/#website","url":"https:\/\/uibie.com\/","name":"Uibie","description":"L&#039;apiculture avec Jason Garitan","publisher":{"@id":"https:\/\/uibie.com\/#organization"},"potentialAction":[{"@type":"SearchAction","target":{"@type":"EntryPoint","urlTemplate":"https:\/\/uibie.com\/?s={search_term_string}"},"query-input":{"@type":"PropertyValueSpecification","valueRequired":true,"valueName":"search_term_string"}}],"inLanguage":"fr-FR"},{"@type":"Organization","@id":"https:\/\/uibie.com\/#organization","name":"Uibie : apiculture urbaine avec Jason Garitan","url":"https:\/\/uibie.com\/","logo":{"@type":"ImageObject","inLanguage":"fr-FR","@id":"https:\/\/uibie.com\/#\/schema\/logo\/image\/","url":"https:\/\/uibie.com\/wp-content\/uploads\/2017\/07\/Uibie_FB_Pro1.png","contentUrl":"https:\/\/uibie.com\/wp-content\/uploads\/2017\/07\/Uibie_FB_Pro1.png","width":400,"height":400,"caption":"Uibie : apiculture urbaine avec Jason Garitan"},"image":{"@id":"https:\/\/uibie.com\/#\/schema\/logo\/image\/"},"sameAs":["https:\/\/www.facebook.com\/uibieapiculture\/","https:\/\/www.instagram.com\/uibieapiculture\/","https:\/\/fr.linkedin.com\/in\/jason-garitan-94a23a135"]}]}},"jetpack_sharing_enabled":true,"_links":{"self":[{"href":"https:\/\/uibie.com\/index.php\/wp-json\/wp\/v2\/pages\/280"}],"collection":[{"href":"https:\/\/uibie.com\/index.php\/wp-json\/wp\/v2\/pages"}],"about":[{"href":"https:\/\/uibie.com\/index.php\/wp-json\/wp\/v2\/types\/page"}],"author":[{"embeddable":true,"href":"https:\/\/uibie.com\/index.php\/wp-json\/wp\/v2\/users\/1"}],"replies":[{"embeddable":true,"href":"https:\/\/uibie.com\/index.php\/wp-json\/wp\/v2\/comments?post=280"}],"version-history":[{"count":36,"href":"https:\/\/uibie.com\/index.php\/wp-json\/wp\/v2\/pages\/280\/revisions"}],"predecessor-version":[{"id":7679,"href":"https:\/\/uibie.com\/index.php\/wp-json\/wp\/v2\/pages\/280\/revisions\/7679"}],"wp:featuredmedia":[{"embeddable":true,"href":"https:\/\/uibie.com\/index.php\/wp-json\/wp\/v2\/media\/300"}],"wp:attachment":[{"href":"https:\/\/uibie.com\/index.php\/wp-json\/wp\/v2\/media?parent=280"}],"curies":[{"name":"wp","href":"https:\/\/api.w.org\/{rel}","templated":true}]}}