{"id":216,"date":"2016-11-12T10:39:39","date_gmt":"2016-11-12T09:39:39","guid":{"rendered":"https:\/\/uibie.com\/?page_id=216"},"modified":"2025-07-28T13:32:03","modified_gmt":"2025-07-28T12:32:03","slug":"ruches-en-entreprise","status":"publish","type":"page","link":"https:\/\/uibie.com\/index.php\/ruches-en-entreprise\/","title":{"rendered":"Ruches en entreprise"},"content":{"rendered":"<div id=\"pl-216\"  class=\"panel-layout\" ><div id=\"pg-216-0\"  class=\"panel-grid panel-has-style\" ><div class=\"siteorigin-panels-stretch panel-row-style panel-row-style-for-216-0\" data-stretch-type=\"full\" ><div id=\"pgc-216-0-0\"  class=\"panel-grid-cell\" ><div id=\"panel-216-0-0-0\" class=\"so-panel widget widget_black-studio-tinymce widget_black_studio_tinymce panel-first-child panel-last-child\" data-index=\"0\" ><div class=\"textwidget\"><p><div id=\"metaslider-id-1039\" style=\"max-width: 1012px; margin: 0 auto;\" class=\"ml-slider-3-97-0 metaslider metaslider-flex metaslider-1039 ml-slider ms-theme-default\" role=\"region\" aria-roledescription=\"Slideshow\" aria-label=\"ruches en entreprise\" data-width=\"1012\">\n    <div id=\"metaslider_container_1039\">\n        <div id=\"metaslider_1039\">\n            <ul class='slides'>\n                <li style=\"display: block; width: 100%;\" class=\"slide-1040 ms-image \" aria-roledescription=\"slide\" aria-label=\"slide-1040\" data-date=\"2017-12-01 15:59:51\"><img loading=\"lazy\" decoding=\"async\" src=\"https:\/\/uibie.com\/wp-content\/uploads\/2018\/09\/DSC_0707-1012x402.jpg\" height=\"402\" width=\"1012\" alt=\"apiculteur uibie \" class=\"slider-1039 slide-1040\" title=\"ruches entreprise\" \/><\/li>\n                <li style=\"display: none; width: 100%;\" class=\"slide-1041 ms-image \" aria-roledescription=\"slide\" aria-label=\"slide-1041\" data-date=\"2017-12-01 16:01:34\"><img loading=\"lazy\" decoding=\"async\" src=\"https:\/\/uibie.com\/wp-content\/uploads\/2016\/12\/DSC_0256-1012x402.jpg\" height=\"402\" width=\"1012\" alt=\"apiculteur uibie Jason Garitan\" class=\"slider-1039 slide-1041\" title=\"ruches en entreprise\" \/><\/li>\n                <li style=\"display: none; width: 100%;\" class=\"slide-1043 ms-image \" aria-roledescription=\"slide\" aria-label=\"slide-1043\" data-date=\"2017-12-01 16:03:34\"><img loading=\"lazy\" decoding=\"async\" src=\"https:\/\/uibie.com\/wp-content\/uploads\/2017\/05\/DSC_0180-1012x402.jpg\" height=\"402\" width=\"1012\" alt=\"ruches la Caennaise\" class=\"slider-1039 slide-1043\" \/><\/li>\n            <\/ul>\n        <\/div>\n        \n    <\/div>\n<\/div><\/p>\n<\/div><\/div><\/div><\/div><\/div><div id=\"pg-216-1\"  class=\"panel-grid panel-no-style\" ><div id=\"pgc-216-1-0\"  class=\"panel-grid-cell\" ><div id=\"panel-216-1-0-0\" class=\"so-panel widget widget_black-studio-tinymce widget_black_studio_tinymce panel-first-child\" data-index=\"1\" ><h3 class=\"widget-title\">La location de ruches, un engagement.<\/h3><div class=\"textwidget\"><p style=\"text-align: left;\"><u><span class=\"\" style=\"display:block;clear:both;height: 0px;padding-top: 80px;border-top-width:0px;border-bottom-width:0px;\"><\/span><\/u>L\u2019installation de ruches en entreprise est un engagement fort pour la <strong>protection de l\u2019environnement<\/strong>. C'est notamment votre contribution au maintien de la <strong>biodiversit\u00e9<\/strong> et \u00e0 la <strong>sauvegarde des abeilles<\/strong>. L'abeille est aussi le formidable ami de l'homme car elle<strong> participe \u00e0 la pollinisation de 70 %<\/strong> de nos fruits et l\u00e9gumes !<span class=\"\" style=\"display:block;clear:both;height: 0px;padding-top: 80px;border-top-width:0px;border-bottom-width:0px;\"><\/span><\/p>\n<p><img loading=\"lazy\" decoding=\"async\" class=\"aligncenter size-full wp-image-33\" src=\"https:\/\/uibie.com\/wp-content\/uploads\/2016\/06\/Uibie-Pictos-06.png\" alt=\"Ruche en entreprise\" width=\"100\" height=\"100\" srcset=\"https:\/\/uibie.com\/wp-content\/uploads\/2016\/06\/Uibie-Pictos-06.png 100w, https:\/\/uibie.com\/wp-content\/uploads\/2016\/06\/Uibie-Pictos-06-73x73.png 73w, https:\/\/uibie.com\/wp-content\/uploads\/2016\/06\/Uibie-Pictos-06-50x50.png 50w\" sizes=\"(max-width: 100px) 100vw, 100px\" \/><\/p>\n<\/div><\/div><div id=\"panel-216-1-0-1\" class=\"so-panel widget widget_black-studio-tinymce widget_black_studio_tinymce panel-last-child\" data-index=\"2\" ><div class=\"textwidget\"><h2 style=\"text-align: center;\"><a href=\"https:\/\/uibie.com\/wp-content\/uploads\/2025\/07\/Ui_TarifsRuches_24-OK.pdf\">Tarifs 2025<\/a><\/h2>\n<\/div><\/div><\/div><div id=\"pgc-216-1-1\"  class=\"panel-grid-cell\" ><div id=\"panel-216-1-1-0\" class=\"so-panel widget widget_black-studio-tinymce widget_black_studio_tinymce panel-first-child panel-last-child\" data-index=\"3\" ><div class=\"textwidget\"><p><img loading=\"lazy\" decoding=\"async\" class=\"aligncenter size-large wp-image-3030\" src=\"https:\/\/uibie.com\/wp-content\/uploads\/2019\/09\/DSC_0965-683x1024.jpg\" alt=\"ruches en entreprise\" width=\"640\" height=\"960\" srcset=\"https:\/\/uibie.com\/wp-content\/uploads\/2019\/09\/DSC_0965-683x1024.jpg 683w, https:\/\/uibie.com\/wp-content\/uploads\/2019\/09\/DSC_0965-200x300.jpg 200w, https:\/\/uibie.com\/wp-content\/uploads\/2019\/09\/DSC_0965-768x1152.jpg 768w, https:\/\/uibie.com\/wp-content\/uploads\/2019\/09\/DSC_0965-33x50.jpg 33w, https:\/\/uibie.com\/wp-content\/uploads\/2019\/09\/DSC_0965.jpg 1280w\" sizes=\"(max-width: 640px) 100vw, 640px\" \/><\/p>\n<\/div><\/div><\/div><\/div><div id=\"pg-216-2\"  class=\"panel-grid panel-has-style\" ><div class=\"panel-row-style panel-row-style-for-216-2\" ><div id=\"pgc-216-2-0\"  class=\"panel-grid-cell\" ><div id=\"panel-216-2-0-0\" class=\"so-panel widget widget_black-studio-tinymce widget_black_studio_tinymce panel-first-child panel-last-child\" data-index=\"4\" ><div class=\"textwidget\"><p><iframe loading=\"lazy\" title=\"A H\u00e9rouville, les abeilles font leur miel en entreprise\" width=\"640\" height=\"360\" src=\"https:\/\/www.youtube.com\/embed\/yJ-C-FedzWI?start=3&feature=oembed\" frameborder=\"0\" allow=\"accelerometer; autoplay; clipboard-write; encrypted-media; gyroscope; picture-in-picture; web-share\" referrerpolicy=\"strict-origin-when-cross-origin\" allowfullscreen><\/iframe><\/p>\n<\/div><\/div><\/div><div id=\"pgc-216-2-1\"  class=\"panel-grid-cell\" ><div id=\"panel-216-2-1-0\" class=\"so-panel widget widget_black-studio-tinymce widget_black_studio_tinymce panel-first-child\" data-index=\"5\" ><h3 class=\"widget-title\">L\u2019appui d\u2019un professionnel<\/h3><div class=\"textwidget\"><p style=\"text-align: left;\"><strong><span class=\"\" style=\"display:block;clear:both;height: 0px;padding-top: 20px;border-top-width:0px;border-bottom-width:0px;\"><\/span>Engagez-vous avec des apiculteurs professionnels. <\/strong>\u00c0 la t\u00eate d'un cheptel de plus de 400 ruches, notre m\u00e9tier est la production de miel fran\u00e7ais. En installant des ruches sur votre site, vous agissez localement au maintien de la biodiversit\u00e9 et surtout <b>globalement<\/b> gr\u00e2ce \u00e0 la p\u00e9rennisation de notre\u00a0structure apicole. <span class=\"\" style=\"display:block;clear:both;height: 0px;padding-top: 20px;border-top-width:0px;border-bottom-width:0px;\"><\/span><\/p>\n<p><img loading=\"lazy\" decoding=\"async\" class=\"aligncenter size-full wp-image-34\" src=\"https:\/\/uibie.com\/wp-content\/uploads\/2016\/06\/Uibie-Pictos-04.png\" alt=\"Ruches en entreprise\" width=\"100\" height=\"100\" srcset=\"https:\/\/uibie.com\/wp-content\/uploads\/2016\/06\/Uibie-Pictos-04.png 100w, https:\/\/uibie.com\/wp-content\/uploads\/2016\/06\/Uibie-Pictos-04-73x73.png 73w, https:\/\/uibie.com\/wp-content\/uploads\/2016\/06\/Uibie-Pictos-04-50x50.png 50w\" sizes=\"(max-width: 100px) 100vw, 100px\" \/><\/p>\n<\/div><\/div><div id=\"panel-216-2-1-1\" class=\"so-panel widget widget_black-studio-tinymce widget_black_studio_tinymce panel-last-child\" data-index=\"6\" ><div class=\"textwidget\"><h2 style=\"text-align: center;\"><a href=\"https:\/\/uibie.com\/wp-content\/uploads\/2025\/07\/Ui_TarifsRuches_24-OK.pdf\">Tarifs 2025<\/a><\/h2>\n<\/div><\/div><\/div><\/div><\/div><div id=\"pg-216-3\"  class=\"panel-grid panel-no-style\" ><div id=\"pgc-216-3-0\"  class=\"panel-grid-cell\" ><div id=\"panel-216-3-0-0\" class=\"so-panel widget widget_black-studio-tinymce widget_black_studio_tinymce panel-first-child\" data-index=\"7\" ><h3 class=\"widget-title\">R\u00e9galez-vous\u00a0!<\/h3><div class=\"textwidget\"><p style=\"text-align: left;\"><strong><span class=\"\" style=\"display:block;clear:both;height: 0px;padding-top: 20px;border-top-width:0px;border-bottom-width:0px;\"><\/span>Profitez du miel<\/strong> de vos ruches, mis en pot avec des \u00e9tiquettes personnalis\u00e9es. Un cadeaux \u00e0 offrir \u00e0 vos clients ou vos collaborateurs ! C'est le formidable cadeau que nos amies les abeilles ont \u00e0 nous offrir !<span class=\"\" style=\"display:block;clear:both;height: 0px;padding-top: 20px;border-top-width:0px;border-bottom-width:0px;\"><\/span><\/p>\n<\/div><\/div><div id=\"panel-216-3-0-1\" class=\"so-panel widget widget_black-studio-tinymce widget_black_studio_tinymce panel-last-child\" data-index=\"8\" ><div class=\"textwidget\"><h2 style=\"text-align: center;\"><a href=\"https:\/\/uibie.com\/wp-content\/uploads\/2025\/07\/Ui_TarifsRuches_24-OK.pdf\">Tarifs 2025<\/a><\/h2>\n<\/div><\/div><\/div><div id=\"pgc-216-3-1\"  class=\"panel-grid-cell\" ><div id=\"panel-216-3-1-0\" class=\"so-panel widget widget_black-studio-tinymce widget_black_studio_tinymce panel-first-child panel-last-child\" data-index=\"9\" ><div class=\"textwidget\"><p><img loading=\"lazy\" decoding=\"async\" class=\"aligncenter size-large wp-image-7632\" src=\"https:\/\/uibie.com\/wp-content\/uploads\/2020\/12\/DSC_0856-1024x683.jpg\" alt=\"ruches entreprise\" width=\"640\" height=\"427\" srcset=\"https:\/\/uibie.com\/wp-content\/uploads\/2020\/12\/DSC_0856-1024x683.jpg 1024w, https:\/\/uibie.com\/wp-content\/uploads\/2020\/12\/DSC_0856-300x200.jpg 300w, https:\/\/uibie.com\/wp-content\/uploads\/2020\/12\/DSC_0856-768x512.jpg 768w, https:\/\/uibie.com\/wp-content\/uploads\/2020\/12\/DSC_0856-1536x1024.jpg 1536w, https:\/\/uibie.com\/wp-content\/uploads\/2020\/12\/DSC_0856-2048x1365.jpg 2048w, https:\/\/uibie.com\/wp-content\/uploads\/2020\/12\/DSC_0856-50x33.jpg 50w, https:\/\/uibie.com\/wp-content\/uploads\/2020\/12\/DSC_0856-750x500.jpg 750w, https:\/\/uibie.com\/wp-content\/uploads\/2020\/12\/DSC_0856-1600x1067.jpg 1600w, https:\/\/uibie.com\/wp-content\/uploads\/2020\/12\/DSC_0856-272x182.jpg 272w\" sizes=\"(max-width: 640px) 100vw, 640px\" \/><\/p>\n<\/div><\/div><\/div><\/div><div id=\"pg-216-4\"  class=\"panel-grid panel-no-style\" ><div id=\"pgc-216-4-0\"  class=\"panel-grid-cell\" ><div id=\"panel-216-4-0-0\" class=\"so-panel widget widget_black-studio-tinymce widget_black_studio_tinymce panel-first-child panel-last-child\" data-index=\"10\" ><div class=\"textwidget\"><p><a href=\"https:\/\/uibie.com\/wp-content\/uploads\/2016\/12\/DSC_0194.jpg\"><img loading=\"lazy\" decoding=\"async\" class=\"aligncenter wp-image-7633 size-thumbnail\" src=\"https:\/\/uibie.com\/wp-content\/uploads\/2020\/12\/20180507_103033-150x150.jpg\" alt=\"ruches en entreprise\" width=\"150\" height=\"150\" srcset=\"https:\/\/uibie.com\/wp-content\/uploads\/2020\/12\/20180507_103033-150x150.jpg 150w, https:\/\/uibie.com\/wp-content\/uploads\/2020\/12\/20180507_103033-73x73.jpg 73w, https:\/\/uibie.com\/wp-content\/uploads\/2020\/12\/20180507_103033-174x174.jpg 174w, https:\/\/uibie.com\/wp-content\/uploads\/2020\/12\/20180507_103033-250x250.jpg 250w, https:\/\/uibie.com\/wp-content\/uploads\/2020\/12\/20180507_103033-300x300.jpg 300w, https:\/\/uibie.com\/wp-content\/uploads\/2020\/12\/20180507_103033-165x165.jpg 165w\" sizes=\"(max-width: 150px) 100vw, 150px\" \/><\/a><\/p>\n<\/div><\/div><\/div><div id=\"pgc-216-4-1\"  class=\"panel-grid-cell\" ><div id=\"panel-216-4-1-0\" class=\"so-panel widget widget_black-studio-tinymce widget_black_studio_tinymce panel-first-child panel-last-child\" data-index=\"11\" ><div class=\"textwidget\"><p><a href=\"https:\/\/uibie.com\/wp-content\/uploads\/2016\/12\/DSC_0217.jpg\"><img loading=\"lazy\" decoding=\"async\" class=\"aligncenter wp-image-1595 size-thumbnail\" src=\"https:\/\/uibie.com\/wp-content\/uploads\/2018\/07\/27503377_754043161466840_156067433734559422_o-150x150.jpg\" alt=\"ruches en entreprise\" width=\"150\" height=\"150\" srcset=\"https:\/\/uibie.com\/wp-content\/uploads\/2018\/07\/27503377_754043161466840_156067433734559422_o-150x150.jpg 150w, https:\/\/uibie.com\/wp-content\/uploads\/2018\/07\/27503377_754043161466840_156067433734559422_o-165x165.jpg 165w, https:\/\/uibie.com\/wp-content\/uploads\/2018\/07\/27503377_754043161466840_156067433734559422_o-300x300.jpg 300w, https:\/\/uibie.com\/wp-content\/uploads\/2018\/07\/27503377_754043161466840_156067433734559422_o-73x73.jpg 73w, https:\/\/uibie.com\/wp-content\/uploads\/2018\/07\/27503377_754043161466840_156067433734559422_o-174x174.jpg 174w, https:\/\/uibie.com\/wp-content\/uploads\/2018\/07\/27503377_754043161466840_156067433734559422_o-250x250.jpg 250w\" sizes=\"(max-width: 150px) 100vw, 150px\" \/><\/a><\/p>\n<\/div><\/div><\/div><div id=\"pgc-216-4-2\"  class=\"panel-grid-cell\" ><div id=\"panel-216-4-2-0\" class=\"so-panel widget widget_black-studio-tinymce widget_black_studio_tinymce panel-first-child panel-last-child\" data-index=\"12\" ><div class=\"textwidget\"><p><a href=\"https:\/\/uibie.com\/wp-content\/uploads\/2016\/12\/DSC_0255.jpg\"><img loading=\"lazy\" decoding=\"async\" class=\"aligncenter size-thumbnail wp-image-300\" src=\"https:\/\/uibie.com\/wp-content\/uploads\/2016\/12\/DSC_0255-150x150.jpg\" alt=\"ruches\" width=\"150\" height=\"150\" srcset=\"https:\/\/uibie.com\/wp-content\/uploads\/2016\/12\/DSC_0255-150x150.jpg 150w, https:\/\/uibie.com\/wp-content\/uploads\/2016\/12\/DSC_0255-165x165.jpg 165w, https:\/\/uibie.com\/wp-content\/uploads\/2016\/12\/DSC_0255-300x300.jpg 300w, https:\/\/uibie.com\/wp-content\/uploads\/2016\/12\/DSC_0255-73x73.jpg 73w, https:\/\/uibie.com\/wp-content\/uploads\/2016\/12\/DSC_0255-174x174.jpg 174w, https:\/\/uibie.com\/wp-content\/uploads\/2016\/12\/DSC_0255-250x250.jpg 250w\" sizes=\"(max-width: 150px) 100vw, 150px\" \/><\/a><\/p>\n<\/div><\/div><\/div><div id=\"pgc-216-4-3\"  class=\"panel-grid-cell\" ><div id=\"panel-216-4-3-0\" class=\"so-panel widget widget_black-studio-tinymce widget_black_studio_tinymce panel-first-child panel-last-child\" data-index=\"13\" ><div class=\"textwidget\"><p><a href=\"https:\/\/uibie.com\/wp-content\/uploads\/2016\/12\/DSC_0361-e1481908984355.jpg\"><img loading=\"lazy\" decoding=\"async\" class=\"aligncenter size-thumbnail wp-image-338\" src=\"https:\/\/uibie.com\/wp-content\/uploads\/2016\/12\/DSC_0361-150x150.jpg\" alt=\"Ruches Leclerc Uibie\" width=\"150\" height=\"150\" \/><\/a><\/p>\n<\/div><\/div><\/div><\/div><div id=\"pg-216-5\"  class=\"panel-grid panel-has-style\" ><div class=\"siteorigin-panels-stretch panel-row-style panel-row-style-for-216-5\" data-stretch-type=\"full\" ><div id=\"pgc-216-5-0\"  class=\"panel-grid-cell panel-grid-cell-empty\" ><\/div><div id=\"pgc-216-5-1\"  class=\"panel-grid-cell panel-grid-cell-empty\" ><\/div><div id=\"pgc-216-5-2\"  class=\"panel-grid-cell\" ><div id=\"panel-216-5-2-0\" class=\"so-panel widget widget_black-studio-tinymce widget_black_studio_tinymce panel-first-child panel-last-child\" data-index=\"14\" ><div class=\"textwidget\"><p><span class=\"\" style=\"display:block;clear:both;height: 0px;padding-top: 180px;border-top-width:0px;border-bottom-width:0px;\"><\/span><\/p>\n<\/div><\/div><\/div><\/div><\/div><div id=\"pg-216-6\"  class=\"panel-grid panel-no-style\" ><div id=\"pgc-216-6-0\"  class=\"panel-grid-cell\" ><div id=\"panel-216-6-0-0\" class=\"so-panel widget widget_black-studio-tinymce widget_black_studio_tinymce panel-first-child panel-last-child\" data-index=\"15\" ><div class=\"textwidget\"><p style=\"text-align: center;\">Suivez la vie de nos abeilles sur notre page <a href=\"https:\/\/www.facebook.com\/uibieapiculture\">facebook<\/a>, <a href=\"https:\/\/www.instagram.com\/uibieapiculture\/\">instagram<\/a> et <a href=\"https:\/\/twitter.com\/uibieapiculture\">twitter<\/a>.<\/p>\n<\/div><\/div><\/div><\/div><\/div>","protected":false},"excerpt":{"rendered":"<p>L\u2019installation de ruches en entreprise est un engagement fort pour la protection de l\u2019environnement. C&rsquo;est notamment votre contribution au maintien de la biodiversit\u00e9 et \u00e0 la sauvegarde des abeilles. L&rsquo;abeille est aussi le formidable ami de l&rsquo;homme car elle participe \u00e0 la pollinisation de 70 % de nos fruits et l\u00e9gumes ! Tarifs 2025<\/p>\n","protected":false},"author":1,"featured_media":3030,"parent":0,"menu_order":0,"comment_status":"closed","ping_status":"closed","template":"template-fullwidth.php","meta":{"footnotes":""},"class_list":["post-216","page","type-page","status-publish","has-post-thumbnail","hentry"],"wppr_data":{"cwp_meta_box_check":"No"},"yoast_head":"<!-- This site is optimized with the Yoast SEO plugin v24.0 - https:\/\/yoast.com\/wordpress\/plugins\/seo\/ -->\n<title>Des abeilles pour la biodiversit\u00e9 ! Des ruches en entreprise !<\/title>\n<meta name=\"description\" content=\"L\u2019installation de ruches en entreprise est un engagement fort pour la protection de l\u2019environnement notamment en contribuant \u00e0 la sauvegarde des abeilles !\" \/>\n<meta name=\"robots\" content=\"index, follow, max-snippet:-1, max-image-preview:large, max-video-preview:-1\" \/>\n<link rel=\"canonical\" href=\"https:\/\/uibie.com\/index.php\/ruches-en-entreprise\/\" \/>\n<meta property=\"og:locale\" content=\"fr_FR\" \/>\n<meta property=\"og:type\" content=\"article\" \/>\n<meta property=\"og:title\" content=\"Des abeilles pour la biodiversit\u00e9 ! Des ruches en entreprise !\" \/>\n<meta property=\"og:description\" content=\"L\u2019installation de ruches en entreprise est un engagement fort pour la protection de l\u2019environnement notamment en contribuant \u00e0 la sauvegarde des abeilles !\" \/>\n<meta property=\"og:url\" content=\"https:\/\/uibie.com\/index.php\/ruches-en-entreprise\/\" \/>\n<meta property=\"og:site_name\" content=\"Uibie\" \/>\n<meta property=\"article:publisher\" content=\"https:\/\/www.facebook.com\/uibieapiculture\/\" \/>\n<meta property=\"article:modified_time\" content=\"2025-07-28T12:32:03+00:00\" \/>\n<meta property=\"og:image\" content=\"https:\/\/uibie.com\/wp-content\/uploads\/2019\/09\/DSC_0965.jpg\" \/>\n\t<meta property=\"og:image:width\" content=\"1280\" \/>\n\t<meta property=\"og:image:height\" content=\"1920\" \/>\n\t<meta property=\"og:image:type\" content=\"image\/jpeg\" \/>\n<meta name=\"twitter:card\" content=\"summary_large_image\" \/>\n<meta name=\"twitter:label1\" content=\"Dur\u00e9e de lecture estim\u00e9e\" \/>\n\t<meta name=\"twitter:data1\" content=\"4 minutes\" \/>\n<script type=\"application\/ld+json\" class=\"yoast-schema-graph\">{\"@context\":\"https:\/\/schema.org\",\"@graph\":[{\"@type\":\"WebPage\",\"@id\":\"https:\/\/uibie.com\/index.php\/ruches-en-entreprise\/\",\"url\":\"https:\/\/uibie.com\/index.php\/ruches-en-entreprise\/\",\"name\":\"Des abeilles pour la biodiversit\u00e9 ! Des ruches en entreprise !\",\"isPartOf\":{\"@id\":\"https:\/\/uibie.com\/#website\"},\"primaryImageOfPage\":{\"@id\":\"https:\/\/uibie.com\/index.php\/ruches-en-entreprise\/#primaryimage\"},\"image\":{\"@id\":\"https:\/\/uibie.com\/index.php\/ruches-en-entreprise\/#primaryimage\"},\"thumbnailUrl\":\"https:\/\/uibie.com\/wp-content\/uploads\/2019\/09\/DSC_0965.jpg\",\"datePublished\":\"2016-11-12T09:39:39+00:00\",\"dateModified\":\"2025-07-28T12:32:03+00:00\",\"description\":\"L\u2019installation de ruches en entreprise est un engagement fort pour la protection de l\u2019environnement notamment en contribuant \u00e0 la sauvegarde des abeilles !\",\"breadcrumb\":{\"@id\":\"https:\/\/uibie.com\/index.php\/ruches-en-entreprise\/#breadcrumb\"},\"inLanguage\":\"fr-FR\",\"potentialAction\":[{\"@type\":\"ReadAction\",\"target\":[\"https:\/\/uibie.com\/index.php\/ruches-en-entreprise\/\"]}]},{\"@type\":\"ImageObject\",\"inLanguage\":\"fr-FR\",\"@id\":\"https:\/\/uibie.com\/index.php\/ruches-en-entreprise\/#primaryimage\",\"url\":\"https:\/\/uibie.com\/wp-content\/uploads\/2019\/09\/DSC_0965.jpg\",\"contentUrl\":\"https:\/\/uibie.com\/wp-content\/uploads\/2019\/09\/DSC_0965.jpg\",\"width\":1280,\"height\":1920,\"caption\":\"ruches en entreprise\"},{\"@type\":\"BreadcrumbList\",\"@id\":\"https:\/\/uibie.com\/index.php\/ruches-en-entreprise\/#breadcrumb\",\"itemListElement\":[{\"@type\":\"ListItem\",\"position\":1,\"name\":\"Accueil\",\"item\":\"https:\/\/uibie.com\/\"},{\"@type\":\"ListItem\",\"position\":2,\"name\":\"Ruches en entreprise\"}]},{\"@type\":\"WebSite\",\"@id\":\"https:\/\/uibie.com\/#website\",\"url\":\"https:\/\/uibie.com\/\",\"name\":\"Uibie\",\"description\":\"L&#039;apiculture avec Jason Garitan\",\"publisher\":{\"@id\":\"https:\/\/uibie.com\/#organization\"},\"potentialAction\":[{\"@type\":\"SearchAction\",\"target\":{\"@type\":\"EntryPoint\",\"urlTemplate\":\"https:\/\/uibie.com\/?s={search_term_string}\"},\"query-input\":{\"@type\":\"PropertyValueSpecification\",\"valueRequired\":true,\"valueName\":\"search_term_string\"}}],\"inLanguage\":\"fr-FR\"},{\"@type\":\"Organization\",\"@id\":\"https:\/\/uibie.com\/#organization\",\"name\":\"Uibie : apiculture urbaine avec Jason Garitan\",\"url\":\"https:\/\/uibie.com\/\",\"logo\":{\"@type\":\"ImageObject\",\"inLanguage\":\"fr-FR\",\"@id\":\"https:\/\/uibie.com\/#\/schema\/logo\/image\/\",\"url\":\"https:\/\/uibie.com\/wp-content\/uploads\/2017\/07\/Uibie_FB_Pro1.png\",\"contentUrl\":\"https:\/\/uibie.com\/wp-content\/uploads\/2017\/07\/Uibie_FB_Pro1.png\",\"width\":400,\"height\":400,\"caption\":\"Uibie : apiculture urbaine avec Jason Garitan\"},\"image\":{\"@id\":\"https:\/\/uibie.com\/#\/schema\/logo\/image\/\"},\"sameAs\":[\"https:\/\/www.facebook.com\/uibieapiculture\/\",\"https:\/\/www.instagram.com\/uibieapiculture\/\",\"https:\/\/fr.linkedin.com\/in\/jason-garitan-94a23a135\"]}]}<\/script>\n<!-- \/ Yoast SEO plugin. -->","yoast_head_json":{"title":"Des abeilles pour la biodiversit\u00e9 ! Des ruches en entreprise !","description":"L\u2019installation de ruches en entreprise est un engagement fort pour la protection de l\u2019environnement notamment en contribuant \u00e0 la sauvegarde des abeilles !","robots":{"index":"index","follow":"follow","max-snippet":"max-snippet:-1","max-image-preview":"max-image-preview:large","max-video-preview":"max-video-preview:-1"},"canonical":"https:\/\/uibie.com\/index.php\/ruches-en-entreprise\/","og_locale":"fr_FR","og_type":"article","og_title":"Des abeilles pour la biodiversit\u00e9 ! Des ruches en entreprise !","og_description":"L\u2019installation de ruches en entreprise est un engagement fort pour la protection de l\u2019environnement notamment en contribuant \u00e0 la sauvegarde des abeilles !","og_url":"https:\/\/uibie.com\/index.php\/ruches-en-entreprise\/","og_site_name":"Uibie","article_publisher":"https:\/\/www.facebook.com\/uibieapiculture\/","article_modified_time":"2025-07-28T12:32:03+00:00","og_image":[{"width":1280,"height":1920,"url":"https:\/\/uibie.com\/wp-content\/uploads\/2019\/09\/DSC_0965.jpg","type":"image\/jpeg"}],"twitter_card":"summary_large_image","twitter_misc":{"Dur\u00e9e de lecture estim\u00e9e":"4 minutes"},"schema":{"@context":"https:\/\/schema.org","@graph":[{"@type":"WebPage","@id":"https:\/\/uibie.com\/index.php\/ruches-en-entreprise\/","url":"https:\/\/uibie.com\/index.php\/ruches-en-entreprise\/","name":"Des abeilles pour la biodiversit\u00e9 ! Des ruches en entreprise !","isPartOf":{"@id":"https:\/\/uibie.com\/#website"},"primaryImageOfPage":{"@id":"https:\/\/uibie.com\/index.php\/ruches-en-entreprise\/#primaryimage"},"image":{"@id":"https:\/\/uibie.com\/index.php\/ruches-en-entreprise\/#primaryimage"},"thumbnailUrl":"https:\/\/uibie.com\/wp-content\/uploads\/2019\/09\/DSC_0965.jpg","datePublished":"2016-11-12T09:39:39+00:00","dateModified":"2025-07-28T12:32:03+00:00","description":"L\u2019installation de ruches en entreprise est un engagement fort pour la protection de l\u2019environnement notamment en contribuant \u00e0 la sauvegarde des abeilles !","breadcrumb":{"@id":"https:\/\/uibie.com\/index.php\/ruches-en-entreprise\/#breadcrumb"},"inLanguage":"fr-FR","potentialAction":[{"@type":"ReadAction","target":["https:\/\/uibie.com\/index.php\/ruches-en-entreprise\/"]}]},{"@type":"ImageObject","inLanguage":"fr-FR","@id":"https:\/\/uibie.com\/index.php\/ruches-en-entreprise\/#primaryimage","url":"https:\/\/uibie.com\/wp-content\/uploads\/2019\/09\/DSC_0965.jpg","contentUrl":"https:\/\/uibie.com\/wp-content\/uploads\/2019\/09\/DSC_0965.jpg","width":1280,"height":1920,"caption":"ruches en entreprise"},{"@type":"BreadcrumbList","@id":"https:\/\/uibie.com\/index.php\/ruches-en-entreprise\/#breadcrumb","itemListElement":[{"@type":"ListItem","position":1,"name":"Accueil","item":"https:\/\/uibie.com\/"},{"@type":"ListItem","position":2,"name":"Ruches en entreprise"}]},{"@type":"WebSite","@id":"https:\/\/uibie.com\/#website","url":"https:\/\/uibie.com\/","name":"Uibie","description":"L&#039;apiculture avec Jason Garitan","publisher":{"@id":"https:\/\/uibie.com\/#organization"},"potentialAction":[{"@type":"SearchAction","target":{"@type":"EntryPoint","urlTemplate":"https:\/\/uibie.com\/?s={search_term_string}"},"query-input":{"@type":"PropertyValueSpecification","valueRequired":true,"valueName":"search_term_string"}}],"inLanguage":"fr-FR"},{"@type":"Organization","@id":"https:\/\/uibie.com\/#organization","name":"Uibie : apiculture urbaine avec Jason Garitan","url":"https:\/\/uibie.com\/","logo":{"@type":"ImageObject","inLanguage":"fr-FR","@id":"https:\/\/uibie.com\/#\/schema\/logo\/image\/","url":"https:\/\/uibie.com\/wp-content\/uploads\/2017\/07\/Uibie_FB_Pro1.png","contentUrl":"https:\/\/uibie.com\/wp-content\/uploads\/2017\/07\/Uibie_FB_Pro1.png","width":400,"height":400,"caption":"Uibie : apiculture urbaine avec Jason Garitan"},"image":{"@id":"https:\/\/uibie.com\/#\/schema\/logo\/image\/"},"sameAs":["https:\/\/www.facebook.com\/uibieapiculture\/","https:\/\/www.instagram.com\/uibieapiculture\/","https:\/\/fr.linkedin.com\/in\/jason-garitan-94a23a135"]}]}},"jetpack_sharing_enabled":true,"_links":{"self":[{"href":"https:\/\/uibie.com\/index.php\/wp-json\/wp\/v2\/pages\/216"}],"collection":[{"href":"https:\/\/uibie.com\/index.php\/wp-json\/wp\/v2\/pages"}],"about":[{"href":"https:\/\/uibie.com\/index.php\/wp-json\/wp\/v2\/types\/page"}],"author":[{"embeddable":true,"href":"https:\/\/uibie.com\/index.php\/wp-json\/wp\/v2\/users\/1"}],"replies":[{"embeddable":true,"href":"https:\/\/uibie.com\/index.php\/wp-json\/wp\/v2\/comments?post=216"}],"version-history":[{"count":105,"href":"https:\/\/uibie.com\/index.php\/wp-json\/wp\/v2\/pages\/216\/revisions"}],"predecessor-version":[{"id":8728,"href":"https:\/\/uibie.com\/index.php\/wp-json\/wp\/v2\/pages\/216\/revisions\/8728"}],"wp:featuredmedia":[{"embeddable":true,"href":"https:\/\/uibie.com\/index.php\/wp-json\/wp\/v2\/media\/3030"}],"wp:attachment":[{"href":"https:\/\/uibie.com\/index.php\/wp-json\/wp\/v2\/media?parent=216"}],"curies":[{"name":"wp","href":"https:\/\/api.w.org\/{rel}","templated":true}]}}