{"id":1992,"date":"2019-08-24T09:26:42","date_gmt":"2019-08-24T08:26:42","guid":{"rendered":"https:\/\/uibie.com\/?page_id=1992"},"modified":"2024-12-03T13:57:44","modified_gmt":"2024-12-03T12:57:44","slug":"mentions-legales-du-site-www-uibie-com","status":"publish","type":"page","link":"https:\/\/uibie.com\/index.php\/mentions-legales-du-site-www-uibie-com\/","title":{"rendered":"Mentions l\u00e9gales"},"content":{"rendered":"<div id=\"pl-1992\"  class=\"panel-layout\" ><div id=\"pg-1992-0\"  class=\"panel-grid panel-no-style\" ><div id=\"pgc-1992-0-0\"  class=\"panel-grid-cell\" ><div id=\"panel-1992-0-0-0\" class=\"so-panel widget widget_black-studio-tinymce widget_black_studio_tinymce panel-first-child panel-last-child\" data-index=\"0\" ><h3 class=\"widget-title\"> Mention l\u00e9gales du site www.uibie.com<\/h3><div class=\"textwidget\"><p><span class=\"\" style=\"display:block;clear:both;height: 0px;padding-top: 100px;border-top-width:0px;border-bottom-width:0px;\"><\/span><img loading=\"lazy\" decoding=\"async\" class=\"aligncenter size-medium wp-image-7\" src=\"https:\/\/uibie.com\/wp-content\/uploads\/2016\/06\/Uibie_RVB_coul-300x165.png\" alt=\"Uibie apiculteur Calvados\" width=\"300\" height=\"165\" srcset=\"https:\/\/uibie.com\/wp-content\/uploads\/2016\/06\/Uibie_RVB_coul-300x165.png 300w, https:\/\/uibie.com\/wp-content\/uploads\/2016\/06\/Uibie_RVB_coul-1600x880.png 1600w, https:\/\/uibie.com\/wp-content\/uploads\/2016\/06\/Uibie_RVB_coul-768x423.png 768w, https:\/\/uibie.com\/wp-content\/uploads\/2016\/06\/Uibie_RVB_coul-1024x563.png 1024w, https:\/\/uibie.com\/wp-content\/uploads\/2016\/06\/Uibie_RVB_coul-50x28.png 50w\" sizes=\"(max-width: 300px) 100vw, 300px\" \/><\/p>\n<\/div><\/div><\/div><div id=\"pgc-1992-0-1\"  class=\"panel-grid-cell\" ><div id=\"panel-1992-0-1-0\" class=\"so-panel widget widget_black-studio-tinymce widget_black_studio_tinymce panel-first-child panel-last-child\" data-index=\"1\" ><h3 class=\"widget-title\">Mentions l\u00e9gales<\/h3><div class=\"textwidget\"><h3>G\u00e9rant :<\/h3>\n<p>Jason Garitan<br \/>\n10 chemin de la Chesnaie<br \/>\n14 320 Laize-Clinchamps<\/p>\n<p>Siret : 821 717 253 00016<br \/>\nN\u00b0 T.V.A. Intracommunautaire : FR 76 821 717 253<br \/>\nAPE : 0149Z-Elevage d'autres animaux<\/p>\n<p>06 32 05 77 28<br \/>\njason.garitan@uibie.com<\/p>\n<h3>Responsable publications :<\/h3>\n<p>Jason Garitan<br \/>\n4 rue Jean Rostand<br \/>\n14460 Colombelles<\/p>\n<p>06 32 05 77 28<br \/>\njason.garitan@uibie.com<\/p>\n<p>&nbsp;<\/p>\n<h3>H\u00e9bergeur:<\/h3>\n<p>SAS OVH<br \/>\n2 rue Kellermann<br \/>\n59100 Roubaix - France<\/p>\n<\/div><\/div><\/div><\/div><div id=\"pg-1992-1\"  class=\"panel-grid panel-no-style\" ><div id=\"pgc-1992-1-0\"  class=\"panel-grid-cell\" ><div id=\"panel-1992-1-0-0\" class=\"so-panel widget widget_black-studio-tinymce widget_black_studio_tinymce panel-first-child panel-last-child\" data-index=\"2\" ><div class=\"textwidget\"><h3><strong>Droits d'auteur et responsabilit\u00e9 :<\/strong><\/h3>\n<p>Tous les textes, images, vid\u00e9os, graphismes, logo, ic\u00f4nes, et contenus pr\u00e9sents sur le site<b> www.uibie.com<\/b> sont la propri\u00e9t\u00e9 de Jason Garitan.<\/p>\n<p>Sauf en cas d'autorisation formelle \u00e9crite et pr\u00e9alable, la reproduction ainsi que toute utilisation des contenus du site\u00a0<strong>www.uibie.com<\/strong>\u00a0autre que la consultation individuelle et priv\u00e9e sont interdites.<\/p>\n<p>Toute exploitation non autoris\u00e9e du site ou de l\u2019un des \u00e9l\u00e9ments qu\u2019il contient sera consid\u00e9r\u00e9e comme constitutive d\u2019une contrefa\u00e7on et poursuivie conform\u00e9ment aux dispositions des articles L.335-2 et suivants du Code de Propri\u00e9t\u00e9 Intellectuelle.<\/p>\n<p>Le site\u00a0<strong>www.uibie.com <\/strong>a pour objet de fournir une information concernant l\u2019activit\u00e9 de l'entreprise. Jason Garitan s\u2019efforce de fournir des informations aussi pr\u00e9cises que possible. Toutefois, il ne pourra \u00eatre tenu responsable des omissions, des inexactitudes et des carences dans la mise \u00e0 jour, qu\u2019elles soient de son fait ou du fait des tiers partenaires qui lui fournissent ces informations. Toutes les informations indiqu\u00e9es sur le site <strong>www.uibie.com <\/strong>sont donn\u00e9es \u00e0 titre indicatif, et sont susceptibles d\u2019\u00e9voluer.<\/p>\n<h3><strong>Informations personnelles et libert\u00e9s :<\/strong><\/h3>\n<p>Les informations recueillies font l\u2019objet d\u2019un traitement informatique et sont n\u00e9cessaires \u00e0 la gestion de la transaction et au bon d\u00e9roulement du processus de commande sur le site <strong>www.uibie.com<\/strong>. Le destinataire des donn\u00e9es est uniquement le site<strong> www.uibie.com.<\/strong><br \/>\nConform\u00e9ment \u00e0 la loi \u00ab informatique et libert\u00e9s \u00bb du 6 janvier 1978 modifi\u00e9e en 2004, vous b\u00e9n\u00e9ficiez d\u2019un droit d\u2019acc\u00e8s et de rectification aux informations qui vous concernent, que vous pouvez exercer en vous adressant \u00e0 jason.garitan@uibie.com . Vous pouvez \u00e9galement, pour des motifs l\u00e9gitimes, vous opposer au traitement des donn\u00e9es vous concernant.<\/p>\n<\/div><\/div><\/div><\/div><\/div>","protected":false},"excerpt":{"rendered":"<p>G\u00e9rant : Jason Garitan 10 chemin de la Chesnaie 14 320 Laize-Clinchamps Siret : 821 717 253 00016 N\u00b0 T.V.A. Intracommunautaire : FR 76 821 717 253 APE : 0149Z-Elevage d&rsquo;autres animaux 06 32 05 77 28 jason.garitan@uibie.com Responsable publications : Jason Garitan 4 rue Jean Rostand 14460 Colombelles 06 32 05 77 28 jason.garitan@uibie.com<a href=\"https:\/\/uibie.com\/index.php\/mentions-legales-du-site-www-uibie-com\/\">[&#8230;]<\/a><\/p>\n","protected":false},"author":1,"featured_media":0,"parent":0,"menu_order":0,"comment_status":"closed","ping_status":"closed","template":"template-fullwidth.php","meta":{"footnotes":""},"class_list":["post-1992","page","type-page","status-publish","hentry"],"wppr_data":{"cwp_meta_box_check":"No"},"yoast_head":"<!-- This site is optimized with the Yoast SEO plugin v24.0 - https:\/\/yoast.com\/wordpress\/plugins\/seo\/ -->\n<title>Mentions l\u00e9gales - Uibie<\/title>\n<meta name=\"robots\" content=\"index, follow, max-snippet:-1, max-image-preview:large, max-video-preview:-1\" \/>\n<link rel=\"canonical\" href=\"https:\/\/uibie.com\/index.php\/mentions-legales-du-site-www-uibie-com\/\" \/>\n<meta property=\"og:locale\" content=\"fr_FR\" \/>\n<meta property=\"og:type\" content=\"article\" \/>\n<meta property=\"og:title\" content=\"Mentions l\u00e9gales - Uibie\" \/>\n<meta property=\"og:description\" content=\"G\u00e9rant : Jason Garitan 10 chemin de la Chesnaie 14 320 Laize-Clinchamps Siret : 821 717 253 00016 N\u00b0 T.V.A. Intracommunautaire : FR 76 821 717 253 APE : 0149Z-Elevage d&#039;autres animaux 06 32 05 77 28 jason.garitan@uibie.com Responsable publications : Jason Garitan 4 rue Jean Rostand 14460 Colombelles 06 32 05 77 28 jason.garitan@uibie.com[...]\" \/>\n<meta property=\"og:url\" content=\"https:\/\/uibie.com\/index.php\/mentions-legales-du-site-www-uibie-com\/\" \/>\n<meta property=\"og:site_name\" content=\"Uibie\" \/>\n<meta property=\"article:publisher\" content=\"https:\/\/www.facebook.com\/uibieapiculture\/\" \/>\n<meta property=\"article:modified_time\" content=\"2024-12-03T12:57:44+00:00\" \/>\n<meta property=\"og:image\" content=\"https:\/\/uibie.com\/wp-content\/uploads\/2016\/06\/Uibie_RVB_coul-300x165.png\" \/>\n<meta name=\"twitter:card\" content=\"summary_large_image\" \/>\n<meta name=\"twitter:label1\" content=\"Dur\u00e9e de lecture estim\u00e9e\" \/>\n\t<meta name=\"twitter:data1\" content=\"2 minutes\" \/>\n<script type=\"application\/ld+json\" class=\"yoast-schema-graph\">{\"@context\":\"https:\/\/schema.org\",\"@graph\":[{\"@type\":\"WebPage\",\"@id\":\"https:\/\/uibie.com\/index.php\/mentions-legales-du-site-www-uibie-com\/\",\"url\":\"https:\/\/uibie.com\/index.php\/mentions-legales-du-site-www-uibie-com\/\",\"name\":\"Mentions l\u00e9gales - Uibie\",\"isPartOf\":{\"@id\":\"https:\/\/uibie.com\/#website\"},\"primaryImageOfPage\":{\"@id\":\"https:\/\/uibie.com\/index.php\/mentions-legales-du-site-www-uibie-com\/#primaryimage\"},\"image\":{\"@id\":\"https:\/\/uibie.com\/index.php\/mentions-legales-du-site-www-uibie-com\/#primaryimage\"},\"thumbnailUrl\":\"https:\/\/uibie.com\/wp-content\/uploads\/2016\/06\/Uibie_RVB_coul-300x165.png\",\"datePublished\":\"2019-08-24T08:26:42+00:00\",\"dateModified\":\"2024-12-03T12:57:44+00:00\",\"breadcrumb\":{\"@id\":\"https:\/\/uibie.com\/index.php\/mentions-legales-du-site-www-uibie-com\/#breadcrumb\"},\"inLanguage\":\"fr-FR\",\"potentialAction\":[{\"@type\":\"ReadAction\",\"target\":[\"https:\/\/uibie.com\/index.php\/mentions-legales-du-site-www-uibie-com\/\"]}]},{\"@type\":\"ImageObject\",\"inLanguage\":\"fr-FR\",\"@id\":\"https:\/\/uibie.com\/index.php\/mentions-legales-du-site-www-uibie-com\/#primaryimage\",\"url\":\"https:\/\/uibie.com\/wp-content\/uploads\/2016\/06\/Uibie_RVB_coul.png\",\"contentUrl\":\"https:\/\/uibie.com\/wp-content\/uploads\/2016\/06\/Uibie_RVB_coul.png\",\"width\":2363,\"height\":1300,\"caption\":\"Uibie apiculteur Calvados\"},{\"@type\":\"BreadcrumbList\",\"@id\":\"https:\/\/uibie.com\/index.php\/mentions-legales-du-site-www-uibie-com\/#breadcrumb\",\"itemListElement\":[{\"@type\":\"ListItem\",\"position\":1,\"name\":\"Accueil\",\"item\":\"https:\/\/uibie.com\/\"},{\"@type\":\"ListItem\",\"position\":2,\"name\":\"Mentions l\u00e9gales\"}]},{\"@type\":\"WebSite\",\"@id\":\"https:\/\/uibie.com\/#website\",\"url\":\"https:\/\/uibie.com\/\",\"name\":\"Uibie\",\"description\":\"L&#039;apiculture avec Jason Garitan\",\"publisher\":{\"@id\":\"https:\/\/uibie.com\/#organization\"},\"potentialAction\":[{\"@type\":\"SearchAction\",\"target\":{\"@type\":\"EntryPoint\",\"urlTemplate\":\"https:\/\/uibie.com\/?s={search_term_string}\"},\"query-input\":{\"@type\":\"PropertyValueSpecification\",\"valueRequired\":true,\"valueName\":\"search_term_string\"}}],\"inLanguage\":\"fr-FR\"},{\"@type\":\"Organization\",\"@id\":\"https:\/\/uibie.com\/#organization\",\"name\":\"Uibie : apiculture urbaine avec Jason Garitan\",\"url\":\"https:\/\/uibie.com\/\",\"logo\":{\"@type\":\"ImageObject\",\"inLanguage\":\"fr-FR\",\"@id\":\"https:\/\/uibie.com\/#\/schema\/logo\/image\/\",\"url\":\"https:\/\/uibie.com\/wp-content\/uploads\/2017\/07\/Uibie_FB_Pro1.png\",\"contentUrl\":\"https:\/\/uibie.com\/wp-content\/uploads\/2017\/07\/Uibie_FB_Pro1.png\",\"width\":400,\"height\":400,\"caption\":\"Uibie : apiculture urbaine avec Jason Garitan\"},\"image\":{\"@id\":\"https:\/\/uibie.com\/#\/schema\/logo\/image\/\"},\"sameAs\":[\"https:\/\/www.facebook.com\/uibieapiculture\/\",\"https:\/\/www.instagram.com\/uibieapiculture\/\",\"https:\/\/fr.linkedin.com\/in\/jason-garitan-94a23a135\"]}]}<\/script>\n<!-- \/ Yoast SEO plugin. -->","yoast_head_json":{"title":"Mentions l\u00e9gales - Uibie","robots":{"index":"index","follow":"follow","max-snippet":"max-snippet:-1","max-image-preview":"max-image-preview:large","max-video-preview":"max-video-preview:-1"},"canonical":"https:\/\/uibie.com\/index.php\/mentions-legales-du-site-www-uibie-com\/","og_locale":"fr_FR","og_type":"article","og_title":"Mentions l\u00e9gales - Uibie","og_description":"G\u00e9rant : Jason Garitan 10 chemin de la Chesnaie 14 320 Laize-Clinchamps Siret : 821 717 253 00016 N\u00b0 T.V.A. Intracommunautaire : FR 76 821 717 253 APE : 0149Z-Elevage d'autres animaux 06 32 05 77 28 jason.garitan@uibie.com Responsable publications : Jason Garitan 4 rue Jean Rostand 14460 Colombelles 06 32 05 77 28 jason.garitan@uibie.com[...]","og_url":"https:\/\/uibie.com\/index.php\/mentions-legales-du-site-www-uibie-com\/","og_site_name":"Uibie","article_publisher":"https:\/\/www.facebook.com\/uibieapiculture\/","article_modified_time":"2024-12-03T12:57:44+00:00","og_image":[{"url":"https:\/\/uibie.com\/wp-content\/uploads\/2016\/06\/Uibie_RVB_coul-300x165.png","type":"","width":"","height":""}],"twitter_card":"summary_large_image","twitter_misc":{"Dur\u00e9e de lecture estim\u00e9e":"2 minutes"},"schema":{"@context":"https:\/\/schema.org","@graph":[{"@type":"WebPage","@id":"https:\/\/uibie.com\/index.php\/mentions-legales-du-site-www-uibie-com\/","url":"https:\/\/uibie.com\/index.php\/mentions-legales-du-site-www-uibie-com\/","name":"Mentions l\u00e9gales - Uibie","isPartOf":{"@id":"https:\/\/uibie.com\/#website"},"primaryImageOfPage":{"@id":"https:\/\/uibie.com\/index.php\/mentions-legales-du-site-www-uibie-com\/#primaryimage"},"image":{"@id":"https:\/\/uibie.com\/index.php\/mentions-legales-du-site-www-uibie-com\/#primaryimage"},"thumbnailUrl":"https:\/\/uibie.com\/wp-content\/uploads\/2016\/06\/Uibie_RVB_coul-300x165.png","datePublished":"2019-08-24T08:26:42+00:00","dateModified":"2024-12-03T12:57:44+00:00","breadcrumb":{"@id":"https:\/\/uibie.com\/index.php\/mentions-legales-du-site-www-uibie-com\/#breadcrumb"},"inLanguage":"fr-FR","potentialAction":[{"@type":"ReadAction","target":["https:\/\/uibie.com\/index.php\/mentions-legales-du-site-www-uibie-com\/"]}]},{"@type":"ImageObject","inLanguage":"fr-FR","@id":"https:\/\/uibie.com\/index.php\/mentions-legales-du-site-www-uibie-com\/#primaryimage","url":"https:\/\/uibie.com\/wp-content\/uploads\/2016\/06\/Uibie_RVB_coul.png","contentUrl":"https:\/\/uibie.com\/wp-content\/uploads\/2016\/06\/Uibie_RVB_coul.png","width":2363,"height":1300,"caption":"Uibie apiculteur Calvados"},{"@type":"BreadcrumbList","@id":"https:\/\/uibie.com\/index.php\/mentions-legales-du-site-www-uibie-com\/#breadcrumb","itemListElement":[{"@type":"ListItem","position":1,"name":"Accueil","item":"https:\/\/uibie.com\/"},{"@type":"ListItem","position":2,"name":"Mentions l\u00e9gales"}]},{"@type":"WebSite","@id":"https:\/\/uibie.com\/#website","url":"https:\/\/uibie.com\/","name":"Uibie","description":"L&#039;apiculture avec Jason Garitan","publisher":{"@id":"https:\/\/uibie.com\/#organization"},"potentialAction":[{"@type":"SearchAction","target":{"@type":"EntryPoint","urlTemplate":"https:\/\/uibie.com\/?s={search_term_string}"},"query-input":{"@type":"PropertyValueSpecification","valueRequired":true,"valueName":"search_term_string"}}],"inLanguage":"fr-FR"},{"@type":"Organization","@id":"https:\/\/uibie.com\/#organization","name":"Uibie : apiculture urbaine avec Jason Garitan","url":"https:\/\/uibie.com\/","logo":{"@type":"ImageObject","inLanguage":"fr-FR","@id":"https:\/\/uibie.com\/#\/schema\/logo\/image\/","url":"https:\/\/uibie.com\/wp-content\/uploads\/2017\/07\/Uibie_FB_Pro1.png","contentUrl":"https:\/\/uibie.com\/wp-content\/uploads\/2017\/07\/Uibie_FB_Pro1.png","width":400,"height":400,"caption":"Uibie : apiculture urbaine avec Jason Garitan"},"image":{"@id":"https:\/\/uibie.com\/#\/schema\/logo\/image\/"},"sameAs":["https:\/\/www.facebook.com\/uibieapiculture\/","https:\/\/www.instagram.com\/uibieapiculture\/","https:\/\/fr.linkedin.com\/in\/jason-garitan-94a23a135"]}]}},"jetpack_sharing_enabled":true,"_links":{"self":[{"href":"https:\/\/uibie.com\/index.php\/wp-json\/wp\/v2\/pages\/1992"}],"collection":[{"href":"https:\/\/uibie.com\/index.php\/wp-json\/wp\/v2\/pages"}],"about":[{"href":"https:\/\/uibie.com\/index.php\/wp-json\/wp\/v2\/types\/page"}],"author":[{"embeddable":true,"href":"https:\/\/uibie.com\/index.php\/wp-json\/wp\/v2\/users\/1"}],"replies":[{"embeddable":true,"href":"https:\/\/uibie.com\/index.php\/wp-json\/wp\/v2\/comments?post=1992"}],"version-history":[{"count":13,"href":"https:\/\/uibie.com\/index.php\/wp-json\/wp\/v2\/pages\/1992\/revisions"}],"predecessor-version":[{"id":8689,"href":"https:\/\/uibie.com\/index.php\/wp-json\/wp\/v2\/pages\/1992\/revisions\/8689"}],"wp:attachment":[{"href":"https:\/\/uibie.com\/index.php\/wp-json\/wp\/v2\/media?parent=1992"}],"curies":[{"name":"wp","href":"https:\/\/api.w.org\/{rel}","templated":true}]}}