{"id":1658,"date":"2018-08-09T17:11:54","date_gmt":"2018-08-09T16:11:54","guid":{"rendered":"https:\/\/uibie.com\/?page_id=1658"},"modified":"2020-01-20T15:42:17","modified_gmt":"2020-01-20T14:42:17","slug":"article-uibie","status":"publish","type":"page","link":"https:\/\/uibie.com\/index.php\/article-uibie\/","title":{"rendered":"Ils parlent de Uibie"},"content":{"rendered":"<div id=\"pl-1658\"  class=\"panel-layout\" ><div id=\"pg-1658-0\"  class=\"panel-grid panel-no-style\" ><div id=\"pgc-1658-0-0\"  class=\"panel-grid-cell panel-grid-cell-empty\" ><\/div><div id=\"pgc-1658-0-1\"  class=\"panel-grid-cell panel-grid-cell-mobile-last\" ><div id=\"panel-1658-0-1-0\" class=\"so-panel widget widget_black-studio-tinymce widget_black_studio_tinymce panel-first-child panel-last-child\" data-index=\"0\" ><div class=\"textwidget\"><p>Veuillez trouver ici une liste non exhaustive d'articles qui parlent de Uibie. Vous pourrez en d\u00e9couvrir plus sur notre <a href=\"http:\/\/www.uibie.com\">entreprise familiale<\/a> ! Cr\u00e9\u00e9 en 2016 par Jason Garitan, dans le but de reprendre l'activit\u00e9 de son p\u00e8re, l'exploitation compte en 2020, 300 ruches en productions de miel sur le territoire Normand. Uibie, c'est aussi des partenariats avec des entreprises qui souhaitent s'engager dans une <a href=\"http:\/\/uibie.com\/index.php\/ruches-en-entreprise\/\">d\u00e9marche R.S.E.<\/a><\/p>\n<\/div><\/div><\/div><div id=\"pgc-1658-0-2\"  class=\"panel-grid-cell panel-grid-cell-empty\" ><\/div><\/div><div id=\"pg-1658-1\"  class=\"panel-grid panel-no-style\" ><div id=\"pgc-1658-1-0\"  class=\"panel-grid-cell\" ><div id=\"panel-1658-1-0-0\" class=\"so-panel widget widget_black-studio-tinymce widget_black_studio_tinymce panel-first-child panel-last-child\" data-index=\"1\" ><div class=\"textwidget\"><p><a href=\"https:\/\/www.youtube.com\/watch?v=yJ-C-FedzWI\"><img loading=\"lazy\" decoding=\"async\" class=\"aligncenter wp-image-1659 size-full\" src=\"https:\/\/uibie.com\/wp-content\/uploads\/2018\/08\/france-3.jpg\" alt=\"apiculteur 14\" width=\"202\" height=\"202\" srcset=\"https:\/\/uibie.com\/wp-content\/uploads\/2018\/08\/france-3.jpg 202w, https:\/\/uibie.com\/wp-content\/uploads\/2018\/08\/france-3-165x165.jpg 165w, https:\/\/uibie.com\/wp-content\/uploads\/2018\/08\/france-3-150x150.jpg 150w, https:\/\/uibie.com\/wp-content\/uploads\/2018\/08\/france-3-73x73.jpg 73w, https:\/\/uibie.com\/wp-content\/uploads\/2018\/08\/france-3-174x174.jpg 174w\" sizes=\"(max-width: 202px) 100vw, 202px\" \/><\/a><\/p>\n<\/div><\/div><\/div><div id=\"pgc-1658-1-1\"  class=\"panel-grid-cell\" ><div id=\"panel-1658-1-1-0\" class=\"so-panel widget widget_black-studio-tinymce widget_black_studio_tinymce panel-first-child panel-last-child\" data-index=\"2\" ><div class=\"textwidget\"><p>\u00a0<\/p>\n<p><a href=\"https:\/\/www.ouest-france.fr\/normandie\/apiculture-les-ruches-fleurissent-sur-les-toits-d-entreprises-caen-5064085\"><img loading=\"lazy\" decoding=\"async\" class=\"aligncenter wp-image-1660 size-medium\" src=\"https:\/\/uibie.com\/wp-content\/uploads\/2018\/08\/oueste-france-300x102.png\" alt=\"apiculteur normandie\" width=\"300\" height=\"102\" srcset=\"https:\/\/uibie.com\/wp-content\/uploads\/2018\/08\/oueste-france-300x102.png 300w, https:\/\/uibie.com\/wp-content\/uploads\/2018\/08\/oueste-france.png 385w\" sizes=\"(max-width: 300px) 100vw, 300px\" \/><\/a><\/p>\n<p>\u00a0<\/p>\n<p>\u00a0<\/p>\n<p>\u00a0<\/p>\n<\/div><\/div><\/div><div id=\"pgc-1658-1-2\"  class=\"panel-grid-cell\" ><div id=\"panel-1658-1-2-0\" class=\"so-panel widget widget_black-studio-tinymce widget_black_studio_tinymce panel-first-child panel-last-child\" data-index=\"3\" ><div class=\"textwidget\"><p><a href=\"https:\/\/actu.fr\/normandie\/alencon_61001\/conde-sur-sarthe-une-belle-recolte-sur-toit-lhypermarche_18090025.html\"><span class=\"\" style=\"display:block;clear:both;height: 0px;padding-top: 50px;border-top-width:0px;border-bottom-width:0px;\"><\/span><img loading=\"lazy\" decoding=\"async\" class=\"wp-image-1661 size-medium aligncenter\" src=\"https:\/\/uibie.com\/wp-content\/uploads\/2018\/08\/t\u00e9l\u00e9chargement-1-300x134.png\" alt=\"uibie apiculture\" width=\"300\" height=\"134\" srcset=\"https:\/\/uibie.com\/wp-content\/uploads\/2018\/08\/t\u00e9l\u00e9chargement-1-300x134.png 300w, https:\/\/uibie.com\/wp-content\/uploads\/2018\/08\/t\u00e9l\u00e9chargement-1.png 337w\" sizes=\"(max-width: 300px) 100vw, 300px\" \/><\/a><\/p>\n<\/div><\/div><\/div><div id=\"pgc-1658-1-3\"  class=\"panel-grid-cell panel-grid-cell-mobile-last\" ><div id=\"panel-1658-1-3-0\" class=\"so-panel widget widget_black-studio-tinymce widget_black_studio_tinymce panel-first-child panel-last-child\" data-index=\"4\" ><div class=\"textwidget\"><p>\u00a0<\/p>\n<p><a href=\"https:\/\/www.20minutes.fr\/faits_divers\/2269423-20180511-normandie-recrudescence-vols-ruches-apiculteurs-amateurs-suspectes\"><img loading=\"lazy\" decoding=\"async\" class=\"aligncenter wp-image-1663 size-thumbnail\" src=\"https:\/\/uibie.com\/wp-content\/uploads\/2018\/08\/t\u00e9l\u00e9chargement-150x150.png\" alt=\"uibie apiculture\" width=\"150\" height=\"150\" srcset=\"https:\/\/uibie.com\/wp-content\/uploads\/2018\/08\/t\u00e9l\u00e9chargement-150x150.png 150w, https:\/\/uibie.com\/wp-content\/uploads\/2018\/08\/t\u00e9l\u00e9chargement-165x165.png 165w, https:\/\/uibie.com\/wp-content\/uploads\/2018\/08\/t\u00e9l\u00e9chargement-73x73.png 73w, https:\/\/uibie.com\/wp-content\/uploads\/2018\/08\/t\u00e9l\u00e9chargement-174x174.png 174w, https:\/\/uibie.com\/wp-content\/uploads\/2018\/08\/t\u00e9l\u00e9chargement.png 225w\" sizes=\"(max-width: 150px) 100vw, 150px\" \/><\/a><\/p>\n<\/div><\/div><\/div><div id=\"pgc-1658-1-4\"  class=\"panel-grid-cell panel-grid-cell-empty\" ><\/div><\/div><\/div>","protected":false},"excerpt":{"rendered":"<p>Veuillez trouver ici une liste non exhaustive d&rsquo;articles qui parlent de Uibie. Vous pourrez en d\u00e9couvrir plus sur notre entreprise familiale ! Cr\u00e9\u00e9 en 2016 par Jason Garitan, dans le but de reprendre l&rsquo;activit\u00e9 de son p\u00e8re, l&rsquo;exploitation compte en 2020, 300 ruches en productions de miel sur le territoire Normand. Uibie, c&rsquo;est aussi des<a href=\"https:\/\/uibie.com\/index.php\/article-uibie\/\">[&#8230;]<\/a><\/p>\n","protected":false},"author":1,"featured_media":0,"parent":0,"menu_order":0,"comment_status":"closed","ping_status":"closed","template":"template-fullwidth.php","meta":{"footnotes":""},"class_list":["post-1658","page","type-page","status-publish","hentry"],"wppr_data":{"cwp_meta_box_check":"No"},"yoast_head":"<!-- This site is optimized with the Yoast SEO plugin v24.0 - https:\/\/yoast.com\/wordpress\/plugins\/seo\/ -->\n<title>Ils parlent de Uibie - Uibie<\/title>\n<meta name=\"description\" content=\"Vous trouverez ici une liste non exhaustive d&#039;article sur Uibie. L&#039;occasion pour vous de d\u00e9couvrir notre activit\u00e9 \u00e0 travers des articles de presse.\" \/>\n<meta name=\"robots\" content=\"index, follow, max-snippet:-1, max-image-preview:large, max-video-preview:-1\" \/>\n<link rel=\"canonical\" href=\"https:\/\/uibie.com\/index.php\/article-uibie\/\" \/>\n<meta property=\"og:locale\" content=\"fr_FR\" \/>\n<meta property=\"og:type\" content=\"article\" \/>\n<meta property=\"og:title\" content=\"Ils parlent de Uibie - Uibie\" \/>\n<meta property=\"og:description\" content=\"Vous trouverez ici une liste non exhaustive d&#039;article sur Uibie. L&#039;occasion pour vous de d\u00e9couvrir notre activit\u00e9 \u00e0 travers des articles de presse.\" \/>\n<meta property=\"og:url\" content=\"https:\/\/uibie.com\/index.php\/article-uibie\/\" \/>\n<meta property=\"og:site_name\" content=\"Uibie\" \/>\n<meta property=\"article:publisher\" content=\"https:\/\/www.facebook.com\/uibieapiculture\/\" \/>\n<meta property=\"article:modified_time\" content=\"2020-01-20T14:42:17+00:00\" \/>\n<meta property=\"og:image\" content=\"https:\/\/uibie.com\/wp-content\/uploads\/2018\/08\/france-3.jpg\" \/>\n<meta name=\"twitter:card\" content=\"summary_large_image\" \/>\n<script type=\"application\/ld+json\" class=\"yoast-schema-graph\">{\"@context\":\"https:\/\/schema.org\",\"@graph\":[{\"@type\":\"WebPage\",\"@id\":\"https:\/\/uibie.com\/index.php\/article-uibie\/\",\"url\":\"https:\/\/uibie.com\/index.php\/article-uibie\/\",\"name\":\"Ils parlent de Uibie - Uibie\",\"isPartOf\":{\"@id\":\"https:\/\/uibie.com\/#website\"},\"primaryImageOfPage\":{\"@id\":\"https:\/\/uibie.com\/index.php\/article-uibie\/#primaryimage\"},\"image\":{\"@id\":\"https:\/\/uibie.com\/index.php\/article-uibie\/#primaryimage\"},\"thumbnailUrl\":\"https:\/\/uibie.com\/wp-content\/uploads\/2018\/08\/france-3.jpg\",\"datePublished\":\"2018-08-09T16:11:54+00:00\",\"dateModified\":\"2020-01-20T14:42:17+00:00\",\"description\":\"Vous trouverez ici une liste non exhaustive d'article sur Uibie. L'occasion pour vous de d\u00e9couvrir notre activit\u00e9 \u00e0 travers des articles de presse.\",\"breadcrumb\":{\"@id\":\"https:\/\/uibie.com\/index.php\/article-uibie\/#breadcrumb\"},\"inLanguage\":\"fr-FR\",\"potentialAction\":[{\"@type\":\"ReadAction\",\"target\":[\"https:\/\/uibie.com\/index.php\/article-uibie\/\"]}]},{\"@type\":\"ImageObject\",\"inLanguage\":\"fr-FR\",\"@id\":\"https:\/\/uibie.com\/index.php\/article-uibie\/#primaryimage\",\"url\":\"https:\/\/uibie.com\/wp-content\/uploads\/2018\/08\/france-3.jpg\",\"contentUrl\":\"https:\/\/uibie.com\/wp-content\/uploads\/2018\/08\/france-3.jpg\",\"width\":202,\"height\":202,\"caption\":\"apiculteur 14\"},{\"@type\":\"BreadcrumbList\",\"@id\":\"https:\/\/uibie.com\/index.php\/article-uibie\/#breadcrumb\",\"itemListElement\":[{\"@type\":\"ListItem\",\"position\":1,\"name\":\"Accueil\",\"item\":\"https:\/\/uibie.com\/\"},{\"@type\":\"ListItem\",\"position\":2,\"name\":\"Ils parlent de Uibie\"}]},{\"@type\":\"WebSite\",\"@id\":\"https:\/\/uibie.com\/#website\",\"url\":\"https:\/\/uibie.com\/\",\"name\":\"Uibie\",\"description\":\"L&#039;apiculture avec Jason Garitan\",\"publisher\":{\"@id\":\"https:\/\/uibie.com\/#organization\"},\"potentialAction\":[{\"@type\":\"SearchAction\",\"target\":{\"@type\":\"EntryPoint\",\"urlTemplate\":\"https:\/\/uibie.com\/?s={search_term_string}\"},\"query-input\":{\"@type\":\"PropertyValueSpecification\",\"valueRequired\":true,\"valueName\":\"search_term_string\"}}],\"inLanguage\":\"fr-FR\"},{\"@type\":\"Organization\",\"@id\":\"https:\/\/uibie.com\/#organization\",\"name\":\"Uibie : apiculture urbaine avec Jason Garitan\",\"url\":\"https:\/\/uibie.com\/\",\"logo\":{\"@type\":\"ImageObject\",\"inLanguage\":\"fr-FR\",\"@id\":\"https:\/\/uibie.com\/#\/schema\/logo\/image\/\",\"url\":\"https:\/\/uibie.com\/wp-content\/uploads\/2017\/07\/Uibie_FB_Pro1.png\",\"contentUrl\":\"https:\/\/uibie.com\/wp-content\/uploads\/2017\/07\/Uibie_FB_Pro1.png\",\"width\":400,\"height\":400,\"caption\":\"Uibie : apiculture urbaine avec Jason Garitan\"},\"image\":{\"@id\":\"https:\/\/uibie.com\/#\/schema\/logo\/image\/\"},\"sameAs\":[\"https:\/\/www.facebook.com\/uibieapiculture\/\",\"https:\/\/www.instagram.com\/uibieapiculture\/\",\"https:\/\/fr.linkedin.com\/in\/jason-garitan-94a23a135\"]}]}<\/script>\n<!-- \/ Yoast SEO plugin. -->","yoast_head_json":{"title":"Ils parlent de Uibie - Uibie","description":"Vous trouverez ici une liste non exhaustive d'article sur Uibie. L'occasion pour vous de d\u00e9couvrir notre activit\u00e9 \u00e0 travers des articles de presse.","robots":{"index":"index","follow":"follow","max-snippet":"max-snippet:-1","max-image-preview":"max-image-preview:large","max-video-preview":"max-video-preview:-1"},"canonical":"https:\/\/uibie.com\/index.php\/article-uibie\/","og_locale":"fr_FR","og_type":"article","og_title":"Ils parlent de Uibie - Uibie","og_description":"Vous trouverez ici une liste non exhaustive d'article sur Uibie. L'occasion pour vous de d\u00e9couvrir notre activit\u00e9 \u00e0 travers des articles de presse.","og_url":"https:\/\/uibie.com\/index.php\/article-uibie\/","og_site_name":"Uibie","article_publisher":"https:\/\/www.facebook.com\/uibieapiculture\/","article_modified_time":"2020-01-20T14:42:17+00:00","og_image":[{"url":"https:\/\/uibie.com\/wp-content\/uploads\/2018\/08\/france-3.jpg","type":"","width":"","height":""}],"twitter_card":"summary_large_image","schema":{"@context":"https:\/\/schema.org","@graph":[{"@type":"WebPage","@id":"https:\/\/uibie.com\/index.php\/article-uibie\/","url":"https:\/\/uibie.com\/index.php\/article-uibie\/","name":"Ils parlent de Uibie - Uibie","isPartOf":{"@id":"https:\/\/uibie.com\/#website"},"primaryImageOfPage":{"@id":"https:\/\/uibie.com\/index.php\/article-uibie\/#primaryimage"},"image":{"@id":"https:\/\/uibie.com\/index.php\/article-uibie\/#primaryimage"},"thumbnailUrl":"https:\/\/uibie.com\/wp-content\/uploads\/2018\/08\/france-3.jpg","datePublished":"2018-08-09T16:11:54+00:00","dateModified":"2020-01-20T14:42:17+00:00","description":"Vous trouverez ici une liste non exhaustive d'article sur Uibie. L'occasion pour vous de d\u00e9couvrir notre activit\u00e9 \u00e0 travers des articles de presse.","breadcrumb":{"@id":"https:\/\/uibie.com\/index.php\/article-uibie\/#breadcrumb"},"inLanguage":"fr-FR","potentialAction":[{"@type":"ReadAction","target":["https:\/\/uibie.com\/index.php\/article-uibie\/"]}]},{"@type":"ImageObject","inLanguage":"fr-FR","@id":"https:\/\/uibie.com\/index.php\/article-uibie\/#primaryimage","url":"https:\/\/uibie.com\/wp-content\/uploads\/2018\/08\/france-3.jpg","contentUrl":"https:\/\/uibie.com\/wp-content\/uploads\/2018\/08\/france-3.jpg","width":202,"height":202,"caption":"apiculteur 14"},{"@type":"BreadcrumbList","@id":"https:\/\/uibie.com\/index.php\/article-uibie\/#breadcrumb","itemListElement":[{"@type":"ListItem","position":1,"name":"Accueil","item":"https:\/\/uibie.com\/"},{"@type":"ListItem","position":2,"name":"Ils parlent de Uibie"}]},{"@type":"WebSite","@id":"https:\/\/uibie.com\/#website","url":"https:\/\/uibie.com\/","name":"Uibie","description":"L&#039;apiculture avec Jason Garitan","publisher":{"@id":"https:\/\/uibie.com\/#organization"},"potentialAction":[{"@type":"SearchAction","target":{"@type":"EntryPoint","urlTemplate":"https:\/\/uibie.com\/?s={search_term_string}"},"query-input":{"@type":"PropertyValueSpecification","valueRequired":true,"valueName":"search_term_string"}}],"inLanguage":"fr-FR"},{"@type":"Organization","@id":"https:\/\/uibie.com\/#organization","name":"Uibie : apiculture urbaine avec Jason Garitan","url":"https:\/\/uibie.com\/","logo":{"@type":"ImageObject","inLanguage":"fr-FR","@id":"https:\/\/uibie.com\/#\/schema\/logo\/image\/","url":"https:\/\/uibie.com\/wp-content\/uploads\/2017\/07\/Uibie_FB_Pro1.png","contentUrl":"https:\/\/uibie.com\/wp-content\/uploads\/2017\/07\/Uibie_FB_Pro1.png","width":400,"height":400,"caption":"Uibie : apiculture urbaine avec Jason Garitan"},"image":{"@id":"https:\/\/uibie.com\/#\/schema\/logo\/image\/"},"sameAs":["https:\/\/www.facebook.com\/uibieapiculture\/","https:\/\/www.instagram.com\/uibieapiculture\/","https:\/\/fr.linkedin.com\/in\/jason-garitan-94a23a135"]}]}},"jetpack_sharing_enabled":true,"_links":{"self":[{"href":"https:\/\/uibie.com\/index.php\/wp-json\/wp\/v2\/pages\/1658"}],"collection":[{"href":"https:\/\/uibie.com\/index.php\/wp-json\/wp\/v2\/pages"}],"about":[{"href":"https:\/\/uibie.com\/index.php\/wp-json\/wp\/v2\/types\/page"}],"author":[{"embeddable":true,"href":"https:\/\/uibie.com\/index.php\/wp-json\/wp\/v2\/users\/1"}],"replies":[{"embeddable":true,"href":"https:\/\/uibie.com\/index.php\/wp-json\/wp\/v2\/comments?post=1658"}],"version-history":[{"count":15,"href":"https:\/\/uibie.com\/index.php\/wp-json\/wp\/v2\/pages\/1658\/revisions"}],"predecessor-version":[{"id":5840,"href":"https:\/\/uibie.com\/index.php\/wp-json\/wp\/v2\/pages\/1658\/revisions\/5840"}],"wp:attachment":[{"href":"https:\/\/uibie.com\/index.php\/wp-json\/wp\/v2\/media?parent=1658"}],"curies":[{"name":"wp","href":"https:\/\/api.w.org\/{rel}","templated":true}]}}